{"id":12415,"date":"2023-11-30T11:49:05","date_gmt":"2023-11-30T10:49:05","guid":{"rendered":"https:\/\/agiomilano.com\/zlote-zasady-swiadomej-kobiety"},"modified":"2024-08-06T12:11:15","modified_gmt":"2024-08-06T10:11:15","slug":"zlote-zasady-swiadomej-kobiety","status":"publish","type":"page","link":"https:\/\/agiomilano.com\/en\/zlote-zasady-swiadomej-kobiety","title":{"rendered":"GOLDEN RULES OF A CONSCIOUS WOMAN\u00a0"},"content":{"rendered":"","protected":false},"excerpt":{"rendered":"","protected":false},"author":4,"featured_media":4274,"parent":0,"menu_order":0,"comment_status":"closed","ping_status":"closed","template":"templates\/DefaultPage\/DefaultPage.php","meta":{"_acf_changed":false},"class_list":["post-12415","page","type-page","status-publish","has-post-thumbnail","hentry"],"acf":[],"yoast_head":"<!-- This site is optimized with the Yoast SEO plugin v27.4 - https:\/\/yoast.com\/product\/yoast-seo-wordpress\/ -->\n<title>GOLDEN RULES OF A CONSCIOUS WOMAN\u00a0 - agiomilano<\/title>\n<meta name=\"description\" content=\"Wi\u0119kszo\u015b\u0107 kobiet nosi sw\u00f3j biustonosz ponad pi\u0119tna\u015bcie godzin dziennie, dlatego potrzebuj\u0105 czu\u0107 si\u0119 w nim wyj\u0105tkowo komfortowo\" \/>\n<meta name=\"robots\" content=\"index, follow, max-snippet:-1, max-image-preview:large, max-video-preview:-1\" \/>\n<link rel=\"canonical\" href=\"https:\/\/agiomilano.com\/en\/zlote-zasady-swiadomej-kobiety\" \/>\n<meta property=\"og:locale\" content=\"en_US\" \/>\n<meta property=\"og:type\" content=\"article\" \/>\n<meta property=\"og:title\" content=\"GOLDEN RULES OF A CONSCIOUS WOMAN\u00a0 - agiomilano\" \/>\n<meta property=\"og:description\" content=\"Wi\u0119kszo\u015b\u0107 kobiet nosi sw\u00f3j biustonosz ponad pi\u0119tna\u015bcie godzin dziennie, dlatego potrzebuj\u0105 czu\u0107 si\u0119 w nim wyj\u0105tkowo komfortowo\" \/>\n<meta property=\"og:url\" content=\"https:\/\/agiomilano.com\/en\/zlote-zasady-swiadomej-kobiety\" \/>\n<meta property=\"og:site_name\" content=\"agiomilano\" \/>\n<meta property=\"article:modified_time\" content=\"2024-08-06T10:11:15+00:00\" \/>\n<meta property=\"og:image\" content=\"https:\/\/agiomilano.com\/wp-content\/uploads\/2023\/11\/DSC_6565_1.jpg\" \/>\n\t<meta property=\"og:image:width\" content=\"870\" \/>\n\t<meta property=\"og:image:height\" content=\"1200\" \/>\n\t<meta property=\"og:image:type\" content=\"image\/jpeg\" \/>\n<meta name=\"twitter:card\" content=\"summary_large_image\" \/>\n<script type=\"application\/ld+json\" class=\"yoast-schema-graph\">{\"@context\":\"https:\\\/\\\/schema.org\",\"@graph\":[{\"@type\":\"WebPage\",\"@id\":\"https:\\\/\\\/agiomilano.com\\\/en\\\/zlote-zasady-swiadomej-kobiety\",\"url\":\"https:\\\/\\\/agiomilano.com\\\/en\\\/zlote-zasady-swiadomej-kobiety\",\"name\":\"GOLDEN RULES OF A CONSCIOUS WOMAN\u00a0 - agiomilano\",\"isPartOf\":{\"@id\":\"https:\\\/\\\/agiomilano.com\\\/#website\"},\"primaryImageOfPage\":{\"@id\":\"https:\\\/\\\/agiomilano.com\\\/en\\\/zlote-zasady-swiadomej-kobiety#primaryimage\"},\"image\":{\"@id\":\"https:\\\/\\\/agiomilano.com\\\/en\\\/zlote-zasady-swiadomej-kobiety#primaryimage\"},\"thumbnailUrl\":\"https:\\\/\\\/agiomilano.com\\\/wp-content\\\/uploads\\\/2023\\\/11\\\/DSC_6565_1.jpg\",\"datePublished\":\"2023-11-30T10:49:05+00:00\",\"dateModified\":\"2024-08-06T10:11:15+00:00\",\"description\":\"Wi\u0119kszo\u015b\u0107 kobiet nosi sw\u00f3j biustonosz ponad pi\u0119tna\u015bcie godzin dziennie, dlatego potrzebuj\u0105 czu\u0107 si\u0119 w nim wyj\u0105tkowo komfortowo\",\"breadcrumb\":{\"@id\":\"https:\\\/\\\/agiomilano.com\\\/en\\\/zlote-zasady-swiadomej-kobiety#breadcrumb\"},\"inLanguage\":\"en-US\",\"potentialAction\":[{\"@type\":\"ReadAction\",\"target\":[\"https:\\\/\\\/agiomilano.com\\\/en\\\/zlote-zasady-swiadomej-kobiety\"]}]},{\"@type\":\"ImageObject\",\"inLanguage\":\"en-US\",\"@id\":\"https:\\\/\\\/agiomilano.com\\\/en\\\/zlote-zasady-swiadomej-kobiety#primaryimage\",\"url\":\"https:\\\/\\\/agiomilano.com\\\/wp-content\\\/uploads\\\/2023\\\/11\\\/DSC_6565_1.jpg\",\"contentUrl\":\"https:\\\/\\\/agiomilano.com\\\/wp-content\\\/uploads\\\/2023\\\/11\\\/DSC_6565_1.jpg\",\"width\":870,\"height\":1200,\"caption\":\"Poradnik, \u015bwiadoma kobieta, czarna bielizna, jak nosic biustonosz\"},{\"@type\":\"BreadcrumbList\",\"@id\":\"https:\\\/\\\/agiomilano.com\\\/en\\\/zlote-zasady-swiadomej-kobiety#breadcrumb\",\"itemListElement\":[{\"@type\":\"ListItem\",\"position\":1,\"name\":\"Strona g\u0142\u00f3wna\",\"item\":\"https:\\\/\\\/agiomilano.com\\\/en\"},{\"@type\":\"ListItem\",\"position\":2,\"name\":\"GOLDEN RULES OF A CONSCIOUS WOMAN\u00a0\"}]},{\"@type\":\"WebSite\",\"@id\":\"https:\\\/\\\/agiomilano.com\\\/#website\",\"url\":\"https:\\\/\\\/agiomilano.com\\\/\",\"name\":\"agiomilano\",\"description\":\"Oficjalny sklep online Agio Milano\",\"potentialAction\":[{\"@type\":\"SearchAction\",\"target\":{\"@type\":\"EntryPoint\",\"urlTemplate\":\"https:\\\/\\\/agiomilano.com\\\/?s={search_term_string}\"},\"query-input\":{\"@type\":\"PropertyValueSpecification\",\"valueRequired\":true,\"valueName\":\"search_term_string\"}}],\"inLanguage\":\"en-US\"}]}<\/script>\n<!-- \/ Yoast SEO plugin. -->","yoast_head_json":{"title":"GOLDEN RULES OF A CONSCIOUS WOMAN\u00a0 - agiomilano","description":"Wi\u0119kszo\u015b\u0107 kobiet nosi sw\u00f3j biustonosz ponad pi\u0119tna\u015bcie godzin dziennie, dlatego potrzebuj\u0105 czu\u0107 si\u0119 w nim wyj\u0105tkowo komfortowo","robots":{"index":"index","follow":"follow","max-snippet":"max-snippet:-1","max-image-preview":"max-image-preview:large","max-video-preview":"max-video-preview:-1"},"canonical":"https:\/\/agiomilano.com\/en\/zlote-zasady-swiadomej-kobiety","og_locale":"en_US","og_type":"article","og_title":"GOLDEN RULES OF A CONSCIOUS WOMAN\u00a0 - agiomilano","og_description":"Wi\u0119kszo\u015b\u0107 kobiet nosi sw\u00f3j biustonosz ponad pi\u0119tna\u015bcie godzin dziennie, dlatego potrzebuj\u0105 czu\u0107 si\u0119 w nim wyj\u0105tkowo komfortowo","og_url":"https:\/\/agiomilano.com\/en\/zlote-zasady-swiadomej-kobiety","og_site_name":"agiomilano","article_modified_time":"2024-08-06T10:11:15+00:00","og_image":[{"width":870,"height":1200,"url":"https:\/\/agiomilano.com\/wp-content\/uploads\/2023\/11\/DSC_6565_1.jpg","type":"image\/jpeg"}],"twitter_card":"summary_large_image","schema":{"@context":"https:\/\/schema.org","@graph":[{"@type":"WebPage","@id":"https:\/\/agiomilano.com\/en\/zlote-zasady-swiadomej-kobiety","url":"https:\/\/agiomilano.com\/en\/zlote-zasady-swiadomej-kobiety","name":"GOLDEN RULES OF A CONSCIOUS WOMAN\u00a0 - agiomilano","isPartOf":{"@id":"https:\/\/agiomilano.com\/#website"},"primaryImageOfPage":{"@id":"https:\/\/agiomilano.com\/en\/zlote-zasady-swiadomej-kobiety#primaryimage"},"image":{"@id":"https:\/\/agiomilano.com\/en\/zlote-zasady-swiadomej-kobiety#primaryimage"},"thumbnailUrl":"https:\/\/agiomilano.com\/wp-content\/uploads\/2023\/11\/DSC_6565_1.jpg","datePublished":"2023-11-30T10:49:05+00:00","dateModified":"2024-08-06T10:11:15+00:00","description":"Wi\u0119kszo\u015b\u0107 kobiet nosi sw\u00f3j biustonosz ponad pi\u0119tna\u015bcie godzin dziennie, dlatego potrzebuj\u0105 czu\u0107 si\u0119 w nim wyj\u0105tkowo komfortowo","breadcrumb":{"@id":"https:\/\/agiomilano.com\/en\/zlote-zasady-swiadomej-kobiety#breadcrumb"},"inLanguage":"en-US","potentialAction":[{"@type":"ReadAction","target":["https:\/\/agiomilano.com\/en\/zlote-zasady-swiadomej-kobiety"]}]},{"@type":"ImageObject","inLanguage":"en-US","@id":"https:\/\/agiomilano.com\/en\/zlote-zasady-swiadomej-kobiety#primaryimage","url":"https:\/\/agiomilano.com\/wp-content\/uploads\/2023\/11\/DSC_6565_1.jpg","contentUrl":"https:\/\/agiomilano.com\/wp-content\/uploads\/2023\/11\/DSC_6565_1.jpg","width":870,"height":1200,"caption":"Poradnik, \u015bwiadoma kobieta, czarna bielizna, jak nosic biustonosz"},{"@type":"BreadcrumbList","@id":"https:\/\/agiomilano.com\/en\/zlote-zasady-swiadomej-kobiety#breadcrumb","itemListElement":[{"@type":"ListItem","position":1,"name":"Strona g\u0142\u00f3wna","item":"https:\/\/agiomilano.com\/en"},{"@type":"ListItem","position":2,"name":"GOLDEN RULES OF A CONSCIOUS WOMAN\u00a0"}]},{"@type":"WebSite","@id":"https:\/\/agiomilano.com\/#website","url":"https:\/\/agiomilano.com\/","name":"agiomilano","description":"Oficjalny sklep online Agio Milano","potentialAction":[{"@type":"SearchAction","target":{"@type":"EntryPoint","urlTemplate":"https:\/\/agiomilano.com\/?s={search_term_string}"},"query-input":{"@type":"PropertyValueSpecification","valueRequired":true,"valueName":"search_term_string"}}],"inLanguage":"en-US"}]}},"_links":{"self":[{"href":"https:\/\/agiomilano.com\/en\/wp-json\/wp\/v2\/pages\/12415","targetHints":{"allow":["GET"]}}],"collection":[{"href":"https:\/\/agiomilano.com\/en\/wp-json\/wp\/v2\/pages"}],"about":[{"href":"https:\/\/agiomilano.com\/en\/wp-json\/wp\/v2\/types\/page"}],"author":[{"embeddable":true,"href":"https:\/\/agiomilano.com\/en\/wp-json\/wp\/v2\/users\/4"}],"replies":[{"embeddable":true,"href":"https:\/\/agiomilano.com\/en\/wp-json\/wp\/v2\/comments?post=12415"}],"version-history":[{"count":2,"href":"https:\/\/agiomilano.com\/en\/wp-json\/wp\/v2\/pages\/12415\/revisions"}],"predecessor-version":[{"id":12420,"href":"https:\/\/agiomilano.com\/en\/wp-json\/wp\/v2\/pages\/12415\/revisions\/12420"}],"wp:featuredmedia":[{"embeddable":true,"href":"https:\/\/agiomilano.com\/en\/wp-json\/wp\/v2\/media\/4274"}],"wp:attachment":[{"href":"https:\/\/agiomilano.com\/en\/wp-json\/wp\/v2\/media?parent=12415"}],"curies":[{"name":"wp","href":"https:\/\/api.w.org\/{rel}","templated":true}]}}