{"id":9623,"date":"2024-04-03T12:39:01","date_gmt":"2024-04-03T10:39:01","guid":{"rendered":"https:\/\/agiomilano.com\/biustonosze-agio-milano"},"modified":"2024-08-07T12:55:11","modified_gmt":"2024-08-07T10:55:11","slug":"biustonosze-agio-milano","status":"publish","type":"page","link":"https:\/\/agiomilano.com\/en\/biustonosze-agio-milano","title":{"rendered":"Our Bras"},"content":{"rendered":"","protected":false},"excerpt":{"rendered":"","protected":false},"author":4,"featured_media":8835,"parent":0,"menu_order":0,"comment_status":"closed","ping_status":"closed","template":"templates\/FlexibleContent\/FlexibleContent.php","meta":{"_acf_changed":false,"_monsterinsights_skip_tracking":false,"_monsterinsights_sitenote_active":false,"_monsterinsights_sitenote_note":"","_monsterinsights_sitenote_category":0},"class_list":["post-9623","page","type-page","status-publish","has-post-thumbnail","hentry"],"acf":[],"yoast_head":"<!-- This site is optimized with the Yoast SEO plugin v26.8 - https:\/\/yoast.com\/product\/yoast-seo-wordpress\/ -->\n<title>Our Bras - agiomilano<\/title>\n<meta name=\"description\" content=\"Biustonosze Agio Milano- staniki push up, biustonosze mi\u0119kkie, biustonosze koronkowe, staniki bez fiszbin. Materia\u0142y najwy\u017cszej jako\u015bci...\" \/>\n<meta name=\"robots\" content=\"index, follow, max-snippet:-1, max-image-preview:large, max-video-preview:-1\" \/>\n<link rel=\"canonical\" href=\"https:\/\/agiomilano.com\/en\/biustonosze-agio-milano\" \/>\n<meta property=\"og:locale\" content=\"en_US\" \/>\n<meta property=\"og:type\" content=\"article\" \/>\n<meta property=\"og:title\" content=\"Our Bras - agiomilano\" \/>\n<meta property=\"og:description\" content=\"Biustonosze Agio Milano- staniki push up, biustonosze mi\u0119kkie, biustonosze koronkowe, staniki bez fiszbin. Materia\u0142y najwy\u017cszej jako\u015bci...\" \/>\n<meta property=\"og:url\" content=\"https:\/\/agiomilano.com\/en\/biustonosze-agio-milano\" \/>\n<meta property=\"og:site_name\" content=\"agiomilano\" \/>\n<meta property=\"article:modified_time\" content=\"2024-08-07T10:55:11+00:00\" \/>\n<meta property=\"og:image\" content=\"https:\/\/agiomilano.com\/wp-content\/uploads\/2024\/04\/DSC_3329.jpg\" \/>\n\t<meta property=\"og:image:width\" content=\"1200\" \/>\n\t<meta property=\"og:image:height\" content=\"800\" \/>\n\t<meta property=\"og:image:type\" content=\"image\/jpeg\" \/>\n<meta name=\"twitter:card\" content=\"summary_large_image\" \/>\n<script type=\"application\/ld+json\" class=\"yoast-schema-graph\">{\"@context\":\"https:\/\/schema.org\",\"@graph\":[{\"@type\":\"WebPage\",\"@id\":\"https:\/\/agiomilano.com\/en\/biustonosze-agio-milano\",\"url\":\"https:\/\/agiomilano.com\/en\/biustonosze-agio-milano\",\"name\":\"Our Bras - agiomilano\",\"isPartOf\":{\"@id\":\"https:\/\/agiomilano.com\/#website\"},\"primaryImageOfPage\":{\"@id\":\"https:\/\/agiomilano.com\/en\/biustonosze-agio-milano#primaryimage\"},\"image\":{\"@id\":\"https:\/\/agiomilano.com\/en\/biustonosze-agio-milano#primaryimage\"},\"thumbnailUrl\":\"https:\/\/agiomilano.com\/wp-content\/uploads\/2024\/04\/DSC_3329.jpg\",\"datePublished\":\"2024-04-03T10:39:01+00:00\",\"dateModified\":\"2024-08-07T10:55:11+00:00\",\"description\":\"Biustonosze Agio Milano- staniki push up, biustonosze mi\u0119kkie, biustonosze koronkowe, staniki bez fiszbin. Materia\u0142y najwy\u017cszej jako\u015bci...\",\"breadcrumb\":{\"@id\":\"https:\/\/agiomilano.com\/en\/biustonosze-agio-milano#breadcrumb\"},\"inLanguage\":\"en-US\",\"potentialAction\":[{\"@type\":\"ReadAction\",\"target\":[\"https:\/\/agiomilano.com\/en\/biustonosze-agio-milano\"]}]},{\"@type\":\"ImageObject\",\"inLanguage\":\"en-US\",\"@id\":\"https:\/\/agiomilano.com\/en\/biustonosze-agio-milano#primaryimage\",\"url\":\"https:\/\/agiomilano.com\/wp-content\/uploads\/2024\/04\/DSC_3329.jpg\",\"contentUrl\":\"https:\/\/agiomilano.com\/wp-content\/uploads\/2024\/04\/DSC_3329.jpg\",\"width\":1200,\"height\":800,\"caption\":\"Biustonosze Agio Milano, konstrukcje biustonoszy, opis stanik\u00f3w\"},{\"@type\":\"BreadcrumbList\",\"@id\":\"https:\/\/agiomilano.com\/en\/biustonosze-agio-milano#breadcrumb\",\"itemListElement\":[{\"@type\":\"ListItem\",\"position\":1,\"name\":\"Strona g\u0142\u00f3wna\",\"item\":\"https:\/\/agiomilano.com\/en\"},{\"@type\":\"ListItem\",\"position\":2,\"name\":\"Our Bras\"}]},{\"@type\":\"WebSite\",\"@id\":\"https:\/\/agiomilano.com\/#website\",\"url\":\"https:\/\/agiomilano.com\/\",\"name\":\"agiomilano\",\"description\":\"Oficjalny sklep online Agio Milano\",\"potentialAction\":[{\"@type\":\"SearchAction\",\"target\":{\"@type\":\"EntryPoint\",\"urlTemplate\":\"https:\/\/agiomilano.com\/?s={search_term_string}\"},\"query-input\":{\"@type\":\"PropertyValueSpecification\",\"valueRequired\":true,\"valueName\":\"search_term_string\"}}],\"inLanguage\":\"en-US\"}]}<\/script>\n<!-- \/ Yoast SEO plugin. -->","yoast_head_json":{"title":"Our Bras - agiomilano","description":"Biustonosze Agio Milano- staniki push up, biustonosze mi\u0119kkie, biustonosze koronkowe, staniki bez fiszbin. Materia\u0142y najwy\u017cszej jako\u015bci...","robots":{"index":"index","follow":"follow","max-snippet":"max-snippet:-1","max-image-preview":"max-image-preview:large","max-video-preview":"max-video-preview:-1"},"canonical":"https:\/\/agiomilano.com\/en\/biustonosze-agio-milano","og_locale":"en_US","og_type":"article","og_title":"Our Bras - agiomilano","og_description":"Biustonosze Agio Milano- staniki push up, biustonosze mi\u0119kkie, biustonosze koronkowe, staniki bez fiszbin. Materia\u0142y najwy\u017cszej jako\u015bci...","og_url":"https:\/\/agiomilano.com\/en\/biustonosze-agio-milano","og_site_name":"agiomilano","article_modified_time":"2024-08-07T10:55:11+00:00","og_image":[{"width":1200,"height":800,"url":"https:\/\/agiomilano.com\/wp-content\/uploads\/2024\/04\/DSC_3329.jpg","type":"image\/jpeg"}],"twitter_card":"summary_large_image","schema":{"@context":"https:\/\/schema.org","@graph":[{"@type":"WebPage","@id":"https:\/\/agiomilano.com\/en\/biustonosze-agio-milano","url":"https:\/\/agiomilano.com\/en\/biustonosze-agio-milano","name":"Our Bras - agiomilano","isPartOf":{"@id":"https:\/\/agiomilano.com\/#website"},"primaryImageOfPage":{"@id":"https:\/\/agiomilano.com\/en\/biustonosze-agio-milano#primaryimage"},"image":{"@id":"https:\/\/agiomilano.com\/en\/biustonosze-agio-milano#primaryimage"},"thumbnailUrl":"https:\/\/agiomilano.com\/wp-content\/uploads\/2024\/04\/DSC_3329.jpg","datePublished":"2024-04-03T10:39:01+00:00","dateModified":"2024-08-07T10:55:11+00:00","description":"Biustonosze Agio Milano- staniki push up, biustonosze mi\u0119kkie, biustonosze koronkowe, staniki bez fiszbin. Materia\u0142y najwy\u017cszej jako\u015bci...","breadcrumb":{"@id":"https:\/\/agiomilano.com\/en\/biustonosze-agio-milano#breadcrumb"},"inLanguage":"en-US","potentialAction":[{"@type":"ReadAction","target":["https:\/\/agiomilano.com\/en\/biustonosze-agio-milano"]}]},{"@type":"ImageObject","inLanguage":"en-US","@id":"https:\/\/agiomilano.com\/en\/biustonosze-agio-milano#primaryimage","url":"https:\/\/agiomilano.com\/wp-content\/uploads\/2024\/04\/DSC_3329.jpg","contentUrl":"https:\/\/agiomilano.com\/wp-content\/uploads\/2024\/04\/DSC_3329.jpg","width":1200,"height":800,"caption":"Biustonosze Agio Milano, konstrukcje biustonoszy, opis stanik\u00f3w"},{"@type":"BreadcrumbList","@id":"https:\/\/agiomilano.com\/en\/biustonosze-agio-milano#breadcrumb","itemListElement":[{"@type":"ListItem","position":1,"name":"Strona g\u0142\u00f3wna","item":"https:\/\/agiomilano.com\/en"},{"@type":"ListItem","position":2,"name":"Our Bras"}]},{"@type":"WebSite","@id":"https:\/\/agiomilano.com\/#website","url":"https:\/\/agiomilano.com\/","name":"agiomilano","description":"Oficjalny sklep online Agio Milano","potentialAction":[{"@type":"SearchAction","target":{"@type":"EntryPoint","urlTemplate":"https:\/\/agiomilano.com\/?s={search_term_string}"},"query-input":{"@type":"PropertyValueSpecification","valueRequired":true,"valueName":"search_term_string"}}],"inLanguage":"en-US"}]}},"_links":{"self":[{"href":"https:\/\/agiomilano.com\/en\/wp-json\/wp\/v2\/pages\/9623","targetHints":{"allow":["GET"]}}],"collection":[{"href":"https:\/\/agiomilano.com\/en\/wp-json\/wp\/v2\/pages"}],"about":[{"href":"https:\/\/agiomilano.com\/en\/wp-json\/wp\/v2\/types\/page"}],"author":[{"embeddable":true,"href":"https:\/\/agiomilano.com\/en\/wp-json\/wp\/v2\/users\/4"}],"replies":[{"embeddable":true,"href":"https:\/\/agiomilano.com\/en\/wp-json\/wp\/v2\/comments?post=9623"}],"version-history":[{"count":4,"href":"https:\/\/agiomilano.com\/en\/wp-json\/wp\/v2\/pages\/9623\/revisions"}],"predecessor-version":[{"id":9761,"href":"https:\/\/agiomilano.com\/en\/wp-json\/wp\/v2\/pages\/9623\/revisions\/9761"}],"wp:featuredmedia":[{"embeddable":true,"href":"https:\/\/agiomilano.com\/en\/wp-json\/wp\/v2\/media\/8835"}],"wp:attachment":[{"href":"https:\/\/agiomilano.com\/en\/wp-json\/wp\/v2\/media?parent=9623"}],"curies":[{"name":"wp","href":"https:\/\/api.w.org\/{rel}","templated":true}]}}