{"id":9772,"date":"2024-04-03T14:21:25","date_gmt":"2024-04-03T12:21:25","guid":{"rendered":"https:\/\/agiomilano.com\/biustonosze-z-wyjmowana-wkladka-push-up"},"modified":"2024-09-05T14:14:10","modified_gmt":"2024-09-05T12:14:10","slug":"biustonosze-z-wyjmowana-wkladka-push-up","status":"publish","type":"page","link":"https:\/\/agiomilano.com\/en\/biustonosze-z-wyjmowana-wkladka-push-up","title":{"rendered":"Bras with a removable push-up insert"},"content":{"rendered":"","protected":false},"excerpt":{"rendered":"","protected":false},"author":4,"featured_media":8855,"parent":0,"menu_order":0,"comment_status":"closed","ping_status":"closed","template":"templates\/FlexibleContent\/FlexibleContent.php","meta":{"_acf_changed":false,"_monsterinsights_skip_tracking":false,"_monsterinsights_sitenote_active":false,"_monsterinsights_sitenote_note":"","_monsterinsights_sitenote_category":0},"class_list":["post-9772","page","type-page","status-publish","has-post-thumbnail","hentry"],"acf":[],"yoast_head":"<!-- This site is optimized with the Yoast SEO plugin v26.8 - https:\/\/yoast.com\/product\/yoast-seo-wordpress\/ -->\n<title>Bras with a removable push-up insert - agiomilano<\/title>\n<meta name=\"description\" content=\"Bras with a removable push-up insert are perfect for women whose breasts are asymmetrical. Visit our store and discover comfortable bras....\" \/>\n<meta name=\"robots\" content=\"index, follow, max-snippet:-1, max-image-preview:large, max-video-preview:-1\" \/>\n<link rel=\"canonical\" href=\"https:\/\/agiomilano.com\/en\/biustonosze-z-wyjmowana-wkladka-push-up\" \/>\n<meta property=\"og:locale\" content=\"en_US\" \/>\n<meta property=\"og:type\" content=\"article\" \/>\n<meta property=\"og:title\" content=\"Bras with a removable push-up insert - agiomilano\" \/>\n<meta property=\"og:description\" content=\"Bras with a removable push-up insert are perfect for women whose breasts are asymmetrical. Visit our store and discover comfortable bras....\" \/>\n<meta property=\"og:url\" content=\"https:\/\/agiomilano.com\/en\/biustonosze-z-wyjmowana-wkladka-push-up\" \/>\n<meta property=\"og:site_name\" content=\"agiomilano\" \/>\n<meta property=\"article:modified_time\" content=\"2024-09-05T12:14:10+00:00\" \/>\n<meta property=\"og:image\" content=\"https:\/\/agiomilano.com\/wp-content\/uploads\/2024\/04\/DSC_6230.jpg\" \/>\n\t<meta property=\"og:image:width\" content=\"835\" \/>\n\t<meta property=\"og:image:height\" content=\"1200\" \/>\n\t<meta property=\"og:image:type\" content=\"image\/jpeg\" \/>\n<meta name=\"twitter:card\" content=\"summary_large_image\" \/>\n<script type=\"application\/ld+json\" class=\"yoast-schema-graph\">{\"@context\":\"https:\/\/schema.org\",\"@graph\":[{\"@type\":\"WebPage\",\"@id\":\"https:\/\/agiomilano.com\/en\/biustonosze-z-wyjmowana-wkladka-push-up\",\"url\":\"https:\/\/agiomilano.com\/en\/biustonosze-z-wyjmowana-wkladka-push-up\",\"name\":\"Bras with a removable push-up insert - agiomilano\",\"isPartOf\":{\"@id\":\"https:\/\/agiomilano.com\/#website\"},\"primaryImageOfPage\":{\"@id\":\"https:\/\/agiomilano.com\/en\/biustonosze-z-wyjmowana-wkladka-push-up#primaryimage\"},\"image\":{\"@id\":\"https:\/\/agiomilano.com\/en\/biustonosze-z-wyjmowana-wkladka-push-up#primaryimage\"},\"thumbnailUrl\":\"https:\/\/agiomilano.com\/wp-content\/uploads\/2024\/04\/DSC_6230.jpg\",\"datePublished\":\"2024-04-03T12:21:25+00:00\",\"dateModified\":\"2024-09-05T12:14:10+00:00\",\"description\":\"Bras with a removable push-up insert are perfect for women whose breasts are asymmetrical. Visit our store and discover comfortable bras....\",\"breadcrumb\":{\"@id\":\"https:\/\/agiomilano.com\/en\/biustonosze-z-wyjmowana-wkladka-push-up#breadcrumb\"},\"inLanguage\":\"en-US\",\"potentialAction\":[{\"@type\":\"ReadAction\",\"target\":[\"https:\/\/agiomilano.com\/en\/biustonosze-z-wyjmowana-wkladka-push-up\"]}]},{\"@type\":\"ImageObject\",\"inLanguage\":\"en-US\",\"@id\":\"https:\/\/agiomilano.com\/en\/biustonosze-z-wyjmowana-wkladka-push-up#primaryimage\",\"url\":\"https:\/\/agiomilano.com\/wp-content\/uploads\/2024\/04\/DSC_6230.jpg\",\"contentUrl\":\"https:\/\/agiomilano.com\/wp-content\/uploads\/2024\/04\/DSC_6230.jpg\",\"width\":835,\"height\":1200,\"caption\":\"Biustonosze z wyjmowan\u0105 wk\u0142\u0105dk\u0105 push up, agio milano, biustonosze pocket up\"},{\"@type\":\"BreadcrumbList\",\"@id\":\"https:\/\/agiomilano.com\/en\/biustonosze-z-wyjmowana-wkladka-push-up#breadcrumb\",\"itemListElement\":[{\"@type\":\"ListItem\",\"position\":1,\"name\":\"Strona g\u0142\u00f3wna\",\"item\":\"https:\/\/agiomilano.com\/en\"},{\"@type\":\"ListItem\",\"position\":2,\"name\":\"Bras with a removable push-up insert\"}]},{\"@type\":\"WebSite\",\"@id\":\"https:\/\/agiomilano.com\/#website\",\"url\":\"https:\/\/agiomilano.com\/\",\"name\":\"agiomilano\",\"description\":\"Oficjalny sklep online Agio Milano\",\"potentialAction\":[{\"@type\":\"SearchAction\",\"target\":{\"@type\":\"EntryPoint\",\"urlTemplate\":\"https:\/\/agiomilano.com\/?s={search_term_string}\"},\"query-input\":{\"@type\":\"PropertyValueSpecification\",\"valueRequired\":true,\"valueName\":\"search_term_string\"}}],\"inLanguage\":\"en-US\"}]}<\/script>\n<!-- \/ Yoast SEO plugin. -->","yoast_head_json":{"title":"Bras with a removable push-up insert - agiomilano","description":"Bras with a removable push-up insert are perfect for women whose breasts are asymmetrical. Visit our store and discover comfortable bras....","robots":{"index":"index","follow":"follow","max-snippet":"max-snippet:-1","max-image-preview":"max-image-preview:large","max-video-preview":"max-video-preview:-1"},"canonical":"https:\/\/agiomilano.com\/en\/biustonosze-z-wyjmowana-wkladka-push-up","og_locale":"en_US","og_type":"article","og_title":"Bras with a removable push-up insert - agiomilano","og_description":"Bras with a removable push-up insert are perfect for women whose breasts are asymmetrical. Visit our store and discover comfortable bras....","og_url":"https:\/\/agiomilano.com\/en\/biustonosze-z-wyjmowana-wkladka-push-up","og_site_name":"agiomilano","article_modified_time":"2024-09-05T12:14:10+00:00","og_image":[{"width":835,"height":1200,"url":"https:\/\/agiomilano.com\/wp-content\/uploads\/2024\/04\/DSC_6230.jpg","type":"image\/jpeg"}],"twitter_card":"summary_large_image","schema":{"@context":"https:\/\/schema.org","@graph":[{"@type":"WebPage","@id":"https:\/\/agiomilano.com\/en\/biustonosze-z-wyjmowana-wkladka-push-up","url":"https:\/\/agiomilano.com\/en\/biustonosze-z-wyjmowana-wkladka-push-up","name":"Bras with a removable push-up insert - agiomilano","isPartOf":{"@id":"https:\/\/agiomilano.com\/#website"},"primaryImageOfPage":{"@id":"https:\/\/agiomilano.com\/en\/biustonosze-z-wyjmowana-wkladka-push-up#primaryimage"},"image":{"@id":"https:\/\/agiomilano.com\/en\/biustonosze-z-wyjmowana-wkladka-push-up#primaryimage"},"thumbnailUrl":"https:\/\/agiomilano.com\/wp-content\/uploads\/2024\/04\/DSC_6230.jpg","datePublished":"2024-04-03T12:21:25+00:00","dateModified":"2024-09-05T12:14:10+00:00","description":"Bras with a removable push-up insert are perfect for women whose breasts are asymmetrical. Visit our store and discover comfortable bras....","breadcrumb":{"@id":"https:\/\/agiomilano.com\/en\/biustonosze-z-wyjmowana-wkladka-push-up#breadcrumb"},"inLanguage":"en-US","potentialAction":[{"@type":"ReadAction","target":["https:\/\/agiomilano.com\/en\/biustonosze-z-wyjmowana-wkladka-push-up"]}]},{"@type":"ImageObject","inLanguage":"en-US","@id":"https:\/\/agiomilano.com\/en\/biustonosze-z-wyjmowana-wkladka-push-up#primaryimage","url":"https:\/\/agiomilano.com\/wp-content\/uploads\/2024\/04\/DSC_6230.jpg","contentUrl":"https:\/\/agiomilano.com\/wp-content\/uploads\/2024\/04\/DSC_6230.jpg","width":835,"height":1200,"caption":"Biustonosze z wyjmowan\u0105 wk\u0142\u0105dk\u0105 push up, agio milano, biustonosze pocket up"},{"@type":"BreadcrumbList","@id":"https:\/\/agiomilano.com\/en\/biustonosze-z-wyjmowana-wkladka-push-up#breadcrumb","itemListElement":[{"@type":"ListItem","position":1,"name":"Strona g\u0142\u00f3wna","item":"https:\/\/agiomilano.com\/en"},{"@type":"ListItem","position":2,"name":"Bras with a removable push-up insert"}]},{"@type":"WebSite","@id":"https:\/\/agiomilano.com\/#website","url":"https:\/\/agiomilano.com\/","name":"agiomilano","description":"Oficjalny sklep online Agio Milano","potentialAction":[{"@type":"SearchAction","target":{"@type":"EntryPoint","urlTemplate":"https:\/\/agiomilano.com\/?s={search_term_string}"},"query-input":{"@type":"PropertyValueSpecification","valueRequired":true,"valueName":"search_term_string"}}],"inLanguage":"en-US"}]}},"_links":{"self":[{"href":"https:\/\/agiomilano.com\/en\/wp-json\/wp\/v2\/pages\/9772","targetHints":{"allow":["GET"]}}],"collection":[{"href":"https:\/\/agiomilano.com\/en\/wp-json\/wp\/v2\/pages"}],"about":[{"href":"https:\/\/agiomilano.com\/en\/wp-json\/wp\/v2\/types\/page"}],"author":[{"embeddable":true,"href":"https:\/\/agiomilano.com\/en\/wp-json\/wp\/v2\/users\/4"}],"replies":[{"embeddable":true,"href":"https:\/\/agiomilano.com\/en\/wp-json\/wp\/v2\/comments?post=9772"}],"version-history":[{"count":2,"href":"https:\/\/agiomilano.com\/en\/wp-json\/wp\/v2\/pages\/9772\/revisions"}],"predecessor-version":[{"id":13202,"href":"https:\/\/agiomilano.com\/en\/wp-json\/wp\/v2\/pages\/9772\/revisions\/13202"}],"wp:featuredmedia":[{"embeddable":true,"href":"https:\/\/agiomilano.com\/en\/wp-json\/wp\/v2\/media\/8855"}],"wp:attachment":[{"href":"https:\/\/agiomilano.com\/en\/wp-json\/wp\/v2\/media?parent=9772"}],"curies":[{"name":"wp","href":"https:\/\/api.w.org\/{rel}","templated":true}]}}