{"id":10141,"date":"2024-02-05T10:22:36","date_gmt":"2024-02-05T09:22:36","guid":{"rendered":"https:\/\/agiomilano.com\/produkt\/biustonosz-34"},"modified":"2025-07-19T13:25:09","modified_gmt":"2025-07-19T11:25:09","slug":"biustonosz-34","status":"publish","type":"product","link":"https:\/\/agiomilano.com\/en\/produkt\/biustonosz-34","title":{"rendered":"Lace Full Cup Soft Bra DB-9306"},"content":{"rendered":"<p>Full cup lace bra perfectly lifts up and supports the breasts, giving them a rounded, natural shape. Perfect for medium and large breasts. The bottom of the cup is made of Simplex material, which allows for good support of the bust while remaining soft to the touch. The whole cup is covered with lace. The circumference of the bra is entirely made of elastic, high-weight mesh. Non-detachable straps in two widths, adapted to each size. Hooks in two widths (2&#215;3) and (3&#215;3) depending on the size.<\/p>\n","protected":false},"excerpt":{"rendered":"<p>Full cup lace bra perfectly lifts up and supports the breasts, giving them a rounded, natural shape. Perfect for medium and large breasts. The bottom of the cup is made of Simplex material, which allows for good support of the bust while remaining soft to the touch. The whole cup is covered with lace. The [&hellip;]<\/p>\n","protected":false},"featured_media":7197,"comment_status":"open","ping_status":"closed","template":"","meta":{"_acf_changed":false,"_monsterinsights_skip_tracking":false,"_monsterinsights_sitenote_active":false,"_monsterinsights_sitenote_note":"","_monsterinsights_sitenote_category":0},"product_brand":[],"product_cat":[452,459,680,471,825,463,460,462,836,693,889,827,853,468,1143],"product_tag":[],"class_list":{"0":"post-10141","1":"product","2":"type-product","3":"status-publish","4":"has-post-thumbnail","6":"product_cat-all","7":"product_cat-bras","8":"product_cat-bridal-bras","9":"product_cat-collections","10":"product_cat-colorful-bras","11":"product_cat-cups-e","12":"product_cat-full-cup","13":"product_cat-lace-bras","14":"product_cat-pink-bras","15":"product_cat-pink-underwear","16":"product_cat-promotion","17":"product_cat-soft-bras","18":"product_cat-sophisticated-en","19":"product_cat-underwire-bras","20":"product_cat-valentines","22":"first","23":"instock","24":"sale","25":"taxable","26":"shipping-taxable","27":"purchasable","28":"product-type-variable"},"acf":[],"yoast_head":"<!-- This site is optimized with the Yoast SEO plugin v26.8 - https:\/\/yoast.com\/product\/yoast-seo-wordpress\/ -->\n<title>Lace Full Cup Soft Bra DB-9306 - agiomilano<\/title>\n<meta name=\"description\" content=\"The full cup lace bra is a perfect choice for an everyday bra. Thanks to the reinforced tunnels, the underwires are not felt even after a whole day\" \/>\n<meta name=\"robots\" content=\"index, follow, max-snippet:-1, max-image-preview:large, max-video-preview:-1\" \/>\n<link rel=\"canonical\" href=\"https:\/\/agiomilano.com\/en\/produkt\/biustonosz-34\" \/>\n<meta property=\"og:locale\" content=\"en_US\" \/>\n<meta property=\"og:type\" content=\"article\" \/>\n<meta property=\"og:title\" content=\"Lace Full Cup Soft Bra DB-9306 - agiomilano\" \/>\n<meta property=\"og:description\" content=\"The full cup lace bra is a perfect choice for an everyday bra. Thanks to the reinforced tunnels, the underwires are not felt even after a whole day\" \/>\n<meta property=\"og:url\" content=\"https:\/\/agiomilano.com\/en\/produkt\/biustonosz-34\" \/>\n<meta property=\"og:site_name\" content=\"agiomilano\" \/>\n<meta property=\"article:modified_time\" content=\"2025-07-19T11:25:09+00:00\" \/>\n<meta property=\"og:image\" content=\"https:\/\/agiomilano.com\/wp-content\/uploads\/2024\/02\/biustonosz-kulisty-ksztalt-piersi-miekki-full-cup-soft-koronkowy-smietankowy-ecrue-db-9306.jpg\" \/>\n\t<meta property=\"og:image:width\" content=\"860\" \/>\n\t<meta property=\"og:image:height\" content=\"1147\" \/>\n\t<meta property=\"og:image:type\" content=\"image\/jpeg\" \/>\n<meta name=\"twitter:card\" content=\"summary_large_image\" \/>\n<meta name=\"twitter:label1\" content=\"Est. reading time\" \/>\n\t<meta name=\"twitter:data1\" content=\"1 minute\" \/>\n<script type=\"application\/ld+json\" class=\"yoast-schema-graph\">{\"@context\":\"https:\/\/schema.org\",\"@graph\":[{\"@type\":\"WebPage\",\"@id\":\"https:\/\/agiomilano.com\/en\/produkt\/biustonosz-34\",\"url\":\"https:\/\/agiomilano.com\/en\/produkt\/biustonosz-34\",\"name\":\"Lace Full Cup Soft Bra DB-9306 - agiomilano\",\"isPartOf\":{\"@id\":\"https:\/\/agiomilano.com\/#website\"},\"primaryImageOfPage\":{\"@id\":\"https:\/\/agiomilano.com\/en\/produkt\/biustonosz-34#primaryimage\"},\"image\":{\"@id\":\"https:\/\/agiomilano.com\/en\/produkt\/biustonosz-34#primaryimage\"},\"thumbnailUrl\":\"https:\/\/agiomilano.com\/wp-content\/uploads\/2024\/02\/biustonosz-kulisty-ksztalt-piersi-miekki-full-cup-soft-koronkowy-smietankowy-ecrue-db-9306.jpg\",\"datePublished\":\"2024-02-05T09:22:36+00:00\",\"dateModified\":\"2025-07-19T11:25:09+00:00\",\"description\":\"The full cup lace bra is a perfect choice for an everyday bra. Thanks to the reinforced tunnels, the underwires are not felt even after a whole day\",\"breadcrumb\":{\"@id\":\"https:\/\/agiomilano.com\/en\/produkt\/biustonosz-34#breadcrumb\"},\"inLanguage\":\"en-US\",\"potentialAction\":[{\"@type\":\"ReadAction\",\"target\":[\"https:\/\/agiomilano.com\/en\/produkt\/biustonosz-34\"]}]},{\"@type\":\"ImageObject\",\"inLanguage\":\"en-US\",\"@id\":\"https:\/\/agiomilano.com\/en\/produkt\/biustonosz-34#primaryimage\",\"url\":\"https:\/\/agiomilano.com\/wp-content\/uploads\/2024\/02\/biustonosz-kulisty-ksztalt-piersi-miekki-full-cup-soft-koronkowy-smietankowy-ecrue-db-9306.jpg\",\"contentUrl\":\"https:\/\/agiomilano.com\/wp-content\/uploads\/2024\/02\/biustonosz-kulisty-ksztalt-piersi-miekki-full-cup-soft-koronkowy-smietankowy-ecrue-db-9306.jpg\",\"width\":860,\"height\":1147,\"caption\":\"Biustonosz koronkowy full cup, jasny r\u00f3\u017c, mi\u0119kki biustonosz smietankowy, koronkowy biustonosz mi\u0119kki db-9306, ecru\"},{\"@type\":\"BreadcrumbList\",\"@id\":\"https:\/\/agiomilano.com\/en\/produkt\/biustonosz-34#breadcrumb\",\"itemListElement\":[{\"@type\":\"ListItem\",\"position\":1,\"name\":\"Strona g\u0142\u00f3wna\",\"item\":\"https:\/\/agiomilano.com\/en\"},{\"@type\":\"ListItem\",\"position\":2,\"name\":\"Shop\",\"item\":\"https:\/\/agiomilano.com\/en\/shop-2\"},{\"@type\":\"ListItem\",\"position\":3,\"name\":\"Wszystkie\",\"item\":\"https:\/\/agiomilano.com\/it\/kategoria\/uncategorized-it\"},{\"@type\":\"ListItem\",\"position\":4,\"name\":\"Lace Full Cup Soft Bra DB-9306\"}]},{\"@type\":\"WebSite\",\"@id\":\"https:\/\/agiomilano.com\/#website\",\"url\":\"https:\/\/agiomilano.com\/\",\"name\":\"agiomilano\",\"description\":\"Oficjalny sklep online Agio Milano\",\"potentialAction\":[{\"@type\":\"SearchAction\",\"target\":{\"@type\":\"EntryPoint\",\"urlTemplate\":\"https:\/\/agiomilano.com\/?s={search_term_string}\"},\"query-input\":{\"@type\":\"PropertyValueSpecification\",\"valueRequired\":true,\"valueName\":\"search_term_string\"}}],\"inLanguage\":\"en-US\"}]}<\/script>\n<!-- \/ Yoast SEO plugin. -->","yoast_head_json":{"title":"Lace Full Cup Soft Bra DB-9306 - agiomilano","description":"The full cup lace bra is a perfect choice for an everyday bra. Thanks to the reinforced tunnels, the underwires are not felt even after a whole day","robots":{"index":"index","follow":"follow","max-snippet":"max-snippet:-1","max-image-preview":"max-image-preview:large","max-video-preview":"max-video-preview:-1"},"canonical":"https:\/\/agiomilano.com\/en\/produkt\/biustonosz-34","og_locale":"en_US","og_type":"article","og_title":"Lace Full Cup Soft Bra DB-9306 - agiomilano","og_description":"The full cup lace bra is a perfect choice for an everyday bra. Thanks to the reinforced tunnels, the underwires are not felt even after a whole day","og_url":"https:\/\/agiomilano.com\/en\/produkt\/biustonosz-34","og_site_name":"agiomilano","article_modified_time":"2025-07-19T11:25:09+00:00","og_image":[{"width":860,"height":1147,"url":"https:\/\/agiomilano.com\/wp-content\/uploads\/2024\/02\/biustonosz-kulisty-ksztalt-piersi-miekki-full-cup-soft-koronkowy-smietankowy-ecrue-db-9306.jpg","type":"image\/jpeg"}],"twitter_card":"summary_large_image","twitter_misc":{"Est. reading time":"1 minute"},"schema":{"@context":"https:\/\/schema.org","@graph":[{"@type":"WebPage","@id":"https:\/\/agiomilano.com\/en\/produkt\/biustonosz-34","url":"https:\/\/agiomilano.com\/en\/produkt\/biustonosz-34","name":"Lace Full Cup Soft Bra DB-9306 - agiomilano","isPartOf":{"@id":"https:\/\/agiomilano.com\/#website"},"primaryImageOfPage":{"@id":"https:\/\/agiomilano.com\/en\/produkt\/biustonosz-34#primaryimage"},"image":{"@id":"https:\/\/agiomilano.com\/en\/produkt\/biustonosz-34#primaryimage"},"thumbnailUrl":"https:\/\/agiomilano.com\/wp-content\/uploads\/2024\/02\/biustonosz-kulisty-ksztalt-piersi-miekki-full-cup-soft-koronkowy-smietankowy-ecrue-db-9306.jpg","datePublished":"2024-02-05T09:22:36+00:00","dateModified":"2025-07-19T11:25:09+00:00","description":"The full cup lace bra is a perfect choice for an everyday bra. Thanks to the reinforced tunnels, the underwires are not felt even after a whole day","breadcrumb":{"@id":"https:\/\/agiomilano.com\/en\/produkt\/biustonosz-34#breadcrumb"},"inLanguage":"en-US","potentialAction":[{"@type":"ReadAction","target":["https:\/\/agiomilano.com\/en\/produkt\/biustonosz-34"]}]},{"@type":"ImageObject","inLanguage":"en-US","@id":"https:\/\/agiomilano.com\/en\/produkt\/biustonosz-34#primaryimage","url":"https:\/\/agiomilano.com\/wp-content\/uploads\/2024\/02\/biustonosz-kulisty-ksztalt-piersi-miekki-full-cup-soft-koronkowy-smietankowy-ecrue-db-9306.jpg","contentUrl":"https:\/\/agiomilano.com\/wp-content\/uploads\/2024\/02\/biustonosz-kulisty-ksztalt-piersi-miekki-full-cup-soft-koronkowy-smietankowy-ecrue-db-9306.jpg","width":860,"height":1147,"caption":"Biustonosz koronkowy full cup, jasny r\u00f3\u017c, mi\u0119kki biustonosz smietankowy, koronkowy biustonosz mi\u0119kki db-9306, ecru"},{"@type":"BreadcrumbList","@id":"https:\/\/agiomilano.com\/en\/produkt\/biustonosz-34#breadcrumb","itemListElement":[{"@type":"ListItem","position":1,"name":"Strona g\u0142\u00f3wna","item":"https:\/\/agiomilano.com\/en"},{"@type":"ListItem","position":2,"name":"Shop","item":"https:\/\/agiomilano.com\/en\/shop-2"},{"@type":"ListItem","position":3,"name":"Wszystkie","item":"https:\/\/agiomilano.com\/it\/kategoria\/uncategorized-it"},{"@type":"ListItem","position":4,"name":"Lace Full Cup Soft Bra DB-9306"}]},{"@type":"WebSite","@id":"https:\/\/agiomilano.com\/#website","url":"https:\/\/agiomilano.com\/","name":"agiomilano","description":"Oficjalny sklep online Agio Milano","potentialAction":[{"@type":"SearchAction","target":{"@type":"EntryPoint","urlTemplate":"https:\/\/agiomilano.com\/?s={search_term_string}"},"query-input":{"@type":"PropertyValueSpecification","valueRequired":true,"valueName":"search_term_string"}}],"inLanguage":"en-US"}]}},"_links":{"self":[{"href":"https:\/\/agiomilano.com\/en\/wp-json\/wp\/v2\/product\/10141","targetHints":{"allow":["GET"]}}],"collection":[{"href":"https:\/\/agiomilano.com\/en\/wp-json\/wp\/v2\/product"}],"about":[{"href":"https:\/\/agiomilano.com\/en\/wp-json\/wp\/v2\/types\/product"}],"replies":[{"embeddable":true,"href":"https:\/\/agiomilano.com\/en\/wp-json\/wp\/v2\/comments?post=10141"}],"wp:featuredmedia":[{"embeddable":true,"href":"https:\/\/agiomilano.com\/en\/wp-json\/wp\/v2\/media\/7197"}],"wp:attachment":[{"href":"https:\/\/agiomilano.com\/en\/wp-json\/wp\/v2\/media?parent=10141"}],"wp:term":[{"taxonomy":"product_brand","embeddable":true,"href":"https:\/\/agiomilano.com\/en\/wp-json\/wp\/v2\/product_brand?post=10141"},{"taxonomy":"product_cat","embeddable":true,"href":"https:\/\/agiomilano.com\/en\/wp-json\/wp\/v2\/product_cat?post=10141"},{"taxonomy":"product_tag","embeddable":true,"href":"https:\/\/agiomilano.com\/en\/wp-json\/wp\/v2\/product_tag?post=10141"}],"curies":[{"name":"wp","href":"https:\/\/api.w.org\/{rel}","templated":true}]}}