{"id":10203,"date":"2024-01-30T16:18:07","date_gmt":"2024-01-30T15:18:07","guid":{"rendered":"https:\/\/agiomilano.com\/produkt\/biustonosz-29"},"modified":"2024-06-27T16:00:48","modified_gmt":"2024-06-27T14:00:48","slug":"biustonosz-29","status":"publish","type":"product","link":"https:\/\/agiomilano.com\/en\/produkt\/biustonosz-29","title":{"rendered":"Bra With Removable Push Up Insert DB-923"},"content":{"rendered":"<p>Bra with a removable, lightweight push-up insert that lifts, collects and enlarges the breasts. Smooth bra with a modern look. A strip of delicate lace around the edge of the cup and two-color spaghetti straps add femininity.<\/p>\n","protected":false},"excerpt":{"rendered":"<p>Bra with a removable, lightweight push-up insert that lifts, collects and enlarges the breasts. Smooth bra with a modern look. A strip of delicate lace around the edge of the cup and two-color spaghetti straps add femininity.<\/p>\n","protected":false},"featured_media":6246,"comment_status":"open","ping_status":"closed","template":"","meta":{"_acf_changed":false,"_monsterinsights_skip_tracking":false,"_monsterinsights_sitenote_active":false,"_monsterinsights_sitenote_note":"","_monsterinsights_sitenote_category":0},"product_brand":[],"product_cat":[836,693,889,466],"product_tag":[],"class_list":{"0":"post-10203","1":"product","2":"type-product","3":"status-publish","4":"has-post-thumbnail","6":"product_cat-pink-bras","7":"product_cat-pink-underwear","8":"product_cat-promotion","9":"product_cat-push-up-bras","11":"first","12":"instock","13":"sale","14":"taxable","15":"shipping-taxable","16":"purchasable","17":"product-type-variable"},"acf":[],"yoast_head":"<!-- This site is optimized with the Yoast SEO plugin v26.8 - https:\/\/yoast.com\/product\/yoast-seo-wordpress\/ -->\n<title>Bra With Removable Push Up Insert DB-923 - agiomilano<\/title>\n<meta name=\"description\" content=\"Bra with a removable, lightweight push-up insert that lifts, collects and enlarges the breasts. Smooth bra with a modern look....\" \/>\n<meta name=\"robots\" content=\"index, follow, max-snippet:-1, max-image-preview:large, max-video-preview:-1\" \/>\n<link rel=\"canonical\" href=\"https:\/\/agiomilano.com\/en\/produkt\/biustonosz-29\" \/>\n<meta property=\"og:locale\" content=\"en_US\" \/>\n<meta property=\"og:type\" content=\"article\" \/>\n<meta property=\"og:title\" content=\"Bra With Removable Push Up Insert DB-923 - agiomilano\" \/>\n<meta property=\"og:description\" content=\"Bra with a removable, lightweight push-up insert that lifts, collects and enlarges the breasts. Smooth bra with a modern look....\" \/>\n<meta property=\"og:url\" content=\"https:\/\/agiomilano.com\/en\/produkt\/biustonosz-29\" \/>\n<meta property=\"og:site_name\" content=\"agiomilano\" \/>\n<meta property=\"article:modified_time\" content=\"2024-06-27T14:00:48+00:00\" \/>\n<meta property=\"og:image\" content=\"https:\/\/agiomilano.com\/wp-content\/uploads\/2024\/01\/agio202418612-scaled.jpg\" \/>\n\t<meta property=\"og:image:width\" content=\"1869\" \/>\n\t<meta property=\"og:image:height\" content=\"2560\" \/>\n\t<meta property=\"og:image:type\" content=\"image\/jpeg\" \/>\n<meta name=\"twitter:card\" content=\"summary_large_image\" \/>\n<meta name=\"twitter:label1\" content=\"Est. reading time\" \/>\n\t<meta name=\"twitter:data1\" content=\"1 minute\" \/>\n<script type=\"application\/ld+json\" class=\"yoast-schema-graph\">{\"@context\":\"https:\/\/schema.org\",\"@graph\":[{\"@type\":\"WebPage\",\"@id\":\"https:\/\/agiomilano.com\/en\/produkt\/biustonosz-29\",\"url\":\"https:\/\/agiomilano.com\/en\/produkt\/biustonosz-29\",\"name\":\"Bra With Removable Push Up Insert DB-923 - agiomilano\",\"isPartOf\":{\"@id\":\"https:\/\/agiomilano.com\/#website\"},\"primaryImageOfPage\":{\"@id\":\"https:\/\/agiomilano.com\/en\/produkt\/biustonosz-29#primaryimage\"},\"image\":{\"@id\":\"https:\/\/agiomilano.com\/en\/produkt\/biustonosz-29#primaryimage\"},\"thumbnailUrl\":\"https:\/\/agiomilano.com\/wp-content\/uploads\/2024\/01\/agio202418612-scaled.jpg\",\"datePublished\":\"2024-01-30T15:18:07+00:00\",\"dateModified\":\"2024-06-27T14:00:48+00:00\",\"description\":\"Bra with a removable, lightweight push-up insert that lifts, collects and enlarges the breasts. Smooth bra with a modern look....\",\"breadcrumb\":{\"@id\":\"https:\/\/agiomilano.com\/en\/produkt\/biustonosz-29#breadcrumb\"},\"inLanguage\":\"en-US\",\"potentialAction\":[{\"@type\":\"ReadAction\",\"target\":[\"https:\/\/agiomilano.com\/en\/produkt\/biustonosz-29\"]}]},{\"@type\":\"ImageObject\",\"inLanguage\":\"en-US\",\"@id\":\"https:\/\/agiomilano.com\/en\/produkt\/biustonosz-29#primaryimage\",\"url\":\"https:\/\/agiomilano.com\/wp-content\/uploads\/2024\/01\/agio202418612-scaled.jpg\",\"contentUrl\":\"https:\/\/agiomilano.com\/wp-content\/uploads\/2024\/01\/agio202418612-scaled.jpg\",\"width\":1869,\"height\":2560,\"caption\":\"Biustonosz z wyjmowan\u0105 wk\u0142adk\u0105 push up, g\u0142adki, bia\u0142y w paski r\u00f3\u017cowe, db-923\"},{\"@type\":\"BreadcrumbList\",\"@id\":\"https:\/\/agiomilano.com\/en\/produkt\/biustonosz-29#breadcrumb\",\"itemListElement\":[{\"@type\":\"ListItem\",\"position\":1,\"name\":\"Strona g\u0142\u00f3wna\",\"item\":\"https:\/\/agiomilano.com\/en\"},{\"@type\":\"ListItem\",\"position\":2,\"name\":\"Shop\",\"item\":\"https:\/\/agiomilano.com\/en\/shop-2\"},{\"@type\":\"ListItem\",\"position\":3,\"name\":\"Biustonosze\",\"item\":\"https:\/\/agiomilano.com\/kategoria\/biustonosz\"},{\"@type\":\"ListItem\",\"position\":4,\"name\":\"Biustonosze Push Up\",\"item\":\"https:\/\/agiomilano.com\/kategoria\/biustonosz\/biustonosze-push-up\"},{\"@type\":\"ListItem\",\"position\":5,\"name\":\"Bra With Removable Push Up Insert DB-923\"}]},{\"@type\":\"WebSite\",\"@id\":\"https:\/\/agiomilano.com\/#website\",\"url\":\"https:\/\/agiomilano.com\/\",\"name\":\"agiomilano\",\"description\":\"Oficjalny sklep online Agio Milano\",\"potentialAction\":[{\"@type\":\"SearchAction\",\"target\":{\"@type\":\"EntryPoint\",\"urlTemplate\":\"https:\/\/agiomilano.com\/?s={search_term_string}\"},\"query-input\":{\"@type\":\"PropertyValueSpecification\",\"valueRequired\":true,\"valueName\":\"search_term_string\"}}],\"inLanguage\":\"en-US\"}]}<\/script>\n<!-- \/ Yoast SEO plugin. -->","yoast_head_json":{"title":"Bra With Removable Push Up Insert DB-923 - agiomilano","description":"Bra with a removable, lightweight push-up insert that lifts, collects and enlarges the breasts. Smooth bra with a modern look....","robots":{"index":"index","follow":"follow","max-snippet":"max-snippet:-1","max-image-preview":"max-image-preview:large","max-video-preview":"max-video-preview:-1"},"canonical":"https:\/\/agiomilano.com\/en\/produkt\/biustonosz-29","og_locale":"en_US","og_type":"article","og_title":"Bra With Removable Push Up Insert DB-923 - agiomilano","og_description":"Bra with a removable, lightweight push-up insert that lifts, collects and enlarges the breasts. Smooth bra with a modern look....","og_url":"https:\/\/agiomilano.com\/en\/produkt\/biustonosz-29","og_site_name":"agiomilano","article_modified_time":"2024-06-27T14:00:48+00:00","og_image":[{"width":1869,"height":2560,"url":"https:\/\/agiomilano.com\/wp-content\/uploads\/2024\/01\/agio202418612-scaled.jpg","type":"image\/jpeg"}],"twitter_card":"summary_large_image","twitter_misc":{"Est. reading time":"1 minute"},"schema":{"@context":"https:\/\/schema.org","@graph":[{"@type":"WebPage","@id":"https:\/\/agiomilano.com\/en\/produkt\/biustonosz-29","url":"https:\/\/agiomilano.com\/en\/produkt\/biustonosz-29","name":"Bra With Removable Push Up Insert DB-923 - agiomilano","isPartOf":{"@id":"https:\/\/agiomilano.com\/#website"},"primaryImageOfPage":{"@id":"https:\/\/agiomilano.com\/en\/produkt\/biustonosz-29#primaryimage"},"image":{"@id":"https:\/\/agiomilano.com\/en\/produkt\/biustonosz-29#primaryimage"},"thumbnailUrl":"https:\/\/agiomilano.com\/wp-content\/uploads\/2024\/01\/agio202418612-scaled.jpg","datePublished":"2024-01-30T15:18:07+00:00","dateModified":"2024-06-27T14:00:48+00:00","description":"Bra with a removable, lightweight push-up insert that lifts, collects and enlarges the breasts. Smooth bra with a modern look....","breadcrumb":{"@id":"https:\/\/agiomilano.com\/en\/produkt\/biustonosz-29#breadcrumb"},"inLanguage":"en-US","potentialAction":[{"@type":"ReadAction","target":["https:\/\/agiomilano.com\/en\/produkt\/biustonosz-29"]}]},{"@type":"ImageObject","inLanguage":"en-US","@id":"https:\/\/agiomilano.com\/en\/produkt\/biustonosz-29#primaryimage","url":"https:\/\/agiomilano.com\/wp-content\/uploads\/2024\/01\/agio202418612-scaled.jpg","contentUrl":"https:\/\/agiomilano.com\/wp-content\/uploads\/2024\/01\/agio202418612-scaled.jpg","width":1869,"height":2560,"caption":"Biustonosz z wyjmowan\u0105 wk\u0142adk\u0105 push up, g\u0142adki, bia\u0142y w paski r\u00f3\u017cowe, db-923"},{"@type":"BreadcrumbList","@id":"https:\/\/agiomilano.com\/en\/produkt\/biustonosz-29#breadcrumb","itemListElement":[{"@type":"ListItem","position":1,"name":"Strona g\u0142\u00f3wna","item":"https:\/\/agiomilano.com\/en"},{"@type":"ListItem","position":2,"name":"Shop","item":"https:\/\/agiomilano.com\/en\/shop-2"},{"@type":"ListItem","position":3,"name":"Biustonosze","item":"https:\/\/agiomilano.com\/kategoria\/biustonosz"},{"@type":"ListItem","position":4,"name":"Biustonosze Push Up","item":"https:\/\/agiomilano.com\/kategoria\/biustonosz\/biustonosze-push-up"},{"@type":"ListItem","position":5,"name":"Bra With Removable Push Up Insert DB-923"}]},{"@type":"WebSite","@id":"https:\/\/agiomilano.com\/#website","url":"https:\/\/agiomilano.com\/","name":"agiomilano","description":"Oficjalny sklep online Agio Milano","potentialAction":[{"@type":"SearchAction","target":{"@type":"EntryPoint","urlTemplate":"https:\/\/agiomilano.com\/?s={search_term_string}"},"query-input":{"@type":"PropertyValueSpecification","valueRequired":true,"valueName":"search_term_string"}}],"inLanguage":"en-US"}]}},"_links":{"self":[{"href":"https:\/\/agiomilano.com\/en\/wp-json\/wp\/v2\/product\/10203","targetHints":{"allow":["GET"]}}],"collection":[{"href":"https:\/\/agiomilano.com\/en\/wp-json\/wp\/v2\/product"}],"about":[{"href":"https:\/\/agiomilano.com\/en\/wp-json\/wp\/v2\/types\/product"}],"replies":[{"embeddable":true,"href":"https:\/\/agiomilano.com\/en\/wp-json\/wp\/v2\/comments?post=10203"}],"wp:featuredmedia":[{"embeddable":true,"href":"https:\/\/agiomilano.com\/en\/wp-json\/wp\/v2\/media\/6246"}],"wp:attachment":[{"href":"https:\/\/agiomilano.com\/en\/wp-json\/wp\/v2\/media?parent=10203"}],"wp:term":[{"taxonomy":"product_brand","embeddable":true,"href":"https:\/\/agiomilano.com\/en\/wp-json\/wp\/v2\/product_brand?post=10203"},{"taxonomy":"product_cat","embeddable":true,"href":"https:\/\/agiomilano.com\/en\/wp-json\/wp\/v2\/product_cat?post=10203"},{"taxonomy":"product_tag","embeddable":true,"href":"https:\/\/agiomilano.com\/en\/wp-json\/wp\/v2\/product_tag?post=10203"}],"curies":[{"name":"wp","href":"https:\/\/api.w.org\/{rel}","templated":true}]}}