{"id":11295,"date":"2023-12-01T11:17:09","date_gmt":"2023-12-01T10:17:09","guid":{"rendered":"https:\/\/agiomilano.com\/produkt\/pizama-damska"},"modified":"2024-07-22T15:39:18","modified_gmt":"2024-07-22T13:39:18","slug":"pizama-damska","status":"publish","type":"product","link":"https:\/\/agiomilano.com\/en\/produkt\/pizama-damska","title":{"rendered":"Two-Piece Women&#8217;s Pajamas DP-S03"},"content":{"rendered":"<p>Stylish two-piece women&#8217;s pajamas made of knitted fabric, which is a combination of viscose, delicate cotton and spandex. The skin-friendly combination is breathable and soft on the skin. Women&#8217;s two-piece pajamas with long sleeves and a half-buttoned neckline. Wide, long trousers with an elastic waistband and buttons.<\/p>\n<p>&nbsp;<\/p>\n","protected":false},"excerpt":{"rendered":"<p>Stylish two-piece women&#8217;s pajamas made of knitted fabric, which is a combination of viscose, delicate cotton and spandex. The skin-friendly combination is breathable and soft on the skin. Women&#8217;s two-piece pajamas with long sleeves and a half-buttoned neckline. Wide, long trousers with an elastic waistband and buttons. &nbsp;<\/p>\n","protected":false},"featured_media":4362,"comment_status":"open","ping_status":"closed","template":"","meta":{"_acf_changed":false,"_monsterinsights_skip_tracking":false,"_monsterinsights_sitenote_active":false,"_monsterinsights_sitenote_note":"","_monsterinsights_sitenote_category":0},"product_brand":[],"product_cat":[799,805,787],"product_tag":[],"class_list":{"0":"post-11295","1":"product","2":"type-product","3":"status-publish","4":"has-post-thumbnail","6":"product_cat-colorful-nightwear","7":"product_cat-ladies-payamas","8":"product_cat-nightwear","10":"first","11":"instock","12":"taxable","13":"shipping-taxable","14":"purchasable","15":"product-type-variable"},"acf":[],"yoast_head":"<!-- This site is optimized with the Yoast SEO plugin v27.4 - https:\/\/yoast.com\/product\/yoast-seo-wordpress\/ -->\n<title>Two-Piece Women&#039;s Pajamas DP-S03 - agiomilano<\/title>\n<meta name=\"description\" content=\"Comfortable and stylish two-piece women&#039;s pajamas made of bamboo cotton. Long-sleeved pajamas and long pants included.\" \/>\n<meta name=\"robots\" content=\"index, follow, max-snippet:-1, max-image-preview:large, max-video-preview:-1\" \/>\n<link rel=\"canonical\" href=\"https:\/\/agiomilano.com\/en\/produkt\/pizama-damska\" \/>\n<meta property=\"og:locale\" content=\"en_US\" \/>\n<meta property=\"og:type\" content=\"article\" \/>\n<meta property=\"og:title\" content=\"Two-Piece Women&#039;s Pajamas DP-S03 - agiomilano\" \/>\n<meta property=\"og:description\" content=\"Comfortable and stylish two-piece women&#039;s pajamas made of bamboo cotton. Long-sleeved pajamas and long pants included.\" \/>\n<meta property=\"og:url\" content=\"https:\/\/agiomilano.com\/en\/produkt\/pizama-damska\" \/>\n<meta property=\"og:site_name\" content=\"agiomilano\" \/>\n<meta property=\"article:modified_time\" content=\"2024-07-22T13:39:18+00:00\" \/>\n<meta property=\"og:image\" content=\"https:\/\/agiomilano.com\/wp-content\/uploads\/2023\/12\/pizama-damska-dlugi-rekaw-bawelna-bambusowa-zielony-dp-s03.jpg\" \/>\n\t<meta property=\"og:image:width\" content=\"860\" \/>\n\t<meta property=\"og:image:height\" content=\"1147\" \/>\n\t<meta property=\"og:image:type\" content=\"image\/jpeg\" \/>\n<meta name=\"twitter:card\" content=\"summary_large_image\" \/>\n<meta name=\"twitter:label1\" content=\"Est. reading time\" \/>\n\t<meta name=\"twitter:data1\" content=\"1 minute\" \/>\n<script type=\"application\/ld+json\" class=\"yoast-schema-graph\">{\"@context\":\"https:\\\/\\\/schema.org\",\"@graph\":[{\"@type\":\"WebPage\",\"@id\":\"https:\\\/\\\/agiomilano.com\\\/en\\\/produkt\\\/pizama-damska\",\"url\":\"https:\\\/\\\/agiomilano.com\\\/en\\\/produkt\\\/pizama-damska\",\"name\":\"Two-Piece Women's Pajamas DP-S03 - agiomilano\",\"isPartOf\":{\"@id\":\"https:\\\/\\\/agiomilano.com\\\/#website\"},\"primaryImageOfPage\":{\"@id\":\"https:\\\/\\\/agiomilano.com\\\/en\\\/produkt\\\/pizama-damska#primaryimage\"},\"image\":{\"@id\":\"https:\\\/\\\/agiomilano.com\\\/en\\\/produkt\\\/pizama-damska#primaryimage\"},\"thumbnailUrl\":\"https:\\\/\\\/agiomilano.com\\\/wp-content\\\/uploads\\\/2023\\\/12\\\/pizama-damska-dlugi-rekaw-bawelna-bambusowa-zielony-dp-s03.jpg\",\"datePublished\":\"2023-12-01T10:17:09+00:00\",\"dateModified\":\"2024-07-22T13:39:18+00:00\",\"description\":\"Comfortable and stylish two-piece women's pajamas made of bamboo cotton. Long-sleeved pajamas and long pants included.\",\"breadcrumb\":{\"@id\":\"https:\\\/\\\/agiomilano.com\\\/en\\\/produkt\\\/pizama-damska#breadcrumb\"},\"inLanguage\":\"en-US\",\"potentialAction\":[{\"@type\":\"ReadAction\",\"target\":[\"https:\\\/\\\/agiomilano.com\\\/en\\\/produkt\\\/pizama-damska\"]}]},{\"@type\":\"ImageObject\",\"inLanguage\":\"en-US\",\"@id\":\"https:\\\/\\\/agiomilano.com\\\/en\\\/produkt\\\/pizama-damska#primaryimage\",\"url\":\"https:\\\/\\\/agiomilano.com\\\/wp-content\\\/uploads\\\/2023\\\/12\\\/pizama-damska-dlugi-rekaw-bawelna-bambusowa-zielony-dp-s03.jpg\",\"contentUrl\":\"https:\\\/\\\/agiomilano.com\\\/wp-content\\\/uploads\\\/2023\\\/12\\\/pizama-damska-dlugi-rekaw-bawelna-bambusowa-zielony-dp-s03.jpg\",\"width\":860,\"height\":1147,\"caption\":\"Pi\u017cama dwucz\u0119\u015bciowa damska, zielona, dlugi r\u0119kaw, dlugie spodnie, DP-s03\"},{\"@type\":\"BreadcrumbList\",\"@id\":\"https:\\\/\\\/agiomilano.com\\\/en\\\/produkt\\\/pizama-damska#breadcrumb\",\"itemListElement\":[{\"@type\":\"ListItem\",\"position\":1,\"name\":\"Strona g\u0142\u00f3wna\",\"item\":\"https:\\\/\\\/agiomilano.com\\\/en\"},{\"@type\":\"ListItem\",\"position\":2,\"name\":\"Shop\",\"item\":\"https:\\\/\\\/agiomilano.com\\\/en\\\/shop-2\"},{\"@type\":\"ListItem\",\"position\":3,\"name\":\"Bielizna nocna\",\"item\":\"https:\\\/\\\/agiomilano.com\\\/kategoria\\\/bielizna-nocna\"},{\"@type\":\"ListItem\",\"position\":4,\"name\":\"Two-Piece Women&#8217;s Pajamas DP-S03\"}]},{\"@type\":\"WebSite\",\"@id\":\"https:\\\/\\\/agiomilano.com\\\/#website\",\"url\":\"https:\\\/\\\/agiomilano.com\\\/\",\"name\":\"agiomilano\",\"description\":\"Oficjalny sklep online Agio Milano\",\"potentialAction\":[{\"@type\":\"SearchAction\",\"target\":{\"@type\":\"EntryPoint\",\"urlTemplate\":\"https:\\\/\\\/agiomilano.com\\\/?s={search_term_string}\"},\"query-input\":{\"@type\":\"PropertyValueSpecification\",\"valueRequired\":true,\"valueName\":\"search_term_string\"}}],\"inLanguage\":\"en-US\"}]}<\/script>\n<!-- \/ Yoast SEO plugin. -->","yoast_head_json":{"title":"Two-Piece Women's Pajamas DP-S03 - agiomilano","description":"Comfortable and stylish two-piece women's pajamas made of bamboo cotton. Long-sleeved pajamas and long pants included.","robots":{"index":"index","follow":"follow","max-snippet":"max-snippet:-1","max-image-preview":"max-image-preview:large","max-video-preview":"max-video-preview:-1"},"canonical":"https:\/\/agiomilano.com\/en\/produkt\/pizama-damska","og_locale":"en_US","og_type":"article","og_title":"Two-Piece Women's Pajamas DP-S03 - agiomilano","og_description":"Comfortable and stylish two-piece women's pajamas made of bamboo cotton. Long-sleeved pajamas and long pants included.","og_url":"https:\/\/agiomilano.com\/en\/produkt\/pizama-damska","og_site_name":"agiomilano","article_modified_time":"2024-07-22T13:39:18+00:00","og_image":[{"width":860,"height":1147,"url":"https:\/\/agiomilano.com\/wp-content\/uploads\/2023\/12\/pizama-damska-dlugi-rekaw-bawelna-bambusowa-zielony-dp-s03.jpg","type":"image\/jpeg"}],"twitter_card":"summary_large_image","twitter_misc":{"Est. reading time":"1 minute"},"schema":{"@context":"https:\/\/schema.org","@graph":[{"@type":"WebPage","@id":"https:\/\/agiomilano.com\/en\/produkt\/pizama-damska","url":"https:\/\/agiomilano.com\/en\/produkt\/pizama-damska","name":"Two-Piece Women's Pajamas DP-S03 - agiomilano","isPartOf":{"@id":"https:\/\/agiomilano.com\/#website"},"primaryImageOfPage":{"@id":"https:\/\/agiomilano.com\/en\/produkt\/pizama-damska#primaryimage"},"image":{"@id":"https:\/\/agiomilano.com\/en\/produkt\/pizama-damska#primaryimage"},"thumbnailUrl":"https:\/\/agiomilano.com\/wp-content\/uploads\/2023\/12\/pizama-damska-dlugi-rekaw-bawelna-bambusowa-zielony-dp-s03.jpg","datePublished":"2023-12-01T10:17:09+00:00","dateModified":"2024-07-22T13:39:18+00:00","description":"Comfortable and stylish two-piece women's pajamas made of bamboo cotton. Long-sleeved pajamas and long pants included.","breadcrumb":{"@id":"https:\/\/agiomilano.com\/en\/produkt\/pizama-damska#breadcrumb"},"inLanguage":"en-US","potentialAction":[{"@type":"ReadAction","target":["https:\/\/agiomilano.com\/en\/produkt\/pizama-damska"]}]},{"@type":"ImageObject","inLanguage":"en-US","@id":"https:\/\/agiomilano.com\/en\/produkt\/pizama-damska#primaryimage","url":"https:\/\/agiomilano.com\/wp-content\/uploads\/2023\/12\/pizama-damska-dlugi-rekaw-bawelna-bambusowa-zielony-dp-s03.jpg","contentUrl":"https:\/\/agiomilano.com\/wp-content\/uploads\/2023\/12\/pizama-damska-dlugi-rekaw-bawelna-bambusowa-zielony-dp-s03.jpg","width":860,"height":1147,"caption":"Pi\u017cama dwucz\u0119\u015bciowa damska, zielona, dlugi r\u0119kaw, dlugie spodnie, DP-s03"},{"@type":"BreadcrumbList","@id":"https:\/\/agiomilano.com\/en\/produkt\/pizama-damska#breadcrumb","itemListElement":[{"@type":"ListItem","position":1,"name":"Strona g\u0142\u00f3wna","item":"https:\/\/agiomilano.com\/en"},{"@type":"ListItem","position":2,"name":"Shop","item":"https:\/\/agiomilano.com\/en\/shop-2"},{"@type":"ListItem","position":3,"name":"Bielizna nocna","item":"https:\/\/agiomilano.com\/kategoria\/bielizna-nocna"},{"@type":"ListItem","position":4,"name":"Two-Piece Women&#8217;s Pajamas DP-S03"}]},{"@type":"WebSite","@id":"https:\/\/agiomilano.com\/#website","url":"https:\/\/agiomilano.com\/","name":"agiomilano","description":"Oficjalny sklep online Agio Milano","potentialAction":[{"@type":"SearchAction","target":{"@type":"EntryPoint","urlTemplate":"https:\/\/agiomilano.com\/?s={search_term_string}"},"query-input":{"@type":"PropertyValueSpecification","valueRequired":true,"valueName":"search_term_string"}}],"inLanguage":"en-US"}]}},"_links":{"self":[{"href":"https:\/\/agiomilano.com\/en\/wp-json\/wp\/v2\/product\/11295","targetHints":{"allow":["GET"]}}],"collection":[{"href":"https:\/\/agiomilano.com\/en\/wp-json\/wp\/v2\/product"}],"about":[{"href":"https:\/\/agiomilano.com\/en\/wp-json\/wp\/v2\/types\/product"}],"replies":[{"embeddable":true,"href":"https:\/\/agiomilano.com\/en\/wp-json\/wp\/v2\/comments?post=11295"}],"wp:featuredmedia":[{"embeddable":true,"href":"https:\/\/agiomilano.com\/en\/wp-json\/wp\/v2\/media\/4362"}],"wp:attachment":[{"href":"https:\/\/agiomilano.com\/en\/wp-json\/wp\/v2\/media?parent=11295"}],"wp:term":[{"taxonomy":"product_brand","embeddable":true,"href":"https:\/\/agiomilano.com\/en\/wp-json\/wp\/v2\/product_brand?post=11295"},{"taxonomy":"product_cat","embeddable":true,"href":"https:\/\/agiomilano.com\/en\/wp-json\/wp\/v2\/product_cat?post=11295"},{"taxonomy":"product_tag","embeddable":true,"href":"https:\/\/agiomilano.com\/en\/wp-json\/wp\/v2\/product_tag?post=11295"}],"curies":[{"name":"wp","href":"https:\/\/api.w.org\/{rel}","templated":true}]}}