{"id":11856,"date":"2024-01-12T12:12:18","date_gmt":"2024-01-12T11:12:18","guid":{"rendered":"https:\/\/agiomilano.com\/produkt\/majtki-damskie-47"},"modified":"2024-07-29T15:43:30","modified_gmt":"2024-07-29T13:43:30","slug":"majtki-damskie-47","status":"publish","type":"product","link":"https:\/\/agiomilano.com\/en\/produkt\/majtki-damskie-47","title":{"rendered":"Smooth Brazilian Panties DM-6215"},"content":{"rendered":"<p>Smooth women&#8217;s brazilian panties made of delicate and body-friendly microfiber. Elegant details in the form of a bow with a diamond.<\/p>\n","protected":false},"excerpt":{"rendered":"<p>Smooth women&#8217;s brazilian panties made of delicate and body-friendly microfiber. Elegant details in the form of a bow with a diamond.<\/p>\n","protected":false},"featured_media":6993,"comment_status":"open","ping_status":"closed","template":"","meta":{"_acf_changed":false,"_monsterinsights_skip_tracking":false,"_monsterinsights_sitenote_active":false,"_monsterinsights_sitenote_note":"","_monsterinsights_sitenote_category":0},"product_brand":[],"product_cat":[690,692,693,889],"product_tag":[],"class_list":{"0":"post-11856","1":"product","2":"type-product","3":"status-publish","4":"has-post-thumbnail","6":"product_cat-colorful-briefs","7":"product_cat-pink-briefs","8":"product_cat-pink-underwear","9":"product_cat-promotion","11":"first","12":"instock","13":"sale","14":"taxable","15":"shipping-taxable","16":"purchasable","17":"product-type-variable"},"acf":[],"yoast_head":"<!-- This site is optimized with the Yoast SEO plugin v26.8 - https:\/\/yoast.com\/product\/yoast-seo-wordpress\/ -->\n<title>Smooth Brazilian Panties DM-6215 - agiomilano<\/title>\n<meta name=\"description\" content=\"Smooth women&#039;s brazilian panties, delicate microfiber, comfortable panties that fit perfectly to the body and remain invisible under clothes...\" \/>\n<meta name=\"robots\" content=\"index, follow, max-snippet:-1, max-image-preview:large, max-video-preview:-1\" \/>\n<link rel=\"canonical\" href=\"https:\/\/agiomilano.com\/en\/produkt\/majtki-damskie-47\" \/>\n<meta property=\"og:locale\" content=\"en_US\" \/>\n<meta property=\"og:type\" content=\"article\" \/>\n<meta property=\"og:title\" content=\"Smooth Brazilian Panties DM-6215 - agiomilano\" \/>\n<meta property=\"og:description\" content=\"Smooth women&#039;s brazilian panties, delicate microfiber, comfortable panties that fit perfectly to the body and remain invisible under clothes...\" \/>\n<meta property=\"og:url\" content=\"https:\/\/agiomilano.com\/en\/produkt\/majtki-damskie-47\" \/>\n<meta property=\"og:site_name\" content=\"agiomilano\" \/>\n<meta property=\"article:modified_time\" content=\"2024-07-29T13:43:30+00:00\" \/>\n<meta property=\"og:image\" content=\"https:\/\/agiomilano.com\/wp-content\/uploads\/2024\/01\/agio202418500-1.jpg\" \/>\n\t<meta property=\"og:image:width\" content=\"829\" \/>\n\t<meta property=\"og:image:height\" content=\"1200\" \/>\n\t<meta property=\"og:image:type\" content=\"image\/jpeg\" \/>\n<meta name=\"twitter:card\" content=\"summary_large_image\" \/>\n<meta name=\"twitter:label1\" content=\"Est. reading time\" \/>\n\t<meta name=\"twitter:data1\" content=\"1 minute\" \/>\n<script type=\"application\/ld+json\" class=\"yoast-schema-graph\">{\"@context\":\"https:\/\/schema.org\",\"@graph\":[{\"@type\":\"WebPage\",\"@id\":\"https:\/\/agiomilano.com\/en\/produkt\/majtki-damskie-47\",\"url\":\"https:\/\/agiomilano.com\/en\/produkt\/majtki-damskie-47\",\"name\":\"Smooth Brazilian Panties DM-6215 - agiomilano\",\"isPartOf\":{\"@id\":\"https:\/\/agiomilano.com\/#website\"},\"primaryImageOfPage\":{\"@id\":\"https:\/\/agiomilano.com\/en\/produkt\/majtki-damskie-47#primaryimage\"},\"image\":{\"@id\":\"https:\/\/agiomilano.com\/en\/produkt\/majtki-damskie-47#primaryimage\"},\"thumbnailUrl\":\"https:\/\/agiomilano.com\/wp-content\/uploads\/2024\/01\/agio202418500-1.jpg\",\"datePublished\":\"2024-01-12T11:12:18+00:00\",\"dateModified\":\"2024-07-29T13:43:30+00:00\",\"description\":\"Smooth women's brazilian panties, delicate microfiber, comfortable panties that fit perfectly to the body and remain invisible under clothes...\",\"breadcrumb\":{\"@id\":\"https:\/\/agiomilano.com\/en\/produkt\/majtki-damskie-47#breadcrumb\"},\"inLanguage\":\"en-US\",\"potentialAction\":[{\"@type\":\"ReadAction\",\"target\":[\"https:\/\/agiomilano.com\/en\/produkt\/majtki-damskie-47\"]}]},{\"@type\":\"ImageObject\",\"inLanguage\":\"en-US\",\"@id\":\"https:\/\/agiomilano.com\/en\/produkt\/majtki-damskie-47#primaryimage\",\"url\":\"https:\/\/agiomilano.com\/wp-content\/uploads\/2024\/01\/agio202418500-1.jpg\",\"contentUrl\":\"https:\/\/agiomilano.com\/wp-content\/uploads\/2024\/01\/agio202418500-1.jpg\",\"width\":829,\"height\":1200,\"caption\":\"G\u0142adkie brazyliany z mikrofibry, czarne, r\u00f3\u017cowe majtki\"},{\"@type\":\"BreadcrumbList\",\"@id\":\"https:\/\/agiomilano.com\/en\/produkt\/majtki-damskie-47#breadcrumb\",\"itemListElement\":[{\"@type\":\"ListItem\",\"position\":1,\"name\":\"Strona g\u0142\u00f3wna\",\"item\":\"https:\/\/agiomilano.com\/en\"},{\"@type\":\"ListItem\",\"position\":2,\"name\":\"Shop\",\"item\":\"https:\/\/agiomilano.com\/en\/shop-2\"},{\"@type\":\"ListItem\",\"position\":3,\"name\":\"Majtki\",\"item\":\"https:\/\/agiomilano.com\/it\/kategoria\/majtki\"},{\"@type\":\"ListItem\",\"position\":4,\"name\":\"Majtki kolorowe\",\"item\":\"https:\/\/agiomilano.com\/kategoria\/majtki\/majtki-kolorowe\"},{\"@type\":\"ListItem\",\"position\":5,\"name\":\"Smooth Brazilian Panties DM-6215\"}]},{\"@type\":\"WebSite\",\"@id\":\"https:\/\/agiomilano.com\/#website\",\"url\":\"https:\/\/agiomilano.com\/\",\"name\":\"agiomilano\",\"description\":\"Oficjalny sklep online Agio Milano\",\"potentialAction\":[{\"@type\":\"SearchAction\",\"target\":{\"@type\":\"EntryPoint\",\"urlTemplate\":\"https:\/\/agiomilano.com\/?s={search_term_string}\"},\"query-input\":{\"@type\":\"PropertyValueSpecification\",\"valueRequired\":true,\"valueName\":\"search_term_string\"}}],\"inLanguage\":\"en-US\"}]}<\/script>\n<!-- \/ Yoast SEO plugin. -->","yoast_head_json":{"title":"Smooth Brazilian Panties DM-6215 - agiomilano","description":"Smooth women's brazilian panties, delicate microfiber, comfortable panties that fit perfectly to the body and remain invisible under clothes...","robots":{"index":"index","follow":"follow","max-snippet":"max-snippet:-1","max-image-preview":"max-image-preview:large","max-video-preview":"max-video-preview:-1"},"canonical":"https:\/\/agiomilano.com\/en\/produkt\/majtki-damskie-47","og_locale":"en_US","og_type":"article","og_title":"Smooth Brazilian Panties DM-6215 - agiomilano","og_description":"Smooth women's brazilian panties, delicate microfiber, comfortable panties that fit perfectly to the body and remain invisible under clothes...","og_url":"https:\/\/agiomilano.com\/en\/produkt\/majtki-damskie-47","og_site_name":"agiomilano","article_modified_time":"2024-07-29T13:43:30+00:00","og_image":[{"width":829,"height":1200,"url":"https:\/\/agiomilano.com\/wp-content\/uploads\/2024\/01\/agio202418500-1.jpg","type":"image\/jpeg"}],"twitter_card":"summary_large_image","twitter_misc":{"Est. reading time":"1 minute"},"schema":{"@context":"https:\/\/schema.org","@graph":[{"@type":"WebPage","@id":"https:\/\/agiomilano.com\/en\/produkt\/majtki-damskie-47","url":"https:\/\/agiomilano.com\/en\/produkt\/majtki-damskie-47","name":"Smooth Brazilian Panties DM-6215 - agiomilano","isPartOf":{"@id":"https:\/\/agiomilano.com\/#website"},"primaryImageOfPage":{"@id":"https:\/\/agiomilano.com\/en\/produkt\/majtki-damskie-47#primaryimage"},"image":{"@id":"https:\/\/agiomilano.com\/en\/produkt\/majtki-damskie-47#primaryimage"},"thumbnailUrl":"https:\/\/agiomilano.com\/wp-content\/uploads\/2024\/01\/agio202418500-1.jpg","datePublished":"2024-01-12T11:12:18+00:00","dateModified":"2024-07-29T13:43:30+00:00","description":"Smooth women's brazilian panties, delicate microfiber, comfortable panties that fit perfectly to the body and remain invisible under clothes...","breadcrumb":{"@id":"https:\/\/agiomilano.com\/en\/produkt\/majtki-damskie-47#breadcrumb"},"inLanguage":"en-US","potentialAction":[{"@type":"ReadAction","target":["https:\/\/agiomilano.com\/en\/produkt\/majtki-damskie-47"]}]},{"@type":"ImageObject","inLanguage":"en-US","@id":"https:\/\/agiomilano.com\/en\/produkt\/majtki-damskie-47#primaryimage","url":"https:\/\/agiomilano.com\/wp-content\/uploads\/2024\/01\/agio202418500-1.jpg","contentUrl":"https:\/\/agiomilano.com\/wp-content\/uploads\/2024\/01\/agio202418500-1.jpg","width":829,"height":1200,"caption":"G\u0142adkie brazyliany z mikrofibry, czarne, r\u00f3\u017cowe majtki"},{"@type":"BreadcrumbList","@id":"https:\/\/agiomilano.com\/en\/produkt\/majtki-damskie-47#breadcrumb","itemListElement":[{"@type":"ListItem","position":1,"name":"Strona g\u0142\u00f3wna","item":"https:\/\/agiomilano.com\/en"},{"@type":"ListItem","position":2,"name":"Shop","item":"https:\/\/agiomilano.com\/en\/shop-2"},{"@type":"ListItem","position":3,"name":"Majtki","item":"https:\/\/agiomilano.com\/it\/kategoria\/majtki"},{"@type":"ListItem","position":4,"name":"Majtki kolorowe","item":"https:\/\/agiomilano.com\/kategoria\/majtki\/majtki-kolorowe"},{"@type":"ListItem","position":5,"name":"Smooth Brazilian Panties DM-6215"}]},{"@type":"WebSite","@id":"https:\/\/agiomilano.com\/#website","url":"https:\/\/agiomilano.com\/","name":"agiomilano","description":"Oficjalny sklep online Agio Milano","potentialAction":[{"@type":"SearchAction","target":{"@type":"EntryPoint","urlTemplate":"https:\/\/agiomilano.com\/?s={search_term_string}"},"query-input":{"@type":"PropertyValueSpecification","valueRequired":true,"valueName":"search_term_string"}}],"inLanguage":"en-US"}]}},"_links":{"self":[{"href":"https:\/\/agiomilano.com\/en\/wp-json\/wp\/v2\/product\/11856","targetHints":{"allow":["GET"]}}],"collection":[{"href":"https:\/\/agiomilano.com\/en\/wp-json\/wp\/v2\/product"}],"about":[{"href":"https:\/\/agiomilano.com\/en\/wp-json\/wp\/v2\/types\/product"}],"replies":[{"embeddable":true,"href":"https:\/\/agiomilano.com\/en\/wp-json\/wp\/v2\/comments?post=11856"}],"wp:featuredmedia":[{"embeddable":true,"href":"https:\/\/agiomilano.com\/en\/wp-json\/wp\/v2\/media\/6993"}],"wp:attachment":[{"href":"https:\/\/agiomilano.com\/en\/wp-json\/wp\/v2\/media?parent=11856"}],"wp:term":[{"taxonomy":"product_brand","embeddable":true,"href":"https:\/\/agiomilano.com\/en\/wp-json\/wp\/v2\/product_brand?post=11856"},{"taxonomy":"product_cat","embeddable":true,"href":"https:\/\/agiomilano.com\/en\/wp-json\/wp\/v2\/product_cat?post=11856"},{"taxonomy":"product_tag","embeddable":true,"href":"https:\/\/agiomilano.com\/en\/wp-json\/wp\/v2\/product_tag?post=11856"}],"curies":[{"name":"wp","href":"https:\/\/api.w.org\/{rel}","templated":true}]}}