{"id":11880,"date":"2024-01-12T12:05:32","date_gmt":"2024-01-12T11:05:32","guid":{"rendered":"https:\/\/agiomilano.com\/produkt\/biustonosz-22"},"modified":"2024-07-29T15:49:30","modified_gmt":"2024-07-29T13:49:30","slug":"biustonosz-22","status":"publish","type":"product","link":"https:\/\/agiomilano.com\/en\/produkt\/biustonosz-22","title":{"rendered":"Push Up Magic Up Bra DB-9191"},"content":{"rendered":"<p>A push up bra with embedded gel pads. Due to body temperature the gel pad moulds itself and takes the breast\u2019s shape. This kind of bra lifts up the breast well to create a rounder and more uplifted shape. The bra is very light, which ensures great comfort of wearing. This kind of bra cup is less covering and therefore recommended for firm breasts. The bra cup shape is ideal for low neckline tops, creating better cleavage enhancement.<\/p>\n","protected":false},"excerpt":{"rendered":"<p>A push up bra with embedded gel pads. Due to body temperature the gel pad moulds itself and takes the breast\u2019s shape. This kind of bra lifts up the breast well to create a rounder and more uplifted shape. The bra is very light, which ensures great comfort of wearing. This kind of bra cup [&hellip;]<\/p>\n","protected":false},"featured_media":7630,"comment_status":"open","ping_status":"closed","template":"","meta":{"_acf_changed":false,"_monsterinsights_skip_tracking":false,"_monsterinsights_sitenote_active":false,"_monsterinsights_sitenote_note":"","_monsterinsights_sitenote_category":0},"product_brand":[],"product_cat":[452,819,459,825,831,836,693,465,889,466,464,824,830,468],"product_tag":[],"class_list":{"0":"post-11880","1":"product","2":"type-product","3":"status-publish","4":"has-post-thumbnail","6":"product_cat-all","7":"product_cat-black-bras","8":"product_cat-bras","9":"product_cat-colorful-bras","10":"product_cat-magic-up-push-up-en","11":"product_cat-pink-bras","12":"product_cat-pink-underwear","13":"product_cat-plunge-bras","14":"product_cat-promotion","15":"product_cat-push-up-bras","16":"product_cat-small-sizes-bras","17":"product_cat-smooth-bras","18":"product_cat-smooth-push-up-bra","19":"product_cat-underwire-bras","21":"first","22":"instock","23":"sale","24":"taxable","25":"shipping-taxable","26":"purchasable","27":"product-type-variable"},"acf":[],"yoast_head":"<!-- This site is optimized with the Yoast SEO plugin v26.8 - https:\/\/yoast.com\/product\/yoast-seo-wordpress\/ -->\n<title>Push Up Magic Up Bra DB-9191 - agiomilano<\/title>\n<meta name=\"description\" content=\"Smooth push-up bra, perfect for deep necklines. The cup of the magic up bra adjusts itself to the shape of the breast...Visit our store!\" \/>\n<meta name=\"robots\" content=\"index, follow, max-snippet:-1, max-image-preview:large, max-video-preview:-1\" \/>\n<link rel=\"canonical\" href=\"https:\/\/agiomilano.com\/en\/produkt\/biustonosz-22\" \/>\n<meta property=\"og:locale\" content=\"en_US\" \/>\n<meta property=\"og:type\" content=\"article\" \/>\n<meta property=\"og:title\" content=\"Push Up Magic Up Bra DB-9191 - agiomilano\" \/>\n<meta property=\"og:description\" content=\"Smooth push-up bra, perfect for deep necklines. The cup of the magic up bra adjusts itself to the shape of the breast...Visit our store!\" \/>\n<meta property=\"og:url\" content=\"https:\/\/agiomilano.com\/en\/produkt\/biustonosz-22\" \/>\n<meta property=\"og:site_name\" content=\"agiomilano\" \/>\n<meta property=\"article:modified_time\" content=\"2024-07-29T13:49:30+00:00\" \/>\n<meta property=\"og:image\" content=\"https:\/\/agiomilano.com\/wp-content\/uploads\/2024\/01\/biustonosz-damski-plunge-push-up-kwiatowy-wzor-z-koronka-rozowy-db-9191.jpg\" \/>\n\t<meta property=\"og:image:width\" content=\"860\" \/>\n\t<meta property=\"og:image:height\" content=\"1147\" \/>\n\t<meta property=\"og:image:type\" content=\"image\/jpeg\" \/>\n<meta name=\"twitter:card\" content=\"summary_large_image\" \/>\n<meta name=\"twitter:label1\" content=\"Est. reading time\" \/>\n\t<meta name=\"twitter:data1\" content=\"1 minute\" \/>\n<script type=\"application\/ld+json\" class=\"yoast-schema-graph\">{\"@context\":\"https:\/\/schema.org\",\"@graph\":[{\"@type\":\"WebPage\",\"@id\":\"https:\/\/agiomilano.com\/en\/produkt\/biustonosz-22\",\"url\":\"https:\/\/agiomilano.com\/en\/produkt\/biustonosz-22\",\"name\":\"Push Up Magic Up Bra DB-9191 - agiomilano\",\"isPartOf\":{\"@id\":\"https:\/\/agiomilano.com\/#website\"},\"primaryImageOfPage\":{\"@id\":\"https:\/\/agiomilano.com\/en\/produkt\/biustonosz-22#primaryimage\"},\"image\":{\"@id\":\"https:\/\/agiomilano.com\/en\/produkt\/biustonosz-22#primaryimage\"},\"thumbnailUrl\":\"https:\/\/agiomilano.com\/wp-content\/uploads\/2024\/01\/biustonosz-damski-plunge-push-up-kwiatowy-wzor-z-koronka-rozowy-db-9191.jpg\",\"datePublished\":\"2024-01-12T11:05:32+00:00\",\"dateModified\":\"2024-07-29T13:49:30+00:00\",\"description\":\"Smooth push-up bra, perfect for deep necklines. The cup of the magic up bra adjusts itself to the shape of the breast...Visit our store!\",\"breadcrumb\":{\"@id\":\"https:\/\/agiomilano.com\/en\/produkt\/biustonosz-22#breadcrumb\"},\"inLanguage\":\"en-US\",\"potentialAction\":[{\"@type\":\"ReadAction\",\"target\":[\"https:\/\/agiomilano.com\/en\/produkt\/biustonosz-22\"]}]},{\"@type\":\"ImageObject\",\"inLanguage\":\"en-US\",\"@id\":\"https:\/\/agiomilano.com\/en\/produkt\/biustonosz-22#primaryimage\",\"url\":\"https:\/\/agiomilano.com\/wp-content\/uploads\/2024\/01\/biustonosz-damski-plunge-push-up-kwiatowy-wzor-z-koronka-rozowy-db-9191.jpg\",\"contentUrl\":\"https:\/\/agiomilano.com\/wp-content\/uploads\/2024\/01\/biustonosz-damski-plunge-push-up-kwiatowy-wzor-z-koronka-rozowy-db-9191.jpg\",\"width\":860,\"height\":1147,\"caption\":\"Biustonosz push up g\u0142adki, plunge, magic up, r\u00f3\u017cowy, kwiatowy wz\u00f3r, db-9191\"},{\"@type\":\"BreadcrumbList\",\"@id\":\"https:\/\/agiomilano.com\/en\/produkt\/biustonosz-22#breadcrumb\",\"itemListElement\":[{\"@type\":\"ListItem\",\"position\":1,\"name\":\"Strona g\u0142\u00f3wna\",\"item\":\"https:\/\/agiomilano.com\/en\"},{\"@type\":\"ListItem\",\"position\":2,\"name\":\"Shop\",\"item\":\"https:\/\/agiomilano.com\/en\/shop-2\"},{\"@type\":\"ListItem\",\"position\":3,\"name\":\"Biustonosze r\u00f3\u017cowe\",\"item\":\"https:\/\/agiomilano.com\/kategoria\/biustonosze-rozowe\"},{\"@type\":\"ListItem\",\"position\":4,\"name\":\"Push Up Magic Up Bra DB-9191\"}]},{\"@type\":\"WebSite\",\"@id\":\"https:\/\/agiomilano.com\/#website\",\"url\":\"https:\/\/agiomilano.com\/\",\"name\":\"agiomilano\",\"description\":\"Oficjalny sklep online Agio Milano\",\"potentialAction\":[{\"@type\":\"SearchAction\",\"target\":{\"@type\":\"EntryPoint\",\"urlTemplate\":\"https:\/\/agiomilano.com\/?s={search_term_string}\"},\"query-input\":{\"@type\":\"PropertyValueSpecification\",\"valueRequired\":true,\"valueName\":\"search_term_string\"}}],\"inLanguage\":\"en-US\"}]}<\/script>\n<!-- \/ Yoast SEO plugin. -->","yoast_head_json":{"title":"Push Up Magic Up Bra DB-9191 - agiomilano","description":"Smooth push-up bra, perfect for deep necklines. The cup of the magic up bra adjusts itself to the shape of the breast...Visit our store!","robots":{"index":"index","follow":"follow","max-snippet":"max-snippet:-1","max-image-preview":"max-image-preview:large","max-video-preview":"max-video-preview:-1"},"canonical":"https:\/\/agiomilano.com\/en\/produkt\/biustonosz-22","og_locale":"en_US","og_type":"article","og_title":"Push Up Magic Up Bra DB-9191 - agiomilano","og_description":"Smooth push-up bra, perfect for deep necklines. The cup of the magic up bra adjusts itself to the shape of the breast...Visit our store!","og_url":"https:\/\/agiomilano.com\/en\/produkt\/biustonosz-22","og_site_name":"agiomilano","article_modified_time":"2024-07-29T13:49:30+00:00","og_image":[{"width":860,"height":1147,"url":"https:\/\/agiomilano.com\/wp-content\/uploads\/2024\/01\/biustonosz-damski-plunge-push-up-kwiatowy-wzor-z-koronka-rozowy-db-9191.jpg","type":"image\/jpeg"}],"twitter_card":"summary_large_image","twitter_misc":{"Est. reading time":"1 minute"},"schema":{"@context":"https:\/\/schema.org","@graph":[{"@type":"WebPage","@id":"https:\/\/agiomilano.com\/en\/produkt\/biustonosz-22","url":"https:\/\/agiomilano.com\/en\/produkt\/biustonosz-22","name":"Push Up Magic Up Bra DB-9191 - agiomilano","isPartOf":{"@id":"https:\/\/agiomilano.com\/#website"},"primaryImageOfPage":{"@id":"https:\/\/agiomilano.com\/en\/produkt\/biustonosz-22#primaryimage"},"image":{"@id":"https:\/\/agiomilano.com\/en\/produkt\/biustonosz-22#primaryimage"},"thumbnailUrl":"https:\/\/agiomilano.com\/wp-content\/uploads\/2024\/01\/biustonosz-damski-plunge-push-up-kwiatowy-wzor-z-koronka-rozowy-db-9191.jpg","datePublished":"2024-01-12T11:05:32+00:00","dateModified":"2024-07-29T13:49:30+00:00","description":"Smooth push-up bra, perfect for deep necklines. The cup of the magic up bra adjusts itself to the shape of the breast...Visit our store!","breadcrumb":{"@id":"https:\/\/agiomilano.com\/en\/produkt\/biustonosz-22#breadcrumb"},"inLanguage":"en-US","potentialAction":[{"@type":"ReadAction","target":["https:\/\/agiomilano.com\/en\/produkt\/biustonosz-22"]}]},{"@type":"ImageObject","inLanguage":"en-US","@id":"https:\/\/agiomilano.com\/en\/produkt\/biustonosz-22#primaryimage","url":"https:\/\/agiomilano.com\/wp-content\/uploads\/2024\/01\/biustonosz-damski-plunge-push-up-kwiatowy-wzor-z-koronka-rozowy-db-9191.jpg","contentUrl":"https:\/\/agiomilano.com\/wp-content\/uploads\/2024\/01\/biustonosz-damski-plunge-push-up-kwiatowy-wzor-z-koronka-rozowy-db-9191.jpg","width":860,"height":1147,"caption":"Biustonosz push up g\u0142adki, plunge, magic up, r\u00f3\u017cowy, kwiatowy wz\u00f3r, db-9191"},{"@type":"BreadcrumbList","@id":"https:\/\/agiomilano.com\/en\/produkt\/biustonosz-22#breadcrumb","itemListElement":[{"@type":"ListItem","position":1,"name":"Strona g\u0142\u00f3wna","item":"https:\/\/agiomilano.com\/en"},{"@type":"ListItem","position":2,"name":"Shop","item":"https:\/\/agiomilano.com\/en\/shop-2"},{"@type":"ListItem","position":3,"name":"Biustonosze r\u00f3\u017cowe","item":"https:\/\/agiomilano.com\/kategoria\/biustonosze-rozowe"},{"@type":"ListItem","position":4,"name":"Push Up Magic Up Bra DB-9191"}]},{"@type":"WebSite","@id":"https:\/\/agiomilano.com\/#website","url":"https:\/\/agiomilano.com\/","name":"agiomilano","description":"Oficjalny sklep online Agio Milano","potentialAction":[{"@type":"SearchAction","target":{"@type":"EntryPoint","urlTemplate":"https:\/\/agiomilano.com\/?s={search_term_string}"},"query-input":{"@type":"PropertyValueSpecification","valueRequired":true,"valueName":"search_term_string"}}],"inLanguage":"en-US"}]}},"_links":{"self":[{"href":"https:\/\/agiomilano.com\/en\/wp-json\/wp\/v2\/product\/11880","targetHints":{"allow":["GET"]}}],"collection":[{"href":"https:\/\/agiomilano.com\/en\/wp-json\/wp\/v2\/product"}],"about":[{"href":"https:\/\/agiomilano.com\/en\/wp-json\/wp\/v2\/types\/product"}],"replies":[{"embeddable":true,"href":"https:\/\/agiomilano.com\/en\/wp-json\/wp\/v2\/comments?post=11880"}],"wp:featuredmedia":[{"embeddable":true,"href":"https:\/\/agiomilano.com\/en\/wp-json\/wp\/v2\/media\/7630"}],"wp:attachment":[{"href":"https:\/\/agiomilano.com\/en\/wp-json\/wp\/v2\/media?parent=11880"}],"wp:term":[{"taxonomy":"product_brand","embeddable":true,"href":"https:\/\/agiomilano.com\/en\/wp-json\/wp\/v2\/product_brand?post=11880"},{"taxonomy":"product_cat","embeddable":true,"href":"https:\/\/agiomilano.com\/en\/wp-json\/wp\/v2\/product_cat?post=11880"},{"taxonomy":"product_tag","embeddable":true,"href":"https:\/\/agiomilano.com\/en\/wp-json\/wp\/v2\/product_tag?post=11880"}],"curies":[{"name":"wp","href":"https:\/\/api.w.org\/{rel}","templated":true}]}}