{"id":12124,"date":"2024-01-24T09:38:07","date_gmt":"2024-01-24T08:38:07","guid":{"rendered":"https:\/\/agiomilano.com\/produkt\/biustonosz-31"},"modified":"2024-08-01T13:35:19","modified_gmt":"2024-08-01T11:35:19","slug":"biustonosz-31","status":"publish","type":"product","link":"https:\/\/agiomilano.com\/en\/produkt\/biustonosz-31","title":{"rendered":"Push Up Bra With Smooth Lace DB-9250"},"content":{"rendered":"<p>A push up bra with embedded high density gel pads. Thanks to this solution the bra can keep a better shape, still feels natural and very comfortable, delicate like a woman\u2019s body and incredibly light. Deeper cups with taller sides help to accommodate more breast tissue. The bra cup shape is ideal for low neckline tops.<\/p>\n","protected":false},"excerpt":{"rendered":"<p>A push up bra with embedded high density gel pads. Thanks to this solution the bra can keep a better shape, still feels natural and very comfortable, delicate like a woman\u2019s body and incredibly light. Deeper cups with taller sides help to accommodate more breast tissue. The bra cup shape is ideal for low neckline [&hellip;]<\/p>\n","protected":false},"featured_media":7169,"comment_status":"open","ping_status":"closed","template":"","meta":{"_acf_changed":false,"_monsterinsights_skip_tracking":false,"_monsterinsights_sitenote_active":false,"_monsterinsights_sitenote_note":"","_monsterinsights_sitenote_category":0},"product_brand":[],"product_cat":[452,828,459,825,463,460,462,473,823,465,889,466,464,824,468],"product_tag":[],"class_list":{"0":"post-12124","1":"product","2":"type-product","3":"status-publish","4":"has-post-thumbnail","6":"product_cat-all","7":"product_cat-blue-bras","8":"product_cat-bras","9":"product_cat-colorful-bras","10":"product_cat-cups-e","11":"product_cat-full-cup","12":"product_cat-lace-bras","13":"product_cat-my-body-push-up-2-en","14":"product_cat-navy-blue-bras","15":"product_cat-plunge-bras","16":"product_cat-promotion","17":"product_cat-push-up-bras","18":"product_cat-small-sizes-bras","19":"product_cat-smooth-bras","20":"product_cat-underwire-bras","22":"first","23":"instock","24":"taxable","25":"shipping-taxable","26":"purchasable","27":"product-type-variable"},"acf":[],"yoast_head":"<!-- This site is optimized with the Yoast SEO plugin v26.8 - https:\/\/yoast.com\/product\/yoast-seo-wordpress\/ -->\n<title>Push Up Bra With Smooth Lace DB-9250<\/title>\n<meta name=\"description\" content=\"Push up bra with smooth lace that will not be visible under clothes, perfect neckline, bra as delicate as second skin, reacts to body temperature\" \/>\n<meta name=\"robots\" content=\"index, follow, max-snippet:-1, max-image-preview:large, max-video-preview:-1\" \/>\n<link rel=\"canonical\" href=\"https:\/\/agiomilano.com\/en\/produkt\/biustonosz-31\" \/>\n<meta property=\"og:locale\" content=\"en_US\" \/>\n<meta property=\"og:type\" content=\"article\" \/>\n<meta property=\"og:title\" content=\"Push Up Bra With Smooth Lace DB-9250\" \/>\n<meta property=\"og:description\" content=\"Push up bra with smooth lace that will not be visible under clothes, perfect neckline, bra as delicate as second skin, reacts to body temperature\" \/>\n<meta property=\"og:url\" content=\"https:\/\/agiomilano.com\/en\/produkt\/biustonosz-31\" \/>\n<meta property=\"og:site_name\" content=\"agiomilano\" \/>\n<meta property=\"article:modified_time\" content=\"2024-08-01T11:35:19+00:00\" \/>\n<meta property=\"og:image\" content=\"https:\/\/agiomilano.com\/wp-content\/uploads\/2024\/01\/biustonosz-damski-push-up-plunge-my-body-koronkowy-granatowy-db-9250.jpg\" \/>\n\t<meta property=\"og:image:width\" content=\"860\" \/>\n\t<meta property=\"og:image:height\" content=\"1147\" \/>\n\t<meta property=\"og:image:type\" content=\"image\/jpeg\" \/>\n<meta name=\"twitter:card\" content=\"summary_large_image\" \/>\n<meta name=\"twitter:label1\" content=\"Est. reading time\" \/>\n\t<meta name=\"twitter:data1\" content=\"1 minute\" \/>\n<script type=\"application\/ld+json\" class=\"yoast-schema-graph\">{\"@context\":\"https:\/\/schema.org\",\"@graph\":[{\"@type\":\"WebPage\",\"@id\":\"https:\/\/agiomilano.com\/en\/produkt\/biustonosz-31\",\"url\":\"https:\/\/agiomilano.com\/en\/produkt\/biustonosz-31\",\"name\":\"Push Up Bra With Smooth Lace DB-9250\",\"isPartOf\":{\"@id\":\"https:\/\/agiomilano.com\/#website\"},\"primaryImageOfPage\":{\"@id\":\"https:\/\/agiomilano.com\/en\/produkt\/biustonosz-31#primaryimage\"},\"image\":{\"@id\":\"https:\/\/agiomilano.com\/en\/produkt\/biustonosz-31#primaryimage\"},\"thumbnailUrl\":\"https:\/\/agiomilano.com\/wp-content\/uploads\/2024\/01\/biustonosz-damski-push-up-plunge-my-body-koronkowy-granatowy-db-9250.jpg\",\"datePublished\":\"2024-01-24T08:38:07+00:00\",\"dateModified\":\"2024-08-01T11:35:19+00:00\",\"description\":\"Push up bra with smooth lace that will not be visible under clothes, perfect neckline, bra as delicate as second skin, reacts to body temperature\",\"breadcrumb\":{\"@id\":\"https:\/\/agiomilano.com\/en\/produkt\/biustonosz-31#breadcrumb\"},\"inLanguage\":\"en-US\",\"potentialAction\":[{\"@type\":\"ReadAction\",\"target\":[\"https:\/\/agiomilano.com\/en\/produkt\/biustonosz-31\"]}]},{\"@type\":\"ImageObject\",\"inLanguage\":\"en-US\",\"@id\":\"https:\/\/agiomilano.com\/en\/produkt\/biustonosz-31#primaryimage\",\"url\":\"https:\/\/agiomilano.com\/wp-content\/uploads\/2024\/01\/biustonosz-damski-push-up-plunge-my-body-koronkowy-granatowy-db-9250.jpg\",\"contentUrl\":\"https:\/\/agiomilano.com\/wp-content\/uploads\/2024\/01\/biustonosz-damski-push-up-plunge-my-body-koronkowy-granatowy-db-9250.jpg\",\"width\":860,\"height\":1147,\"caption\":\"Biustonosz z g\u0142adk\u0105 koronk\u0105, my body push up granatowy, db-9250\"},{\"@type\":\"BreadcrumbList\",\"@id\":\"https:\/\/agiomilano.com\/en\/produkt\/biustonosz-31#breadcrumb\",\"itemListElement\":[{\"@type\":\"ListItem\",\"position\":1,\"name\":\"Strona g\u0142\u00f3wna\",\"item\":\"https:\/\/agiomilano.com\/en\"},{\"@type\":\"ListItem\",\"position\":2,\"name\":\"Shop\",\"item\":\"https:\/\/agiomilano.com\/en\/shop-2\"},{\"@type\":\"ListItem\",\"position\":3,\"name\":\"Wszystkie\",\"item\":\"https:\/\/agiomilano.com\/it\/kategoria\/uncategorized-it\"},{\"@type\":\"ListItem\",\"position\":4,\"name\":\"Push Up Bra With Smooth Lace DB-9250\"}]},{\"@type\":\"WebSite\",\"@id\":\"https:\/\/agiomilano.com\/#website\",\"url\":\"https:\/\/agiomilano.com\/\",\"name\":\"agiomilano\",\"description\":\"Oficjalny sklep online Agio Milano\",\"potentialAction\":[{\"@type\":\"SearchAction\",\"target\":{\"@type\":\"EntryPoint\",\"urlTemplate\":\"https:\/\/agiomilano.com\/?s={search_term_string}\"},\"query-input\":{\"@type\":\"PropertyValueSpecification\",\"valueRequired\":true,\"valueName\":\"search_term_string\"}}],\"inLanguage\":\"en-US\"}]}<\/script>\n<!-- \/ Yoast SEO plugin. -->","yoast_head_json":{"title":"Push Up Bra With Smooth Lace DB-9250","description":"Push up bra with smooth lace that will not be visible under clothes, perfect neckline, bra as delicate as second skin, reacts to body temperature","robots":{"index":"index","follow":"follow","max-snippet":"max-snippet:-1","max-image-preview":"max-image-preview:large","max-video-preview":"max-video-preview:-1"},"canonical":"https:\/\/agiomilano.com\/en\/produkt\/biustonosz-31","og_locale":"en_US","og_type":"article","og_title":"Push Up Bra With Smooth Lace DB-9250","og_description":"Push up bra with smooth lace that will not be visible under clothes, perfect neckline, bra as delicate as second skin, reacts to body temperature","og_url":"https:\/\/agiomilano.com\/en\/produkt\/biustonosz-31","og_site_name":"agiomilano","article_modified_time":"2024-08-01T11:35:19+00:00","og_image":[{"width":860,"height":1147,"url":"https:\/\/agiomilano.com\/wp-content\/uploads\/2024\/01\/biustonosz-damski-push-up-plunge-my-body-koronkowy-granatowy-db-9250.jpg","type":"image\/jpeg"}],"twitter_card":"summary_large_image","twitter_misc":{"Est. reading time":"1 minute"},"schema":{"@context":"https:\/\/schema.org","@graph":[{"@type":"WebPage","@id":"https:\/\/agiomilano.com\/en\/produkt\/biustonosz-31","url":"https:\/\/agiomilano.com\/en\/produkt\/biustonosz-31","name":"Push Up Bra With Smooth Lace DB-9250","isPartOf":{"@id":"https:\/\/agiomilano.com\/#website"},"primaryImageOfPage":{"@id":"https:\/\/agiomilano.com\/en\/produkt\/biustonosz-31#primaryimage"},"image":{"@id":"https:\/\/agiomilano.com\/en\/produkt\/biustonosz-31#primaryimage"},"thumbnailUrl":"https:\/\/agiomilano.com\/wp-content\/uploads\/2024\/01\/biustonosz-damski-push-up-plunge-my-body-koronkowy-granatowy-db-9250.jpg","datePublished":"2024-01-24T08:38:07+00:00","dateModified":"2024-08-01T11:35:19+00:00","description":"Push up bra with smooth lace that will not be visible under clothes, perfect neckline, bra as delicate as second skin, reacts to body temperature","breadcrumb":{"@id":"https:\/\/agiomilano.com\/en\/produkt\/biustonosz-31#breadcrumb"},"inLanguage":"en-US","potentialAction":[{"@type":"ReadAction","target":["https:\/\/agiomilano.com\/en\/produkt\/biustonosz-31"]}]},{"@type":"ImageObject","inLanguage":"en-US","@id":"https:\/\/agiomilano.com\/en\/produkt\/biustonosz-31#primaryimage","url":"https:\/\/agiomilano.com\/wp-content\/uploads\/2024\/01\/biustonosz-damski-push-up-plunge-my-body-koronkowy-granatowy-db-9250.jpg","contentUrl":"https:\/\/agiomilano.com\/wp-content\/uploads\/2024\/01\/biustonosz-damski-push-up-plunge-my-body-koronkowy-granatowy-db-9250.jpg","width":860,"height":1147,"caption":"Biustonosz z g\u0142adk\u0105 koronk\u0105, my body push up granatowy, db-9250"},{"@type":"BreadcrumbList","@id":"https:\/\/agiomilano.com\/en\/produkt\/biustonosz-31#breadcrumb","itemListElement":[{"@type":"ListItem","position":1,"name":"Strona g\u0142\u00f3wna","item":"https:\/\/agiomilano.com\/en"},{"@type":"ListItem","position":2,"name":"Shop","item":"https:\/\/agiomilano.com\/en\/shop-2"},{"@type":"ListItem","position":3,"name":"Wszystkie","item":"https:\/\/agiomilano.com\/it\/kategoria\/uncategorized-it"},{"@type":"ListItem","position":4,"name":"Push Up Bra With Smooth Lace DB-9250"}]},{"@type":"WebSite","@id":"https:\/\/agiomilano.com\/#website","url":"https:\/\/agiomilano.com\/","name":"agiomilano","description":"Oficjalny sklep online Agio Milano","potentialAction":[{"@type":"SearchAction","target":{"@type":"EntryPoint","urlTemplate":"https:\/\/agiomilano.com\/?s={search_term_string}"},"query-input":{"@type":"PropertyValueSpecification","valueRequired":true,"valueName":"search_term_string"}}],"inLanguage":"en-US"}]}},"_links":{"self":[{"href":"https:\/\/agiomilano.com\/en\/wp-json\/wp\/v2\/product\/12124","targetHints":{"allow":["GET"]}}],"collection":[{"href":"https:\/\/agiomilano.com\/en\/wp-json\/wp\/v2\/product"}],"about":[{"href":"https:\/\/agiomilano.com\/en\/wp-json\/wp\/v2\/types\/product"}],"replies":[{"embeddable":true,"href":"https:\/\/agiomilano.com\/en\/wp-json\/wp\/v2\/comments?post=12124"}],"wp:featuredmedia":[{"embeddable":true,"href":"https:\/\/agiomilano.com\/en\/wp-json\/wp\/v2\/media\/7169"}],"wp:attachment":[{"href":"https:\/\/agiomilano.com\/en\/wp-json\/wp\/v2\/media?parent=12124"}],"wp:term":[{"taxonomy":"product_brand","embeddable":true,"href":"https:\/\/agiomilano.com\/en\/wp-json\/wp\/v2\/product_brand?post=12124"},{"taxonomy":"product_cat","embeddable":true,"href":"https:\/\/agiomilano.com\/en\/wp-json\/wp\/v2\/product_cat?post=12124"},{"taxonomy":"product_tag","embeddable":true,"href":"https:\/\/agiomilano.com\/en\/wp-json\/wp\/v2\/product_tag?post=12124"}],"curies":[{"name":"wp","href":"https:\/\/api.w.org\/{rel}","templated":true}]}}