{"id":16965,"date":"2023-12-01T11:18:10","date_gmt":"2023-12-01T10:18:10","guid":{"rendered":"https:\/\/agiomilano.com\/produkt\/two-piece-womens-pajamas-dp-s03"},"modified":"2024-10-11T10:24:39","modified_gmt":"2024-10-11T08:24:39","slug":"two-piece-womens-pajamas-dp-s03","status":"publish","type":"product","link":"https:\/\/agiomilano.com\/en\/produkt\/two-piece-womens-pajamas-dp-s03","title":{"rendered":"Two-Piece Women&#8217;s Pajamas DP-S03"},"content":{"rendered":"<p>Stylish two-piece women&#8217;s pajamas made of knitted fabric, which is a combination of viscose, delicate cotton and spandex. The skin-friendly combination is breathable and soft on the skin. Women&#8217;s two-piece pajamas with long sleeves and a half-buttoned neckline. Wide, long trousers with an elastic waistband and buttons.<\/p>\n","protected":false},"excerpt":{"rendered":"<p>Stylish two-piece women&#8217;s pajamas made of knitted fabric, which is a combination of viscose, delicate cotton and spandex. The skin-friendly combination is breathable and soft on the skin. Women&#8217;s two-piece pajamas with long sleeves and a half-buttoned neckline. Wide, long trousers with an elastic waistband and buttons.<\/p>\n","protected":false},"featured_media":4343,"comment_status":"open","ping_status":"closed","template":"","meta":{"_acf_changed":false,"_monsterinsights_skip_tracking":false,"_monsterinsights_sitenote_active":false,"_monsterinsights_sitenote_note":"","_monsterinsights_sitenote_category":0},"product_brand":[],"product_cat":[808,805,787],"product_tag":[],"class_list":{"0":"post-16965","1":"product","2":"type-product","3":"status-publish","4":"has-post-thumbnail","6":"product_cat-grey-nightwear-en","7":"product_cat-ladies-payamas","8":"product_cat-nightwear","10":"first","11":"instock","12":"taxable","13":"shipping-taxable","14":"purchasable","15":"product-type-variable"},"acf":[],"yoast_head":"<!-- This site is optimized with the Yoast SEO plugin v26.8 - https:\/\/yoast.com\/product\/yoast-seo-wordpress\/ -->\n<title>Two-Piece Women&#039;s Pajamas DP-S03 - agiomilano<\/title>\n<meta name=\"description\" content=\"Comfortable and stylish two-piece women&#039;s pajamas made of bamboo cotton. Long-sleeved pajamas and long pants included.\" \/>\n<meta name=\"robots\" content=\"index, follow, max-snippet:-1, max-image-preview:large, max-video-preview:-1\" \/>\n<link rel=\"canonical\" href=\"https:\/\/agiomilano.com\/en\/produkt\/two-piece-womens-pajamas-dp-s03\" \/>\n<meta property=\"og:locale\" content=\"en_US\" \/>\n<meta property=\"og:type\" content=\"article\" \/>\n<meta property=\"og:title\" content=\"Two-Piece Women&#039;s Pajamas DP-S03 - agiomilano\" \/>\n<meta property=\"og:description\" content=\"Comfortable and stylish two-piece women&#039;s pajamas made of bamboo cotton. Long-sleeved pajamas and long pants included.\" \/>\n<meta property=\"og:url\" content=\"https:\/\/agiomilano.com\/en\/produkt\/two-piece-womens-pajamas-dp-s03\" \/>\n<meta property=\"og:site_name\" content=\"agiomilano\" \/>\n<meta property=\"article:modified_time\" content=\"2024-10-11T08:24:39+00:00\" \/>\n<meta property=\"og:image\" content=\"https:\/\/agiomilano.com\/wp-content\/uploads\/2023\/12\/pizama-damska-dlugi-rekaw-bawelna-bambusowa-szary-front-dp-s03.jpg\" \/>\n\t<meta property=\"og:image:width\" content=\"860\" \/>\n\t<meta property=\"og:image:height\" content=\"1147\" \/>\n\t<meta property=\"og:image:type\" content=\"image\/jpeg\" \/>\n<meta name=\"twitter:card\" content=\"summary_large_image\" \/>\n<meta name=\"twitter:label1\" content=\"Est. reading time\" \/>\n\t<meta name=\"twitter:data1\" content=\"1 minute\" \/>\n<script type=\"application\/ld+json\" class=\"yoast-schema-graph\">{\"@context\":\"https:\/\/schema.org\",\"@graph\":[{\"@type\":\"WebPage\",\"@id\":\"https:\/\/agiomilano.com\/en\/produkt\/two-piece-womens-pajamas-dp-s03\",\"url\":\"https:\/\/agiomilano.com\/en\/produkt\/two-piece-womens-pajamas-dp-s03\",\"name\":\"Two-Piece Women's Pajamas DP-S03 - agiomilano\",\"isPartOf\":{\"@id\":\"https:\/\/agiomilano.com\/#website\"},\"primaryImageOfPage\":{\"@id\":\"https:\/\/agiomilano.com\/en\/produkt\/two-piece-womens-pajamas-dp-s03#primaryimage\"},\"image\":{\"@id\":\"https:\/\/agiomilano.com\/en\/produkt\/two-piece-womens-pajamas-dp-s03#primaryimage\"},\"thumbnailUrl\":\"https:\/\/agiomilano.com\/wp-content\/uploads\/2023\/12\/pizama-damska-dlugi-rekaw-bawelna-bambusowa-szary-front-dp-s03.jpg\",\"datePublished\":\"2023-12-01T10:18:10+00:00\",\"dateModified\":\"2024-10-11T08:24:39+00:00\",\"description\":\"Comfortable and stylish two-piece women's pajamas made of bamboo cotton. Long-sleeved pajamas and long pants included.\",\"breadcrumb\":{\"@id\":\"https:\/\/agiomilano.com\/en\/produkt\/two-piece-womens-pajamas-dp-s03#breadcrumb\"},\"inLanguage\":\"en-US\",\"potentialAction\":[{\"@type\":\"ReadAction\",\"target\":[\"https:\/\/agiomilano.com\/en\/produkt\/two-piece-womens-pajamas-dp-s03\"]}]},{\"@type\":\"ImageObject\",\"inLanguage\":\"en-US\",\"@id\":\"https:\/\/agiomilano.com\/en\/produkt\/two-piece-womens-pajamas-dp-s03#primaryimage\",\"url\":\"https:\/\/agiomilano.com\/wp-content\/uploads\/2023\/12\/pizama-damska-dlugi-rekaw-bawelna-bambusowa-szary-front-dp-s03.jpg\",\"contentUrl\":\"https:\/\/agiomilano.com\/wp-content\/uploads\/2023\/12\/pizama-damska-dlugi-rekaw-bawelna-bambusowa-szary-front-dp-s03.jpg\",\"width\":860,\"height\":1147,\"caption\":\"Pi\u017cama dwucz\u0119\u015bciowa damska, d\u0142ugi r\u0119kam, bawe\u0142na bambusowa\"},{\"@type\":\"BreadcrumbList\",\"@id\":\"https:\/\/agiomilano.com\/en\/produkt\/two-piece-womens-pajamas-dp-s03#breadcrumb\",\"itemListElement\":[{\"@type\":\"ListItem\",\"position\":1,\"name\":\"Strona g\u0142\u00f3wna\",\"item\":\"https:\/\/agiomilano.com\/en\"},{\"@type\":\"ListItem\",\"position\":2,\"name\":\"Shop\",\"item\":\"https:\/\/agiomilano.com\/en\/shop-2\"},{\"@type\":\"ListItem\",\"position\":3,\"name\":\"Nightwear\",\"item\":\"https:\/\/agiomilano.com\/en\/kategoria\/nightwear\"},{\"@type\":\"ListItem\",\"position\":4,\"name\":\"Two-Piece Women&#8217;s Pajamas DP-S03\"}]},{\"@type\":\"WebSite\",\"@id\":\"https:\/\/agiomilano.com\/#website\",\"url\":\"https:\/\/agiomilano.com\/\",\"name\":\"agiomilano\",\"description\":\"Oficjalny sklep online Agio Milano\",\"potentialAction\":[{\"@type\":\"SearchAction\",\"target\":{\"@type\":\"EntryPoint\",\"urlTemplate\":\"https:\/\/agiomilano.com\/?s={search_term_string}\"},\"query-input\":{\"@type\":\"PropertyValueSpecification\",\"valueRequired\":true,\"valueName\":\"search_term_string\"}}],\"inLanguage\":\"en-US\"}]}<\/script>\n<!-- \/ Yoast SEO plugin. -->","yoast_head_json":{"title":"Two-Piece Women's Pajamas DP-S03 - agiomilano","description":"Comfortable and stylish two-piece women's pajamas made of bamboo cotton. Long-sleeved pajamas and long pants included.","robots":{"index":"index","follow":"follow","max-snippet":"max-snippet:-1","max-image-preview":"max-image-preview:large","max-video-preview":"max-video-preview:-1"},"canonical":"https:\/\/agiomilano.com\/en\/produkt\/two-piece-womens-pajamas-dp-s03","og_locale":"en_US","og_type":"article","og_title":"Two-Piece Women's Pajamas DP-S03 - agiomilano","og_description":"Comfortable and stylish two-piece women's pajamas made of bamboo cotton. Long-sleeved pajamas and long pants included.","og_url":"https:\/\/agiomilano.com\/en\/produkt\/two-piece-womens-pajamas-dp-s03","og_site_name":"agiomilano","article_modified_time":"2024-10-11T08:24:39+00:00","og_image":[{"width":860,"height":1147,"url":"https:\/\/agiomilano.com\/wp-content\/uploads\/2023\/12\/pizama-damska-dlugi-rekaw-bawelna-bambusowa-szary-front-dp-s03.jpg","type":"image\/jpeg"}],"twitter_card":"summary_large_image","twitter_misc":{"Est. reading time":"1 minute"},"schema":{"@context":"https:\/\/schema.org","@graph":[{"@type":"WebPage","@id":"https:\/\/agiomilano.com\/en\/produkt\/two-piece-womens-pajamas-dp-s03","url":"https:\/\/agiomilano.com\/en\/produkt\/two-piece-womens-pajamas-dp-s03","name":"Two-Piece Women's Pajamas DP-S03 - agiomilano","isPartOf":{"@id":"https:\/\/agiomilano.com\/#website"},"primaryImageOfPage":{"@id":"https:\/\/agiomilano.com\/en\/produkt\/two-piece-womens-pajamas-dp-s03#primaryimage"},"image":{"@id":"https:\/\/agiomilano.com\/en\/produkt\/two-piece-womens-pajamas-dp-s03#primaryimage"},"thumbnailUrl":"https:\/\/agiomilano.com\/wp-content\/uploads\/2023\/12\/pizama-damska-dlugi-rekaw-bawelna-bambusowa-szary-front-dp-s03.jpg","datePublished":"2023-12-01T10:18:10+00:00","dateModified":"2024-10-11T08:24:39+00:00","description":"Comfortable and stylish two-piece women's pajamas made of bamboo cotton. Long-sleeved pajamas and long pants included.","breadcrumb":{"@id":"https:\/\/agiomilano.com\/en\/produkt\/two-piece-womens-pajamas-dp-s03#breadcrumb"},"inLanguage":"en-US","potentialAction":[{"@type":"ReadAction","target":["https:\/\/agiomilano.com\/en\/produkt\/two-piece-womens-pajamas-dp-s03"]}]},{"@type":"ImageObject","inLanguage":"en-US","@id":"https:\/\/agiomilano.com\/en\/produkt\/two-piece-womens-pajamas-dp-s03#primaryimage","url":"https:\/\/agiomilano.com\/wp-content\/uploads\/2023\/12\/pizama-damska-dlugi-rekaw-bawelna-bambusowa-szary-front-dp-s03.jpg","contentUrl":"https:\/\/agiomilano.com\/wp-content\/uploads\/2023\/12\/pizama-damska-dlugi-rekaw-bawelna-bambusowa-szary-front-dp-s03.jpg","width":860,"height":1147,"caption":"Pi\u017cama dwucz\u0119\u015bciowa damska, d\u0142ugi r\u0119kam, bawe\u0142na bambusowa"},{"@type":"BreadcrumbList","@id":"https:\/\/agiomilano.com\/en\/produkt\/two-piece-womens-pajamas-dp-s03#breadcrumb","itemListElement":[{"@type":"ListItem","position":1,"name":"Strona g\u0142\u00f3wna","item":"https:\/\/agiomilano.com\/en"},{"@type":"ListItem","position":2,"name":"Shop","item":"https:\/\/agiomilano.com\/en\/shop-2"},{"@type":"ListItem","position":3,"name":"Nightwear","item":"https:\/\/agiomilano.com\/en\/kategoria\/nightwear"},{"@type":"ListItem","position":4,"name":"Two-Piece Women&#8217;s Pajamas DP-S03"}]},{"@type":"WebSite","@id":"https:\/\/agiomilano.com\/#website","url":"https:\/\/agiomilano.com\/","name":"agiomilano","description":"Oficjalny sklep online Agio Milano","potentialAction":[{"@type":"SearchAction","target":{"@type":"EntryPoint","urlTemplate":"https:\/\/agiomilano.com\/?s={search_term_string}"},"query-input":{"@type":"PropertyValueSpecification","valueRequired":true,"valueName":"search_term_string"}}],"inLanguage":"en-US"}]}},"_links":{"self":[{"href":"https:\/\/agiomilano.com\/en\/wp-json\/wp\/v2\/product\/16965","targetHints":{"allow":["GET"]}}],"collection":[{"href":"https:\/\/agiomilano.com\/en\/wp-json\/wp\/v2\/product"}],"about":[{"href":"https:\/\/agiomilano.com\/en\/wp-json\/wp\/v2\/types\/product"}],"replies":[{"embeddable":true,"href":"https:\/\/agiomilano.com\/en\/wp-json\/wp\/v2\/comments?post=16965"}],"wp:featuredmedia":[{"embeddable":true,"href":"https:\/\/agiomilano.com\/en\/wp-json\/wp\/v2\/media\/4343"}],"wp:attachment":[{"href":"https:\/\/agiomilano.com\/en\/wp-json\/wp\/v2\/media?parent=16965"}],"wp:term":[{"taxonomy":"product_brand","embeddable":true,"href":"https:\/\/agiomilano.com\/en\/wp-json\/wp\/v2\/product_brand?post=16965"},{"taxonomy":"product_cat","embeddable":true,"href":"https:\/\/agiomilano.com\/en\/wp-json\/wp\/v2\/product_cat?post=16965"},{"taxonomy":"product_tag","embeddable":true,"href":"https:\/\/agiomilano.com\/en\/wp-json\/wp\/v2\/product_tag?post=16965"}],"curies":[{"name":"wp","href":"https:\/\/api.w.org\/{rel}","templated":true}]}}