{"id":23666,"date":"2025-02-11T10:20:10","date_gmt":"2025-02-11T09:20:10","guid":{"rendered":"https:\/\/agiomilano.com\/produkt\/koszula-nocna-11"},"modified":"2026-03-24T19:08:14","modified_gmt":"2026-03-24T18:08:14","slug":"koszula-nocna-11","status":"publish","type":"product","link":"https:\/\/agiomilano.com\/en\/produkt\/koszula-nocna-11","title":{"rendered":"Koronkowa Koszulka Nocna DK-3117"},"content":{"rendered":"<p>Koronkowa koszulka nocna z delikatnych materia\u0142\u00f3w. G\u00f3rna cz\u0119\u015b\u0107 koszulki podszyta jest siateczk\u0105 w kontra\u015bcie. Dolna cz\u0119\u015b\u0107 koszulki wykonana z dw\u00f3ch warstw siateczki. Szerokie rami\u0105czka bez regulacji.<\/p>\n","protected":false},"excerpt":{"rendered":"<p>Koronkowa koszulka nocna z delikatnych materia\u0142\u00f3w. G\u00f3rna cz\u0119\u015b\u0107 koszulki podszyta jest siateczk\u0105 w kontra\u015bcie. Dolna cz\u0119\u015b\u0107 koszulki wykonana z dw\u00f3ch warstw siateczki. Szerokie rami\u0105czka bez regulacji.<\/p>\n","protected":false},"featured_media":23709,"comment_status":"open","ping_status":"closed","template":"","meta":{"_acf_changed":false,"_monsterinsights_skip_tracking":false,"_monsterinsights_sitenote_active":false,"_monsterinsights_sitenote_note":"","_monsterinsights_sitenote_category":0},"product_brand":[],"product_cat":[15,113,264,207,208,209,215,1247,267],"product_tag":[],"class_list":{"0":"post-23666","1":"product","2":"type-product","3":"status-publish","4":"has-post-thumbnail","6":"product_cat-uncategorized","7":"product_cat-bielizna-nocna","8":"product_cat-grafitowa-bielizna-nocna","9":"product_cat-halka-nocna","10":"product_cat-koszulka-damska","11":"product_cat-koszulka-damska-na-ramiaczka","12":"product_cat-koszulka-nocna-z-koronka","13":"product_cat-prezentownik25","14":"product_cat-szara-bielizna-nocna","16":"first","17":"instock","18":"taxable","19":"shipping-taxable","20":"purchasable","21":"product-type-variable"},"acf":[],"yoast_head":"<!-- This site is optimized with the Yoast SEO plugin v26.8 - https:\/\/yoast.com\/product\/yoast-seo-wordpress\/ -->\n<title>Koronkowa Koszulka Nocna DK-3117 - agiomilano<\/title>\n<meta name=\"description\" content=\"Koronkowa koszulka nocna damska, delikatne, przewiewne materia\u0142y, bielizna idealna na prezent dla niej. Odwiedz sklep i\" \/>\n<meta name=\"robots\" content=\"index, follow, max-snippet:-1, max-image-preview:large, max-video-preview:-1\" \/>\n<link rel=\"canonical\" href=\"https:\/\/agiomilano.com\/produkt\/koszula-nocna-11\" \/>\n<meta property=\"og:locale\" content=\"en_US\" \/>\n<meta property=\"og:type\" content=\"article\" \/>\n<meta property=\"og:title\" content=\"Koronkowa Koszulka Nocna DK-3117 - agiomilano\" \/>\n<meta property=\"og:description\" content=\"Koronkowa koszulka nocna damska, delikatne, przewiewne materia\u0142y, bielizna idealna na prezent dla niej. Odwiedz sklep i\" \/>\n<meta property=\"og:url\" content=\"https:\/\/agiomilano.com\/produkt\/koszula-nocna-11\" \/>\n<meta property=\"og:site_name\" content=\"agiomilano\" \/>\n<meta property=\"article:modified_time\" content=\"2026-03-24T18:08:14+00:00\" \/>\n<meta property=\"og:image\" content=\"https:\/\/agiomilano.com\/wp-content\/uploads\/2025\/02\/DK-3112.jpg\" \/>\n\t<meta property=\"og:image:width\" content=\"900\" \/>\n\t<meta property=\"og:image:height\" content=\"1200\" \/>\n\t<meta property=\"og:image:type\" content=\"image\/jpeg\" \/>\n<meta name=\"twitter:card\" content=\"summary_large_image\" \/>\n<meta name=\"twitter:label1\" content=\"Est. reading time\" \/>\n\t<meta name=\"twitter:data1\" content=\"1 minute\" \/>\n<script type=\"application\/ld+json\" class=\"yoast-schema-graph\">{\"@context\":\"https:\/\/schema.org\",\"@graph\":[{\"@type\":\"WebPage\",\"@id\":\"https:\/\/agiomilano.com\/produkt\/koszula-nocna-11\",\"url\":\"https:\/\/agiomilano.com\/produkt\/koszula-nocna-11\",\"name\":\"Koronkowa Koszulka Nocna DK-3117 - agiomilano\",\"isPartOf\":{\"@id\":\"https:\/\/agiomilano.com\/#website\"},\"primaryImageOfPage\":{\"@id\":\"https:\/\/agiomilano.com\/produkt\/koszula-nocna-11#primaryimage\"},\"image\":{\"@id\":\"https:\/\/agiomilano.com\/produkt\/koszula-nocna-11#primaryimage\"},\"thumbnailUrl\":\"https:\/\/agiomilano.com\/wp-content\/uploads\/2025\/02\/DK-3112.jpg\",\"datePublished\":\"2025-02-11T09:20:10+00:00\",\"dateModified\":\"2026-03-24T18:08:14+00:00\",\"description\":\"Koronkowa koszulka nocna damska, delikatne, przewiewne materia\u0142y, bielizna idealna na prezent dla niej. Odwiedz sklep i\",\"breadcrumb\":{\"@id\":\"https:\/\/agiomilano.com\/produkt\/koszula-nocna-11#breadcrumb\"},\"inLanguage\":\"en-US\",\"potentialAction\":[{\"@type\":\"ReadAction\",\"target\":[\"https:\/\/agiomilano.com\/produkt\/koszula-nocna-11\"]}]},{\"@type\":\"ImageObject\",\"inLanguage\":\"en-US\",\"@id\":\"https:\/\/agiomilano.com\/produkt\/koszula-nocna-11#primaryimage\",\"url\":\"https:\/\/agiomilano.com\/wp-content\/uploads\/2025\/02\/DK-3112.jpg\",\"contentUrl\":\"https:\/\/agiomilano.com\/wp-content\/uploads\/2025\/02\/DK-3112.jpg\",\"width\":900,\"height\":1200,\"caption\":\"koronkowa koszulka nocna damska, dk-3112\"},{\"@type\":\"BreadcrumbList\",\"@id\":\"https:\/\/agiomilano.com\/produkt\/koszula-nocna-11#breadcrumb\",\"itemListElement\":[{\"@type\":\"ListItem\",\"position\":1,\"name\":\"Strona g\u0142\u00f3wna\",\"item\":\"https:\/\/agiomilano.com\/en\"},{\"@type\":\"ListItem\",\"position\":2,\"name\":\"Shop\",\"item\":\"https:\/\/agiomilano.com\/en\/shop-2\"},{\"@type\":\"ListItem\",\"position\":3,\"name\":\"Bielizna nocna\",\"item\":\"https:\/\/agiomilano.com\/kategoria\/bielizna-nocna\"},{\"@type\":\"ListItem\",\"position\":4,\"name\":\"Koronkowa Koszulka Nocna DK-3117\"}]},{\"@type\":\"WebSite\",\"@id\":\"https:\/\/agiomilano.com\/#website\",\"url\":\"https:\/\/agiomilano.com\/\",\"name\":\"agiomilano\",\"description\":\"Oficjalny sklep online Agio Milano\",\"potentialAction\":[{\"@type\":\"SearchAction\",\"target\":{\"@type\":\"EntryPoint\",\"urlTemplate\":\"https:\/\/agiomilano.com\/?s={search_term_string}\"},\"query-input\":{\"@type\":\"PropertyValueSpecification\",\"valueRequired\":true,\"valueName\":\"search_term_string\"}}],\"inLanguage\":\"en-US\"}]}<\/script>\n<!-- \/ Yoast SEO plugin. -->","yoast_head_json":{"title":"Koronkowa Koszulka Nocna DK-3117 - agiomilano","description":"Koronkowa koszulka nocna damska, delikatne, przewiewne materia\u0142y, bielizna idealna na prezent dla niej. Odwiedz sklep i","robots":{"index":"index","follow":"follow","max-snippet":"max-snippet:-1","max-image-preview":"max-image-preview:large","max-video-preview":"max-video-preview:-1"},"canonical":"https:\/\/agiomilano.com\/produkt\/koszula-nocna-11","og_locale":"en_US","og_type":"article","og_title":"Koronkowa Koszulka Nocna DK-3117 - agiomilano","og_description":"Koronkowa koszulka nocna damska, delikatne, przewiewne materia\u0142y, bielizna idealna na prezent dla niej. Odwiedz sklep i","og_url":"https:\/\/agiomilano.com\/produkt\/koszula-nocna-11","og_site_name":"agiomilano","article_modified_time":"2026-03-24T18:08:14+00:00","og_image":[{"width":900,"height":1200,"url":"https:\/\/agiomilano.com\/wp-content\/uploads\/2025\/02\/DK-3112.jpg","type":"image\/jpeg"}],"twitter_card":"summary_large_image","twitter_misc":{"Est. reading time":"1 minute"},"schema":{"@context":"https:\/\/schema.org","@graph":[{"@type":"WebPage","@id":"https:\/\/agiomilano.com\/produkt\/koszula-nocna-11","url":"https:\/\/agiomilano.com\/produkt\/koszula-nocna-11","name":"Koronkowa Koszulka Nocna DK-3117 - agiomilano","isPartOf":{"@id":"https:\/\/agiomilano.com\/#website"},"primaryImageOfPage":{"@id":"https:\/\/agiomilano.com\/produkt\/koszula-nocna-11#primaryimage"},"image":{"@id":"https:\/\/agiomilano.com\/produkt\/koszula-nocna-11#primaryimage"},"thumbnailUrl":"https:\/\/agiomilano.com\/wp-content\/uploads\/2025\/02\/DK-3112.jpg","datePublished":"2025-02-11T09:20:10+00:00","dateModified":"2026-03-24T18:08:14+00:00","description":"Koronkowa koszulka nocna damska, delikatne, przewiewne materia\u0142y, bielizna idealna na prezent dla niej. Odwiedz sklep i","breadcrumb":{"@id":"https:\/\/agiomilano.com\/produkt\/koszula-nocna-11#breadcrumb"},"inLanguage":"en-US","potentialAction":[{"@type":"ReadAction","target":["https:\/\/agiomilano.com\/produkt\/koszula-nocna-11"]}]},{"@type":"ImageObject","inLanguage":"en-US","@id":"https:\/\/agiomilano.com\/produkt\/koszula-nocna-11#primaryimage","url":"https:\/\/agiomilano.com\/wp-content\/uploads\/2025\/02\/DK-3112.jpg","contentUrl":"https:\/\/agiomilano.com\/wp-content\/uploads\/2025\/02\/DK-3112.jpg","width":900,"height":1200,"caption":"koronkowa koszulka nocna damska, dk-3112"},{"@type":"BreadcrumbList","@id":"https:\/\/agiomilano.com\/produkt\/koszula-nocna-11#breadcrumb","itemListElement":[{"@type":"ListItem","position":1,"name":"Strona g\u0142\u00f3wna","item":"https:\/\/agiomilano.com\/en"},{"@type":"ListItem","position":2,"name":"Shop","item":"https:\/\/agiomilano.com\/en\/shop-2"},{"@type":"ListItem","position":3,"name":"Bielizna nocna","item":"https:\/\/agiomilano.com\/kategoria\/bielizna-nocna"},{"@type":"ListItem","position":4,"name":"Koronkowa Koszulka Nocna DK-3117"}]},{"@type":"WebSite","@id":"https:\/\/agiomilano.com\/#website","url":"https:\/\/agiomilano.com\/","name":"agiomilano","description":"Oficjalny sklep online Agio Milano","potentialAction":[{"@type":"SearchAction","target":{"@type":"EntryPoint","urlTemplate":"https:\/\/agiomilano.com\/?s={search_term_string}"},"query-input":{"@type":"PropertyValueSpecification","valueRequired":true,"valueName":"search_term_string"}}],"inLanguage":"en-US"}]}},"_links":{"self":[{"href":"https:\/\/agiomilano.com\/en\/wp-json\/wp\/v2\/product\/23666","targetHints":{"allow":["GET"]}}],"collection":[{"href":"https:\/\/agiomilano.com\/en\/wp-json\/wp\/v2\/product"}],"about":[{"href":"https:\/\/agiomilano.com\/en\/wp-json\/wp\/v2\/types\/product"}],"replies":[{"embeddable":true,"href":"https:\/\/agiomilano.com\/en\/wp-json\/wp\/v2\/comments?post=23666"}],"wp:featuredmedia":[{"embeddable":true,"href":"https:\/\/agiomilano.com\/en\/wp-json\/wp\/v2\/media\/23709"}],"wp:attachment":[{"href":"https:\/\/agiomilano.com\/en\/wp-json\/wp\/v2\/media?parent=23666"}],"wp:term":[{"taxonomy":"product_brand","embeddable":true,"href":"https:\/\/agiomilano.com\/en\/wp-json\/wp\/v2\/product_brand?post=23666"},{"taxonomy":"product_cat","embeddable":true,"href":"https:\/\/agiomilano.com\/en\/wp-json\/wp\/v2\/product_cat?post=23666"},{"taxonomy":"product_tag","embeddable":true,"href":"https:\/\/agiomilano.com\/en\/wp-json\/wp\/v2\/product_tag?post=23666"}],"curies":[{"name":"wp","href":"https:\/\/api.w.org\/{rel}","templated":true}]}}