{"id":26495,"date":"2025-03-11T11:30:04","date_gmt":"2025-03-11T10:30:04","guid":{"rendered":"https:\/\/agiomilano.com\/?post_type=product&#038;p=26495"},"modified":"2025-12-28T14:41:34","modified_gmt":"2025-12-28T13:41:34","slug":"majtki-damskie-72","status":"publish","type":"product","link":"https:\/\/agiomilano.com\/en\/produkt\/majtki-damskie-72","title":{"rendered":"Wysokie Majtki Koronkowe Classic Plus DM-6340"},"content":{"rendered":"<p>Wysokie koronkowe majtki classic plus z nieprze\u015bwituj\u0105c\u0105 wstawk\u0105 z przodu. Ty\u0142 w ca\u0142o\u015bci koronkowy.<\/p>\n","protected":false},"excerpt":{"rendered":"<p>Wysokie koronkowe majtki classic plus z nieprze\u015bwituj\u0105c\u0105 wstawk\u0105 z przodu. Ty\u0142 w ca\u0142o\u015bci koronkowy.<\/p>\n","protected":false},"featured_media":26318,"comment_status":"open","ping_status":"closed","template":"","meta":{"_acf_changed":false},"product_brand":[],"product_cat":[452,676,671,471,690,850,877,856,870,1150,689,668,669,673,674,692,693,1248],"product_tag":[],"class_list":{"0":"post-26495","1":"product","2":"type-product","3":"status-publish","4":"has-post-thumbnail","6":"product_cat-all","7":"product_cat-bridal-briefs","8":"product_cat-briefs","9":"product_cat-collections","10":"product_cat-colorful-briefs","11":"product_cat-colorful-underwear","12":"product_cat-high-waisted-briefs-en","13":"product_cat-high-waisted-briefs","14":"product_cat-high-waisted-lace-briefs","15":"product_cat-joy-delight-pleasure-en","16":"product_cat-knickers-en","17":"product_cat-knickers","18":"product_cat-lace-briefs-en","19":"product_cat-lace-briefs","20":"product_cat-lace-briefs-en-2","21":"product_cat-pink-briefs","22":"product_cat-pink-underwear","23":"product_cat-prezentownik-en","25":"first","26":"instock","27":"taxable","28":"shipping-taxable","29":"purchasable","30":"product-type-variable"},"acf":[],"yoast_head":"<!-- This site is optimized with the Yoast SEO plugin v27.4 - https:\/\/yoast.com\/product\/yoast-seo-wordpress\/ -->\n<title>Wysokie Majtki Koronkowe Classic Plus DM-6340 - agiomilano<\/title>\n<meta name=\"description\" content=\"Wysokie koronkowe majtki classic plus z nieprze\u015bwituj\u0105c\u0105 wstawk\u0105 z przodu. Ty\u0142 w ca\u0142o\u015bci koronkowy. Sprawd\u017a now\u0105 kolekcj\u0119 bielizny....\" \/>\n<meta name=\"robots\" content=\"index, follow, max-snippet:-1, max-image-preview:large, max-video-preview:-1\" \/>\n<link rel=\"canonical\" href=\"https:\/\/agiomilano.com\/en\/produkt\/majtki-damskie-72\" \/>\n<meta property=\"og:locale\" content=\"en_US\" \/>\n<meta property=\"og:type\" content=\"article\" \/>\n<meta property=\"og:title\" content=\"Wysokie Majtki Koronkowe Classic Plus DM-6340 - agiomilano\" \/>\n<meta property=\"og:description\" content=\"Wysokie koronkowe majtki classic plus z nieprze\u015bwituj\u0105c\u0105 wstawk\u0105 z przodu. Ty\u0142 w ca\u0142o\u015bci koronkowy. Sprawd\u017a now\u0105 kolekcj\u0119 bielizny....\" \/>\n<meta property=\"og:url\" content=\"https:\/\/agiomilano.com\/en\/produkt\/majtki-damskie-72\" \/>\n<meta property=\"og:site_name\" content=\"agiomilano\" \/>\n<meta property=\"article:modified_time\" content=\"2025-12-28T13:41:34+00:00\" \/>\n<meta property=\"og:image\" content=\"https:\/\/agiomilano.com\/wp-content\/uploads\/2025\/03\/majtki-damskie-wysoki-stan-koronkowe-front-rozowe-dm-6340.jpg\" \/>\n\t<meta property=\"og:image:width\" content=\"860\" \/>\n\t<meta property=\"og:image:height\" content=\"1147\" \/>\n\t<meta property=\"og:image:type\" content=\"image\/jpeg\" \/>\n<meta name=\"twitter:card\" content=\"summary_large_image\" \/>\n<script type=\"application\/ld+json\" class=\"yoast-schema-graph\">{\"@context\":\"https:\\\/\\\/schema.org\",\"@graph\":[{\"@type\":\"WebPage\",\"@id\":\"https:\\\/\\\/agiomilano.com\\\/en\\\/produkt\\\/majtki-damskie-72\",\"url\":\"https:\\\/\\\/agiomilano.com\\\/en\\\/produkt\\\/majtki-damskie-72\",\"name\":\"Wysokie Majtki Koronkowe Classic Plus DM-6340 - agiomilano\",\"isPartOf\":{\"@id\":\"https:\\\/\\\/agiomilano.com\\\/#website\"},\"primaryImageOfPage\":{\"@id\":\"https:\\\/\\\/agiomilano.com\\\/en\\\/produkt\\\/majtki-damskie-72#primaryimage\"},\"image\":{\"@id\":\"https:\\\/\\\/agiomilano.com\\\/en\\\/produkt\\\/majtki-damskie-72#primaryimage\"},\"thumbnailUrl\":\"https:\\\/\\\/agiomilano.com\\\/wp-content\\\/uploads\\\/2025\\\/03\\\/majtki-damskie-wysoki-stan-koronkowe-front-rozowe-dm-6340.jpg\",\"datePublished\":\"2025-03-11T10:30:04+00:00\",\"dateModified\":\"2025-12-28T13:41:34+00:00\",\"description\":\"Wysokie koronkowe majtki classic plus z nieprze\u015bwituj\u0105c\u0105 wstawk\u0105 z przodu. Ty\u0142 w ca\u0142o\u015bci koronkowy. Sprawd\u017a now\u0105 kolekcj\u0119 bielizny....\",\"breadcrumb\":{\"@id\":\"https:\\\/\\\/agiomilano.com\\\/en\\\/produkt\\\/majtki-damskie-72#breadcrumb\"},\"inLanguage\":\"en-US\",\"potentialAction\":[{\"@type\":\"ReadAction\",\"target\":[\"https:\\\/\\\/agiomilano.com\\\/en\\\/produkt\\\/majtki-damskie-72\"]}]},{\"@type\":\"ImageObject\",\"inLanguage\":\"en-US\",\"@id\":\"https:\\\/\\\/agiomilano.com\\\/en\\\/produkt\\\/majtki-damskie-72#primaryimage\",\"url\":\"https:\\\/\\\/agiomilano.com\\\/wp-content\\\/uploads\\\/2025\\\/03\\\/majtki-damskie-wysoki-stan-koronkowe-front-rozowe-dm-6340.jpg\",\"contentUrl\":\"https:\\\/\\\/agiomilano.com\\\/wp-content\\\/uploads\\\/2025\\\/03\\\/majtki-damskie-wysoki-stan-koronkowe-front-rozowe-dm-6340.jpg\",\"width\":860,\"height\":1147,\"caption\":\"Majtki koronkowe z wysokim stanem, r\u00f3\u017cowe majtki koronkowe, dm-6340\"},{\"@type\":\"BreadcrumbList\",\"@id\":\"https:\\\/\\\/agiomilano.com\\\/en\\\/produkt\\\/majtki-damskie-72#breadcrumb\",\"itemListElement\":[{\"@type\":\"ListItem\",\"position\":1,\"name\":\"Strona g\u0142\u00f3wna\",\"item\":\"https:\\\/\\\/agiomilano.com\\\/en\"},{\"@type\":\"ListItem\",\"position\":2,\"name\":\"Shop\",\"item\":\"https:\\\/\\\/agiomilano.com\\\/en\\\/shop-2\"},{\"@type\":\"ListItem\",\"position\":3,\"name\":\"Wszystkie\",\"item\":\"https:\\\/\\\/agiomilano.com\\\/it\\\/kategoria\\\/uncategorized-it\"},{\"@type\":\"ListItem\",\"position\":4,\"name\":\"Wysokie Majtki Koronkowe Classic Plus DM-6340\"}]},{\"@type\":\"WebSite\",\"@id\":\"https:\\\/\\\/agiomilano.com\\\/#website\",\"url\":\"https:\\\/\\\/agiomilano.com\\\/\",\"name\":\"agiomilano\",\"description\":\"Oficjalny sklep online Agio Milano\",\"potentialAction\":[{\"@type\":\"SearchAction\",\"target\":{\"@type\":\"EntryPoint\",\"urlTemplate\":\"https:\\\/\\\/agiomilano.com\\\/?s={search_term_string}\"},\"query-input\":{\"@type\":\"PropertyValueSpecification\",\"valueRequired\":true,\"valueName\":\"search_term_string\"}}],\"inLanguage\":\"en-US\"}]}<\/script>\n<!-- \/ Yoast SEO plugin. -->","yoast_head_json":{"title":"Wysokie Majtki Koronkowe Classic Plus DM-6340 - agiomilano","description":"Wysokie koronkowe majtki classic plus z nieprze\u015bwituj\u0105c\u0105 wstawk\u0105 z przodu. Ty\u0142 w ca\u0142o\u015bci koronkowy. Sprawd\u017a now\u0105 kolekcj\u0119 bielizny....","robots":{"index":"index","follow":"follow","max-snippet":"max-snippet:-1","max-image-preview":"max-image-preview:large","max-video-preview":"max-video-preview:-1"},"canonical":"https:\/\/agiomilano.com\/en\/produkt\/majtki-damskie-72","og_locale":"en_US","og_type":"article","og_title":"Wysokie Majtki Koronkowe Classic Plus DM-6340 - agiomilano","og_description":"Wysokie koronkowe majtki classic plus z nieprze\u015bwituj\u0105c\u0105 wstawk\u0105 z przodu. Ty\u0142 w ca\u0142o\u015bci koronkowy. Sprawd\u017a now\u0105 kolekcj\u0119 bielizny....","og_url":"https:\/\/agiomilano.com\/en\/produkt\/majtki-damskie-72","og_site_name":"agiomilano","article_modified_time":"2025-12-28T13:41:34+00:00","og_image":[{"width":860,"height":1147,"url":"https:\/\/agiomilano.com\/wp-content\/uploads\/2025\/03\/majtki-damskie-wysoki-stan-koronkowe-front-rozowe-dm-6340.jpg","type":"image\/jpeg"}],"twitter_card":"summary_large_image","schema":{"@context":"https:\/\/schema.org","@graph":[{"@type":"WebPage","@id":"https:\/\/agiomilano.com\/en\/produkt\/majtki-damskie-72","url":"https:\/\/agiomilano.com\/en\/produkt\/majtki-damskie-72","name":"Wysokie Majtki Koronkowe Classic Plus DM-6340 - agiomilano","isPartOf":{"@id":"https:\/\/agiomilano.com\/#website"},"primaryImageOfPage":{"@id":"https:\/\/agiomilano.com\/en\/produkt\/majtki-damskie-72#primaryimage"},"image":{"@id":"https:\/\/agiomilano.com\/en\/produkt\/majtki-damskie-72#primaryimage"},"thumbnailUrl":"https:\/\/agiomilano.com\/wp-content\/uploads\/2025\/03\/majtki-damskie-wysoki-stan-koronkowe-front-rozowe-dm-6340.jpg","datePublished":"2025-03-11T10:30:04+00:00","dateModified":"2025-12-28T13:41:34+00:00","description":"Wysokie koronkowe majtki classic plus z nieprze\u015bwituj\u0105c\u0105 wstawk\u0105 z przodu. Ty\u0142 w ca\u0142o\u015bci koronkowy. Sprawd\u017a now\u0105 kolekcj\u0119 bielizny....","breadcrumb":{"@id":"https:\/\/agiomilano.com\/en\/produkt\/majtki-damskie-72#breadcrumb"},"inLanguage":"en-US","potentialAction":[{"@type":"ReadAction","target":["https:\/\/agiomilano.com\/en\/produkt\/majtki-damskie-72"]}]},{"@type":"ImageObject","inLanguage":"en-US","@id":"https:\/\/agiomilano.com\/en\/produkt\/majtki-damskie-72#primaryimage","url":"https:\/\/agiomilano.com\/wp-content\/uploads\/2025\/03\/majtki-damskie-wysoki-stan-koronkowe-front-rozowe-dm-6340.jpg","contentUrl":"https:\/\/agiomilano.com\/wp-content\/uploads\/2025\/03\/majtki-damskie-wysoki-stan-koronkowe-front-rozowe-dm-6340.jpg","width":860,"height":1147,"caption":"Majtki koronkowe z wysokim stanem, r\u00f3\u017cowe majtki koronkowe, dm-6340"},{"@type":"BreadcrumbList","@id":"https:\/\/agiomilano.com\/en\/produkt\/majtki-damskie-72#breadcrumb","itemListElement":[{"@type":"ListItem","position":1,"name":"Strona g\u0142\u00f3wna","item":"https:\/\/agiomilano.com\/en"},{"@type":"ListItem","position":2,"name":"Shop","item":"https:\/\/agiomilano.com\/en\/shop-2"},{"@type":"ListItem","position":3,"name":"Wszystkie","item":"https:\/\/agiomilano.com\/it\/kategoria\/uncategorized-it"},{"@type":"ListItem","position":4,"name":"Wysokie Majtki Koronkowe Classic Plus DM-6340"}]},{"@type":"WebSite","@id":"https:\/\/agiomilano.com\/#website","url":"https:\/\/agiomilano.com\/","name":"agiomilano","description":"Oficjalny sklep online Agio Milano","potentialAction":[{"@type":"SearchAction","target":{"@type":"EntryPoint","urlTemplate":"https:\/\/agiomilano.com\/?s={search_term_string}"},"query-input":{"@type":"PropertyValueSpecification","valueRequired":true,"valueName":"search_term_string"}}],"inLanguage":"en-US"}]}},"_links":{"self":[{"href":"https:\/\/agiomilano.com\/en\/wp-json\/wp\/v2\/product\/26495","targetHints":{"allow":["GET"]}}],"collection":[{"href":"https:\/\/agiomilano.com\/en\/wp-json\/wp\/v2\/product"}],"about":[{"href":"https:\/\/agiomilano.com\/en\/wp-json\/wp\/v2\/types\/product"}],"replies":[{"embeddable":true,"href":"https:\/\/agiomilano.com\/en\/wp-json\/wp\/v2\/comments?post=26495"}],"wp:featuredmedia":[{"embeddable":true,"href":"https:\/\/agiomilano.com\/en\/wp-json\/wp\/v2\/media\/26318"}],"wp:attachment":[{"href":"https:\/\/agiomilano.com\/en\/wp-json\/wp\/v2\/media?parent=26495"}],"wp:term":[{"taxonomy":"product_brand","embeddable":true,"href":"https:\/\/agiomilano.com\/en\/wp-json\/wp\/v2\/product_brand?post=26495"},{"taxonomy":"product_cat","embeddable":true,"href":"https:\/\/agiomilano.com\/en\/wp-json\/wp\/v2\/product_cat?post=26495"},{"taxonomy":"product_tag","embeddable":true,"href":"https:\/\/agiomilano.com\/en\/wp-json\/wp\/v2\/product_tag?post=26495"}],"curies":[{"name":"wp","href":"https:\/\/api.w.org\/{rel}","templated":true}]}}