{"id":40949,"date":"2024-11-08T09:11:04","date_gmt":"2024-11-08T08:11:04","guid":{"rendered":"https:\/\/agiomilano.com\/?post_type=product&#038;p=40949"},"modified":"2026-03-24T18:48:12","modified_gmt":"2026-03-24T17:48:12","slug":"biustonosz-my-body-push-up-db-9157","status":"publish","type":"product","link":"https:\/\/agiomilano.com\/en\/produkt\/biustonosz-my-body-push-up-db-9157","title":{"rendered":"Biustonosz My Body Push Up DB-9157"},"content":{"rendered":"<p>Biustonosz My Body Push Up z termicznie wtopion\u0105 wk\u0142adk\u0105 push up wype\u0142nion\u0105 \u017celem o mniejszej p\u0142ynno\u015bci dzi\u0119ki czemu biustonosz\u00a0 mo\u017ce utrzyma\u0107 \u0142adniejszy kszta\u0142t<strong>. <\/strong>Biustonosz jest naturalny w dotyku, bardzo komfortowy. Kszta\u0142t miseczki biustonosza My Body Push Up jest idealny do g\u0142\u0119bokich dekolt\u00f3w \u2013 efekt uniesienia piersi \u201ejab\u0142uszka\u201d. Biustonosz push up dobrze zamyka pier\u015b od strony pachy, g\u0142\u0119bsza i pojemniejsza miseczka, nieco zabudowana od g\u00f3ry.<\/p>\n","protected":false},"excerpt":{"rendered":"<p>Biustonosz My Body Push Up z termicznie wtopion\u0105 wk\u0142adk\u0105 push up wype\u0142nion\u0105 \u017celem o mniejszej p\u0142ynno\u015bci dzi\u0119ki czemu biustonosz\u00a0 mo\u017ce utrzyma\u0107 \u0142adniejszy kszta\u0142t. Biustonosz jest naturalny w dotyku, bardzo komfortowy. Kszta\u0142t miseczki biustonosza My Body Push Up jest idealny do g\u0142\u0119bokich dekolt\u00f3w \u2013 efekt uniesienia piersi \u201ejab\u0142uszka\u201d. Biustonosz push up dobrze zamyka pier\u015b od strony [&hellip;]<\/p>\n","protected":false},"featured_media":41001,"comment_status":"open","ping_status":"closed","template":"","meta":{"_acf_changed":false,"_monsterinsights_skip_tracking":false,"_monsterinsights_sitenote_active":false,"_monsterinsights_sitenote_note":"","_monsterinsights_sitenote_category":0},"product_brand":[],"product_cat":[1246,122],"product_tag":[],"class_list":{"0":"post-40949","1":"product","2":"type-product","3":"status-publish","4":"has-post-thumbnail","6":"product_cat-nasz-outlet","7":"product_cat-promocje","9":"first","10":"instock","11":"taxable","12":"shipping-taxable","13":"purchasable","14":"product-type-variable","15":"has-default-attributes"},"acf":[],"yoast_head":"<!-- This site is optimized with the Yoast SEO plugin v26.8 - https:\/\/yoast.com\/product\/yoast-seo-wordpress\/ -->\n<title>Biustonosz My Body Push Up DB-9157 - agiomilano<\/title>\n<meta name=\"description\" content=\"Biustonosz My Body Push Up z termicznie wtopion\u0105 wk\u0142adk\u0105 push up wype\u0142nion\u0105 \u017celem o mniejszej p\u0142ynno\u015bci. Naturalny w dotyku, delikatny jak druga sk\u00f3ra\" \/>\n<meta name=\"robots\" content=\"index, follow, max-snippet:-1, max-image-preview:large, max-video-preview:-1\" \/>\n<link rel=\"canonical\" href=\"https:\/\/agiomilano.com\/produkt\/biustonosz-my-body-push-up-db-9157\" \/>\n<meta property=\"og:locale\" content=\"en_US\" \/>\n<meta property=\"og:type\" content=\"article\" \/>\n<meta property=\"og:title\" content=\"Biustonosz My Body Push Up DB-9157 - agiomilano\" \/>\n<meta property=\"og:description\" content=\"Biustonosz My Body Push Up z termicznie wtopion\u0105 wk\u0142adk\u0105 push up wype\u0142nion\u0105 \u017celem o mniejszej p\u0142ynno\u015bci. Naturalny w dotyku, delikatny jak druga sk\u00f3ra\" \/>\n<meta property=\"og:url\" content=\"https:\/\/agiomilano.com\/produkt\/biustonosz-my-body-push-up-db-9157\" \/>\n<meta property=\"og:site_name\" content=\"agiomilano\" \/>\n<meta property=\"article:modified_time\" content=\"2026-03-24T17:48:12+00:00\" \/>\n<meta property=\"og:image\" content=\"https:\/\/agiomilano.com\/wp-content\/uploads\/2024\/11\/db-9157_pink_4.jpg\" \/>\n\t<meta property=\"og:image:width\" content=\"1600\" \/>\n\t<meta property=\"og:image:height\" content=\"1600\" \/>\n\t<meta property=\"og:image:type\" content=\"image\/jpeg\" \/>\n<meta name=\"twitter:card\" content=\"summary_large_image\" \/>\n<meta name=\"twitter:label1\" content=\"Est. reading time\" \/>\n\t<meta name=\"twitter:data1\" content=\"1 minute\" \/>\n<script type=\"application\/ld+json\" class=\"yoast-schema-graph\">{\"@context\":\"https:\/\/schema.org\",\"@graph\":[{\"@type\":\"WebPage\",\"@id\":\"https:\/\/agiomilano.com\/produkt\/biustonosz-my-body-push-up-db-9157\",\"url\":\"https:\/\/agiomilano.com\/produkt\/biustonosz-my-body-push-up-db-9157\",\"name\":\"Biustonosz My Body Push Up DB-9157 - agiomilano\",\"isPartOf\":{\"@id\":\"https:\/\/agiomilano.com\/#website\"},\"primaryImageOfPage\":{\"@id\":\"https:\/\/agiomilano.com\/produkt\/biustonosz-my-body-push-up-db-9157#primaryimage\"},\"image\":{\"@id\":\"https:\/\/agiomilano.com\/produkt\/biustonosz-my-body-push-up-db-9157#primaryimage\"},\"thumbnailUrl\":\"https:\/\/agiomilano.com\/wp-content\/uploads\/2024\/11\/db-9157_pink_4.jpg\",\"datePublished\":\"2024-11-08T08:11:04+00:00\",\"dateModified\":\"2026-03-24T17:48:12+00:00\",\"description\":\"Biustonosz My Body Push Up z termicznie wtopion\u0105 wk\u0142adk\u0105 push up wype\u0142nion\u0105 \u017celem o mniejszej p\u0142ynno\u015bci. Naturalny w dotyku, delikatny jak druga sk\u00f3ra\",\"breadcrumb\":{\"@id\":\"https:\/\/agiomilano.com\/produkt\/biustonosz-my-body-push-up-db-9157#breadcrumb\"},\"inLanguage\":\"en-US\",\"potentialAction\":[{\"@type\":\"ReadAction\",\"target\":[\"https:\/\/agiomilano.com\/produkt\/biustonosz-my-body-push-up-db-9157\"]}]},{\"@type\":\"ImageObject\",\"inLanguage\":\"en-US\",\"@id\":\"https:\/\/agiomilano.com\/produkt\/biustonosz-my-body-push-up-db-9157#primaryimage\",\"url\":\"https:\/\/agiomilano.com\/wp-content\/uploads\/2024\/11\/db-9157_pink_4.jpg\",\"contentUrl\":\"https:\/\/agiomilano.com\/wp-content\/uploads\/2024\/11\/db-9157_pink_4.jpg\",\"width\":1600,\"height\":1600,\"caption\":\"Biustonosz My Body, push up, db-9157, pink\"},{\"@type\":\"BreadcrumbList\",\"@id\":\"https:\/\/agiomilano.com\/produkt\/biustonosz-my-body-push-up-db-9157#breadcrumb\",\"itemListElement\":[{\"@type\":\"ListItem\",\"position\":1,\"name\":\"Strona g\u0142\u00f3wna\",\"item\":\"https:\/\/agiomilano.com\/en\"},{\"@type\":\"ListItem\",\"position\":2,\"name\":\"Shop\",\"item\":\"https:\/\/agiomilano.com\/en\/shop-2\"},{\"@type\":\"ListItem\",\"position\":3,\"name\":\"Promocje\",\"item\":\"https:\/\/agiomilano.com\/it\/kategoria\/promocje\"},{\"@type\":\"ListItem\",\"position\":4,\"name\":\"Biustonosz My Body Push Up DB-9157\"}]},{\"@type\":\"WebSite\",\"@id\":\"https:\/\/agiomilano.com\/#website\",\"url\":\"https:\/\/agiomilano.com\/\",\"name\":\"agiomilano\",\"description\":\"Oficjalny sklep online Agio Milano\",\"potentialAction\":[{\"@type\":\"SearchAction\",\"target\":{\"@type\":\"EntryPoint\",\"urlTemplate\":\"https:\/\/agiomilano.com\/?s={search_term_string}\"},\"query-input\":{\"@type\":\"PropertyValueSpecification\",\"valueRequired\":true,\"valueName\":\"search_term_string\"}}],\"inLanguage\":\"en-US\"}]}<\/script>\n<!-- \/ Yoast SEO plugin. -->","yoast_head_json":{"title":"Biustonosz My Body Push Up DB-9157 - agiomilano","description":"Biustonosz My Body Push Up z termicznie wtopion\u0105 wk\u0142adk\u0105 push up wype\u0142nion\u0105 \u017celem o mniejszej p\u0142ynno\u015bci. Naturalny w dotyku, delikatny jak druga sk\u00f3ra","robots":{"index":"index","follow":"follow","max-snippet":"max-snippet:-1","max-image-preview":"max-image-preview:large","max-video-preview":"max-video-preview:-1"},"canonical":"https:\/\/agiomilano.com\/produkt\/biustonosz-my-body-push-up-db-9157","og_locale":"en_US","og_type":"article","og_title":"Biustonosz My Body Push Up DB-9157 - agiomilano","og_description":"Biustonosz My Body Push Up z termicznie wtopion\u0105 wk\u0142adk\u0105 push up wype\u0142nion\u0105 \u017celem o mniejszej p\u0142ynno\u015bci. Naturalny w dotyku, delikatny jak druga sk\u00f3ra","og_url":"https:\/\/agiomilano.com\/produkt\/biustonosz-my-body-push-up-db-9157","og_site_name":"agiomilano","article_modified_time":"2026-03-24T17:48:12+00:00","og_image":[{"width":1600,"height":1600,"url":"https:\/\/agiomilano.com\/wp-content\/uploads\/2024\/11\/db-9157_pink_4.jpg","type":"image\/jpeg"}],"twitter_card":"summary_large_image","twitter_misc":{"Est. reading time":"1 minute"},"schema":{"@context":"https:\/\/schema.org","@graph":[{"@type":"WebPage","@id":"https:\/\/agiomilano.com\/produkt\/biustonosz-my-body-push-up-db-9157","url":"https:\/\/agiomilano.com\/produkt\/biustonosz-my-body-push-up-db-9157","name":"Biustonosz My Body Push Up DB-9157 - agiomilano","isPartOf":{"@id":"https:\/\/agiomilano.com\/#website"},"primaryImageOfPage":{"@id":"https:\/\/agiomilano.com\/produkt\/biustonosz-my-body-push-up-db-9157#primaryimage"},"image":{"@id":"https:\/\/agiomilano.com\/produkt\/biustonosz-my-body-push-up-db-9157#primaryimage"},"thumbnailUrl":"https:\/\/agiomilano.com\/wp-content\/uploads\/2024\/11\/db-9157_pink_4.jpg","datePublished":"2024-11-08T08:11:04+00:00","dateModified":"2026-03-24T17:48:12+00:00","description":"Biustonosz My Body Push Up z termicznie wtopion\u0105 wk\u0142adk\u0105 push up wype\u0142nion\u0105 \u017celem o mniejszej p\u0142ynno\u015bci. Naturalny w dotyku, delikatny jak druga sk\u00f3ra","breadcrumb":{"@id":"https:\/\/agiomilano.com\/produkt\/biustonosz-my-body-push-up-db-9157#breadcrumb"},"inLanguage":"en-US","potentialAction":[{"@type":"ReadAction","target":["https:\/\/agiomilano.com\/produkt\/biustonosz-my-body-push-up-db-9157"]}]},{"@type":"ImageObject","inLanguage":"en-US","@id":"https:\/\/agiomilano.com\/produkt\/biustonosz-my-body-push-up-db-9157#primaryimage","url":"https:\/\/agiomilano.com\/wp-content\/uploads\/2024\/11\/db-9157_pink_4.jpg","contentUrl":"https:\/\/agiomilano.com\/wp-content\/uploads\/2024\/11\/db-9157_pink_4.jpg","width":1600,"height":1600,"caption":"Biustonosz My Body, push up, db-9157, pink"},{"@type":"BreadcrumbList","@id":"https:\/\/agiomilano.com\/produkt\/biustonosz-my-body-push-up-db-9157#breadcrumb","itemListElement":[{"@type":"ListItem","position":1,"name":"Strona g\u0142\u00f3wna","item":"https:\/\/agiomilano.com\/en"},{"@type":"ListItem","position":2,"name":"Shop","item":"https:\/\/agiomilano.com\/en\/shop-2"},{"@type":"ListItem","position":3,"name":"Promocje","item":"https:\/\/agiomilano.com\/it\/kategoria\/promocje"},{"@type":"ListItem","position":4,"name":"Biustonosz My Body Push Up DB-9157"}]},{"@type":"WebSite","@id":"https:\/\/agiomilano.com\/#website","url":"https:\/\/agiomilano.com\/","name":"agiomilano","description":"Oficjalny sklep online Agio Milano","potentialAction":[{"@type":"SearchAction","target":{"@type":"EntryPoint","urlTemplate":"https:\/\/agiomilano.com\/?s={search_term_string}"},"query-input":{"@type":"PropertyValueSpecification","valueRequired":true,"valueName":"search_term_string"}}],"inLanguage":"en-US"}]}},"_links":{"self":[{"href":"https:\/\/agiomilano.com\/en\/wp-json\/wp\/v2\/product\/40949","targetHints":{"allow":["GET"]}}],"collection":[{"href":"https:\/\/agiomilano.com\/en\/wp-json\/wp\/v2\/product"}],"about":[{"href":"https:\/\/agiomilano.com\/en\/wp-json\/wp\/v2\/types\/product"}],"replies":[{"embeddable":true,"href":"https:\/\/agiomilano.com\/en\/wp-json\/wp\/v2\/comments?post=40949"}],"wp:featuredmedia":[{"embeddable":true,"href":"https:\/\/agiomilano.com\/en\/wp-json\/wp\/v2\/media\/41001"}],"wp:attachment":[{"href":"https:\/\/agiomilano.com\/en\/wp-json\/wp\/v2\/media?parent=40949"}],"wp:term":[{"taxonomy":"product_brand","embeddable":true,"href":"https:\/\/agiomilano.com\/en\/wp-json\/wp\/v2\/product_brand?post=40949"},{"taxonomy":"product_cat","embeddable":true,"href":"https:\/\/agiomilano.com\/en\/wp-json\/wp\/v2\/product_cat?post=40949"},{"taxonomy":"product_tag","embeddable":true,"href":"https:\/\/agiomilano.com\/en\/wp-json\/wp\/v2\/product_tag?post=40949"}],"curies":[{"name":"wp","href":"https:\/\/api.w.org\/{rel}","templated":true}]}}