{"id":41981,"date":"2024-11-17T19:25:46","date_gmt":"2024-11-17T18:25:46","guid":{"rendered":"https:\/\/agiomilano.com\/?post_type=product&#038;p=41981"},"modified":"2026-03-24T18:50:49","modified_gmt":"2026-03-24T17:50:49","slug":"gladki-biustonosz-my-body-push-up-db-9185-granatowy","status":"publish","type":"product","link":"https:\/\/agiomilano.com\/en\/produkt\/gladki-biustonosz-my-body-push-up-db-9185-granatowy","title":{"rendered":"G\u0142adki Biustonosz My Body Push Up DB-9185 Granatowy"},"content":{"rendered":"<p>G\u0142adki biustonosz My Body Push Up z termicznie wtopion\u0105 wk\u0142adk\u0105 push up wype\u0142nion\u0105 \u017celem o mniejszej p\u0142ynno\u015bci dzi\u0119ki czemu biustonosz\u00a0 mo\u017ce utrzyma\u0107 \u0142adniejszy kszta\u0142t<strong>. <\/strong>Biustonosz jest naturalny w dotyku, bardzo komfortowy. Kszta\u0142t miseczki biustonosza My Body Push Up jest idealny do g\u0142\u0119bokich dekolt\u00f3w \u2013 efekt uniesienia piersi \u201ejab\u0142uszka\u201d. Biustonosz push up dobrze zamyka pier\u015b od strony pachy, g\u0142\u0119bsza i pojemniejsza miseczka, nieco zabudowana od g\u00f3ry.<\/p>\n","protected":false},"excerpt":{"rendered":"<p>G\u0142adki biustonosz My Body Push Up z termicznie wtopion\u0105 wk\u0142adk\u0105 push up wype\u0142nion\u0105 \u017celem o mniejszej p\u0142ynno\u015bci dzi\u0119ki czemu biustonosz\u00a0 mo\u017ce utrzyma\u0107 \u0142adniejszy kszta\u0142t. Biustonosz jest naturalny w dotyku, bardzo komfortowy. Kszta\u0142t miseczki biustonosza My Body Push Up jest idealny do g\u0142\u0119bokich dekolt\u00f3w \u2013 efekt uniesienia piersi \u201ejab\u0142uszka\u201d. Biustonosz push up dobrze zamyka pier\u015b od [&hellip;]<\/p>\n","protected":false},"featured_media":42000,"comment_status":"open","ping_status":"closed","template":"","meta":{"_acf_changed":false,"_monsterinsights_skip_tracking":false,"_monsterinsights_sitenote_active":false,"_monsterinsights_sitenote_note":"","_monsterinsights_sitenote_category":0},"product_brand":[],"product_cat":[1246,122],"product_tag":[],"class_list":{"0":"post-41981","1":"product","2":"type-product","3":"status-publish","4":"has-post-thumbnail","6":"product_cat-nasz-outlet","7":"product_cat-promocje","9":"first","10":"instock","11":"taxable","12":"shipping-taxable","13":"purchasable","14":"product-type-variable"},"acf":[],"yoast_head":"<!-- This site is optimized with the Yoast SEO plugin v26.8 - https:\/\/yoast.com\/product\/yoast-seo-wordpress\/ -->\n<title>G\u0142adki Biustonosz My Body Push Up DB-9185 Granatowy - agiomilano<\/title>\n<meta name=\"description\" content=\"G\u0142adki biustonosz My Body Push Up z termicznie wtopion\u0105 wk\u0142adk\u0105 push up wype\u0142nion\u0105 \u017celem o mniejszej p\u0142ynno\u015bci. Naturalny w dotyku\" \/>\n<meta name=\"robots\" content=\"index, follow, max-snippet:-1, max-image-preview:large, max-video-preview:-1\" \/>\n<link rel=\"canonical\" href=\"https:\/\/agiomilano.com\/produkt\/gladki-biustonosz-my-body-push-up-db-9185-granatowy\" \/>\n<meta property=\"og:locale\" content=\"en_US\" \/>\n<meta property=\"og:type\" content=\"article\" \/>\n<meta property=\"og:title\" content=\"G\u0142adki Biustonosz My Body Push Up DB-9185 Granatowy - agiomilano\" \/>\n<meta property=\"og:description\" content=\"G\u0142adki biustonosz My Body Push Up z termicznie wtopion\u0105 wk\u0142adk\u0105 push up wype\u0142nion\u0105 \u017celem o mniejszej p\u0142ynno\u015bci. Naturalny w dotyku\" \/>\n<meta property=\"og:url\" content=\"https:\/\/agiomilano.com\/produkt\/gladki-biustonosz-my-body-push-up-db-9185-granatowy\" \/>\n<meta property=\"og:site_name\" content=\"agiomilano\" \/>\n<meta property=\"article:modified_time\" content=\"2026-03-24T17:50:49+00:00\" \/>\n<meta property=\"og:image\" content=\"https:\/\/agiomilano.com\/wp-content\/uploads\/2025\/11\/Biustonosz-my-body-db-9185-granatowy-scaled.jpg\" \/>\n\t<meta property=\"og:image:width\" content=\"2560\" \/>\n\t<meta property=\"og:image:height\" content=\"2275\" \/>\n\t<meta property=\"og:image:type\" content=\"image\/jpeg\" \/>\n<meta name=\"twitter:card\" content=\"summary_large_image\" \/>\n<meta name=\"twitter:label1\" content=\"Est. reading time\" \/>\n\t<meta name=\"twitter:data1\" content=\"1 minute\" \/>\n<script type=\"application\/ld+json\" class=\"yoast-schema-graph\">{\"@context\":\"https:\/\/schema.org\",\"@graph\":[{\"@type\":\"WebPage\",\"@id\":\"https:\/\/agiomilano.com\/produkt\/gladki-biustonosz-my-body-push-up-db-9185-granatowy\",\"url\":\"https:\/\/agiomilano.com\/produkt\/gladki-biustonosz-my-body-push-up-db-9185-granatowy\",\"name\":\"G\u0142adki Biustonosz My Body Push Up DB-9185 Granatowy - agiomilano\",\"isPartOf\":{\"@id\":\"https:\/\/agiomilano.com\/#website\"},\"primaryImageOfPage\":{\"@id\":\"https:\/\/agiomilano.com\/produkt\/gladki-biustonosz-my-body-push-up-db-9185-granatowy#primaryimage\"},\"image\":{\"@id\":\"https:\/\/agiomilano.com\/produkt\/gladki-biustonosz-my-body-push-up-db-9185-granatowy#primaryimage\"},\"thumbnailUrl\":\"https:\/\/agiomilano.com\/wp-content\/uploads\/2025\/11\/Biustonosz-my-body-db-9185-granatowy-scaled.jpg\",\"datePublished\":\"2024-11-17T18:25:46+00:00\",\"dateModified\":\"2026-03-24T17:50:49+00:00\",\"description\":\"G\u0142adki biustonosz My Body Push Up z termicznie wtopion\u0105 wk\u0142adk\u0105 push up wype\u0142nion\u0105 \u017celem o mniejszej p\u0142ynno\u015bci. Naturalny w dotyku\",\"breadcrumb\":{\"@id\":\"https:\/\/agiomilano.com\/produkt\/gladki-biustonosz-my-body-push-up-db-9185-granatowy#breadcrumb\"},\"inLanguage\":\"en-US\",\"potentialAction\":[{\"@type\":\"ReadAction\",\"target\":[\"https:\/\/agiomilano.com\/produkt\/gladki-biustonosz-my-body-push-up-db-9185-granatowy\"]}]},{\"@type\":\"ImageObject\",\"inLanguage\":\"en-US\",\"@id\":\"https:\/\/agiomilano.com\/produkt\/gladki-biustonosz-my-body-push-up-db-9185-granatowy#primaryimage\",\"url\":\"https:\/\/agiomilano.com\/wp-content\/uploads\/2025\/11\/Biustonosz-my-body-db-9185-granatowy-scaled.jpg\",\"contentUrl\":\"https:\/\/agiomilano.com\/wp-content\/uploads\/2025\/11\/Biustonosz-my-body-db-9185-granatowy-scaled.jpg\",\"width\":2560,\"height\":2275,\"caption\":\"Biustonosz My Body, db-9185, granatowy\"},{\"@type\":\"BreadcrumbList\",\"@id\":\"https:\/\/agiomilano.com\/produkt\/gladki-biustonosz-my-body-push-up-db-9185-granatowy#breadcrumb\",\"itemListElement\":[{\"@type\":\"ListItem\",\"position\":1,\"name\":\"Strona g\u0142\u00f3wna\",\"item\":\"https:\/\/agiomilano.com\/en\"},{\"@type\":\"ListItem\",\"position\":2,\"name\":\"Shop\",\"item\":\"https:\/\/agiomilano.com\/en\/shop-2\"},{\"@type\":\"ListItem\",\"position\":3,\"name\":\"Promocje\",\"item\":\"https:\/\/agiomilano.com\/it\/kategoria\/promocje\"},{\"@type\":\"ListItem\",\"position\":4,\"name\":\"G\u0142adki Biustonosz My Body Push Up DB-9185 Granatowy\"}]},{\"@type\":\"WebSite\",\"@id\":\"https:\/\/agiomilano.com\/#website\",\"url\":\"https:\/\/agiomilano.com\/\",\"name\":\"agiomilano\",\"description\":\"Oficjalny sklep online Agio Milano\",\"potentialAction\":[{\"@type\":\"SearchAction\",\"target\":{\"@type\":\"EntryPoint\",\"urlTemplate\":\"https:\/\/agiomilano.com\/?s={search_term_string}\"},\"query-input\":{\"@type\":\"PropertyValueSpecification\",\"valueRequired\":true,\"valueName\":\"search_term_string\"}}],\"inLanguage\":\"en-US\"}]}<\/script>\n<!-- \/ Yoast SEO plugin. -->","yoast_head_json":{"title":"G\u0142adki Biustonosz My Body Push Up DB-9185 Granatowy - agiomilano","description":"G\u0142adki biustonosz My Body Push Up z termicznie wtopion\u0105 wk\u0142adk\u0105 push up wype\u0142nion\u0105 \u017celem o mniejszej p\u0142ynno\u015bci. Naturalny w dotyku","robots":{"index":"index","follow":"follow","max-snippet":"max-snippet:-1","max-image-preview":"max-image-preview:large","max-video-preview":"max-video-preview:-1"},"canonical":"https:\/\/agiomilano.com\/produkt\/gladki-biustonosz-my-body-push-up-db-9185-granatowy","og_locale":"en_US","og_type":"article","og_title":"G\u0142adki Biustonosz My Body Push Up DB-9185 Granatowy - agiomilano","og_description":"G\u0142adki biustonosz My Body Push Up z termicznie wtopion\u0105 wk\u0142adk\u0105 push up wype\u0142nion\u0105 \u017celem o mniejszej p\u0142ynno\u015bci. Naturalny w dotyku","og_url":"https:\/\/agiomilano.com\/produkt\/gladki-biustonosz-my-body-push-up-db-9185-granatowy","og_site_name":"agiomilano","article_modified_time":"2026-03-24T17:50:49+00:00","og_image":[{"width":2560,"height":2275,"url":"https:\/\/agiomilano.com\/wp-content\/uploads\/2025\/11\/Biustonosz-my-body-db-9185-granatowy-scaled.jpg","type":"image\/jpeg"}],"twitter_card":"summary_large_image","twitter_misc":{"Est. reading time":"1 minute"},"schema":{"@context":"https:\/\/schema.org","@graph":[{"@type":"WebPage","@id":"https:\/\/agiomilano.com\/produkt\/gladki-biustonosz-my-body-push-up-db-9185-granatowy","url":"https:\/\/agiomilano.com\/produkt\/gladki-biustonosz-my-body-push-up-db-9185-granatowy","name":"G\u0142adki Biustonosz My Body Push Up DB-9185 Granatowy - agiomilano","isPartOf":{"@id":"https:\/\/agiomilano.com\/#website"},"primaryImageOfPage":{"@id":"https:\/\/agiomilano.com\/produkt\/gladki-biustonosz-my-body-push-up-db-9185-granatowy#primaryimage"},"image":{"@id":"https:\/\/agiomilano.com\/produkt\/gladki-biustonosz-my-body-push-up-db-9185-granatowy#primaryimage"},"thumbnailUrl":"https:\/\/agiomilano.com\/wp-content\/uploads\/2025\/11\/Biustonosz-my-body-db-9185-granatowy-scaled.jpg","datePublished":"2024-11-17T18:25:46+00:00","dateModified":"2026-03-24T17:50:49+00:00","description":"G\u0142adki biustonosz My Body Push Up z termicznie wtopion\u0105 wk\u0142adk\u0105 push up wype\u0142nion\u0105 \u017celem o mniejszej p\u0142ynno\u015bci. Naturalny w dotyku","breadcrumb":{"@id":"https:\/\/agiomilano.com\/produkt\/gladki-biustonosz-my-body-push-up-db-9185-granatowy#breadcrumb"},"inLanguage":"en-US","potentialAction":[{"@type":"ReadAction","target":["https:\/\/agiomilano.com\/produkt\/gladki-biustonosz-my-body-push-up-db-9185-granatowy"]}]},{"@type":"ImageObject","inLanguage":"en-US","@id":"https:\/\/agiomilano.com\/produkt\/gladki-biustonosz-my-body-push-up-db-9185-granatowy#primaryimage","url":"https:\/\/agiomilano.com\/wp-content\/uploads\/2025\/11\/Biustonosz-my-body-db-9185-granatowy-scaled.jpg","contentUrl":"https:\/\/agiomilano.com\/wp-content\/uploads\/2025\/11\/Biustonosz-my-body-db-9185-granatowy-scaled.jpg","width":2560,"height":2275,"caption":"Biustonosz My Body, db-9185, granatowy"},{"@type":"BreadcrumbList","@id":"https:\/\/agiomilano.com\/produkt\/gladki-biustonosz-my-body-push-up-db-9185-granatowy#breadcrumb","itemListElement":[{"@type":"ListItem","position":1,"name":"Strona g\u0142\u00f3wna","item":"https:\/\/agiomilano.com\/en"},{"@type":"ListItem","position":2,"name":"Shop","item":"https:\/\/agiomilano.com\/en\/shop-2"},{"@type":"ListItem","position":3,"name":"Promocje","item":"https:\/\/agiomilano.com\/it\/kategoria\/promocje"},{"@type":"ListItem","position":4,"name":"G\u0142adki Biustonosz My Body Push Up DB-9185 Granatowy"}]},{"@type":"WebSite","@id":"https:\/\/agiomilano.com\/#website","url":"https:\/\/agiomilano.com\/","name":"agiomilano","description":"Oficjalny sklep online Agio Milano","potentialAction":[{"@type":"SearchAction","target":{"@type":"EntryPoint","urlTemplate":"https:\/\/agiomilano.com\/?s={search_term_string}"},"query-input":{"@type":"PropertyValueSpecification","valueRequired":true,"valueName":"search_term_string"}}],"inLanguage":"en-US"}]}},"_links":{"self":[{"href":"https:\/\/agiomilano.com\/en\/wp-json\/wp\/v2\/product\/41981","targetHints":{"allow":["GET"]}}],"collection":[{"href":"https:\/\/agiomilano.com\/en\/wp-json\/wp\/v2\/product"}],"about":[{"href":"https:\/\/agiomilano.com\/en\/wp-json\/wp\/v2\/types\/product"}],"replies":[{"embeddable":true,"href":"https:\/\/agiomilano.com\/en\/wp-json\/wp\/v2\/comments?post=41981"}],"wp:featuredmedia":[{"embeddable":true,"href":"https:\/\/agiomilano.com\/en\/wp-json\/wp\/v2\/media\/42000"}],"wp:attachment":[{"href":"https:\/\/agiomilano.com\/en\/wp-json\/wp\/v2\/media?parent=41981"}],"wp:term":[{"taxonomy":"product_brand","embeddable":true,"href":"https:\/\/agiomilano.com\/en\/wp-json\/wp\/v2\/product_brand?post=41981"},{"taxonomy":"product_cat","embeddable":true,"href":"https:\/\/agiomilano.com\/en\/wp-json\/wp\/v2\/product_cat?post=41981"},{"taxonomy":"product_tag","embeddable":true,"href":"https:\/\/agiomilano.com\/en\/wp-json\/wp\/v2\/product_tag?post=41981"}],"curies":[{"name":"wp","href":"https:\/\/api.w.org\/{rel}","templated":true}]}}