{"id":45558,"date":"2026-01-13T21:19:24","date_gmt":"2026-01-13T20:19:24","guid":{"rendered":"https:\/\/agiomilano.com\/?post_type=product&#038;p=45558"},"modified":"2026-03-30T18:41:56","modified_gmt":"2026-03-30T16:41:56","slug":"biustonosz-usztywniany-braletka-pocket-up-db-9316-fiolet","status":"publish","type":"product","link":"https:\/\/agiomilano.com\/en\/produkt\/biustonosz-usztywniany-braletka-pocket-up-db-9316-fiolet","title":{"rendered":"Biustonosz Usztywniany Braletka Pocket Up DB-9316"},"content":{"rendered":"<p>Biustonosz Usztywniany braletka pocket up to biustonosz p\u00f3\u0142usztywniany. Wysoki mostek perfekcyjnie dolega do klatki piersiowej. Miseczka biustonosza wykonana z pianki gorseciarskiej ukszta\u0142towana za pomoc\u0105 jednego \u0142\u0105cz\u0105cego szwu. Boczna cz\u0119\u015b\u0107 miseczki posiada dodatkowy panel, dzi\u0119ki czemu idealnie podtrzymuje i wygarnia piersi od strony pachy. Wewn\u0119trzna strona miseczki posiada d\u017cersejow\u0105 kieszonk\u0119 na wyjmowan\u0105 wk\u0142adk\u0119 push up z nowoczesnej, lekkiej pianki w kszta\u0142cie \u0142\u00f3deczki. Koronkowa braletka z wyjmowanymi wk\u0142adkami push up doskonale sprawdza si\u0119 przy korygowaniu naturalnych dysproporcji piersi. R\u00f3\u017cni si\u0119 od standardowego modelu pocket up g\u0142\u0119bsz\u0105 miseczk\u0105, bocznym panelem ze stabilizatora i wy\u017cszym mostkiem. Rami\u0105czka s\u0105 nieodpinane i posiadaj\u0105 p\u0142askie regulatory niewidoczne pod ubraniem.<\/p>\n","protected":false},"excerpt":{"rendered":"<p>Biustonosz Usztywniany braletka pocket up to biustonosz p\u00f3\u0142usztywniany. Wysoki mostek perfekcyjnie dolega do klatki piersiowej. Miseczka biustonosza wykonana z pianki gorseciarskiej ukszta\u0142towana za pomoc\u0105 jednego \u0142\u0105cz\u0105cego szwu. Boczna cz\u0119\u015b\u0107 miseczki posiada dodatkowy panel, dzi\u0119ki czemu idealnie podtrzymuje i wygarnia piersi od strony pachy. Wewn\u0119trzna strona miseczki posiada d\u017cersejow\u0105 kieszonk\u0119 na wyjmowan\u0105 wk\u0142adk\u0119 push up z [&hellip;]<\/p>\n","protected":false},"featured_media":45666,"comment_status":"open","ping_status":"closed","template":"","meta":{"_acf_changed":false,"_monsterinsights_skip_tracking":false,"_monsterinsights_sitenote_active":false,"_monsterinsights_sitenote_note":"","_monsterinsights_sitenote_category":0},"product_brand":[],"product_cat":[15,197,144,226,126,79,167,256,248,194,163,173,177,172,168,162,195,165,160,125,1249,78,192,143],"product_tag":[],"class_list":{"0":"post-45558","1":"product","2":"type-product","3":"status-publish","4":"has-post-thumbnail","6":"product_cat-uncategorized","7":"product_cat-bielizna","8":"product_cat-biustonosz-push-up","9":"product_cat-biustonosz-push-up-koronkowy","10":"product_cat-biustonosze","11":"product_cat-biustonosz","12":"product_cat-biustonosze-braletki","13":"product_cat-biustonosze-fioletowe","14":"product_cat-biustonosze-kolorowe","15":"product_cat-biustonosze-koronkowe","16":"product_cat-biustonosze-miekkie","17":"product_cat-biustonosze-miseczka-e","18":"product_cat-biustonosze-na-male-rozmiary","19":"product_cat-biustonosze-plunge","20":"product_cat-biustonosze-push-up","21":"product_cat-biustonosze-semisoft","22":"product_cat-biustonosze-slubne","23":"product_cat-biustonosze-z-fiszbinami","24":"product_cat-fioletowe","25":"product_cat-kolekcje","26":"product_cat-nostalgic-journey","27":"product_cat-nowosci","28":"product_cat-pocket-up","29":"product_cat-push-up-koronkowy","31":"first","32":"instock","33":"taxable","34":"shipping-taxable","35":"purchasable","36":"product-type-variable"},"acf":[],"yoast_head":"<!-- This site is optimized with the Yoast SEO plugin v26.8 - https:\/\/yoast.com\/product\/yoast-seo-wordpress\/ -->\n<title>Biustonosz Usztywniany Braletka Pocket Up DB-9316 - agiomilano<\/title>\n<meta name=\"description\" content=\"Koronkowa braletka pocket up to biustonosz p\u00f3\u0142usztywniany. Biustonosz damski idealnie unosi, zbiera i tworzy pi\u0119kny dekolt. Sprawd\u017a nasze biustonosze...\" \/>\n<meta name=\"robots\" content=\"index, follow, max-snippet:-1, max-image-preview:large, max-video-preview:-1\" \/>\n<link rel=\"canonical\" href=\"https:\/\/agiomilano.com\/produkt\/biustonosz-usztywniany-braletka-pocket-up-db-9316-fiolet\" \/>\n<meta property=\"og:locale\" content=\"en_US\" \/>\n<meta property=\"og:type\" content=\"article\" \/>\n<meta property=\"og:title\" content=\"Biustonosz Usztywniany Braletka Pocket Up DB-9316 - agiomilano\" \/>\n<meta property=\"og:description\" content=\"Koronkowa braletka pocket up to biustonosz p\u00f3\u0142usztywniany. Biustonosz damski idealnie unosi, zbiera i tworzy pi\u0119kny dekolt. Sprawd\u017a nasze biustonosze...\" \/>\n<meta property=\"og:url\" content=\"https:\/\/agiomilano.com\/produkt\/biustonosz-usztywniany-braletka-pocket-up-db-9316-fiolet\" \/>\n<meta property=\"og:site_name\" content=\"agiomilano\" \/>\n<meta property=\"article:modified_time\" content=\"2026-03-30T16:41:56+00:00\" \/>\n<meta property=\"og:image\" content=\"https:\/\/agiomilano.com\/wp-content\/uploads\/2026\/01\/biustonosz-usztywniany-koronkowy-push-up-pocket-up-braletka-front-fioletowy-db-9316-.jpg\" \/>\n\t<meta property=\"og:image:width\" content=\"860\" \/>\n\t<meta property=\"og:image:height\" content=\"1147\" \/>\n\t<meta property=\"og:image:type\" content=\"image\/jpeg\" \/>\n<meta name=\"twitter:card\" content=\"summary_large_image\" \/>\n<meta name=\"twitter:label1\" content=\"Est. reading time\" \/>\n\t<meta name=\"twitter:data1\" content=\"1 minute\" \/>\n<script type=\"application\/ld+json\" class=\"yoast-schema-graph\">{\"@context\":\"https:\/\/schema.org\",\"@graph\":[{\"@type\":\"WebPage\",\"@id\":\"https:\/\/agiomilano.com\/produkt\/biustonosz-usztywniany-braletka-pocket-up-db-9316-fiolet\",\"url\":\"https:\/\/agiomilano.com\/produkt\/biustonosz-usztywniany-braletka-pocket-up-db-9316-fiolet\",\"name\":\"Biustonosz Usztywniany Braletka Pocket Up DB-9316 - agiomilano\",\"isPartOf\":{\"@id\":\"https:\/\/agiomilano.com\/#website\"},\"primaryImageOfPage\":{\"@id\":\"https:\/\/agiomilano.com\/produkt\/biustonosz-usztywniany-braletka-pocket-up-db-9316-fiolet#primaryimage\"},\"image\":{\"@id\":\"https:\/\/agiomilano.com\/produkt\/biustonosz-usztywniany-braletka-pocket-up-db-9316-fiolet#primaryimage\"},\"thumbnailUrl\":\"https:\/\/agiomilano.com\/wp-content\/uploads\/2026\/01\/biustonosz-usztywniany-koronkowy-push-up-pocket-up-braletka-front-fioletowy-db-9316-.jpg\",\"datePublished\":\"2026-01-13T20:19:24+00:00\",\"dateModified\":\"2026-03-30T16:41:56+00:00\",\"description\":\"Koronkowa braletka pocket up to biustonosz p\u00f3\u0142usztywniany. Biustonosz damski idealnie unosi, zbiera i tworzy pi\u0119kny dekolt. Sprawd\u017a nasze biustonosze...\",\"breadcrumb\":{\"@id\":\"https:\/\/agiomilano.com\/produkt\/biustonosz-usztywniany-braletka-pocket-up-db-9316-fiolet#breadcrumb\"},\"inLanguage\":\"en-US\",\"potentialAction\":[{\"@type\":\"ReadAction\",\"target\":[\"https:\/\/agiomilano.com\/produkt\/biustonosz-usztywniany-braletka-pocket-up-db-9316-fiolet\"]}]},{\"@type\":\"ImageObject\",\"inLanguage\":\"en-US\",\"@id\":\"https:\/\/agiomilano.com\/produkt\/biustonosz-usztywniany-braletka-pocket-up-db-9316-fiolet#primaryimage\",\"url\":\"https:\/\/agiomilano.com\/wp-content\/uploads\/2026\/01\/biustonosz-usztywniany-koronkowy-push-up-pocket-up-braletka-front-fioletowy-db-9316-.jpg\",\"contentUrl\":\"https:\/\/agiomilano.com\/wp-content\/uploads\/2026\/01\/biustonosz-usztywniany-koronkowy-push-up-pocket-up-braletka-front-fioletowy-db-9316-.jpg\",\"width\":860,\"height\":1147,\"caption\":\"Biustonosz usztywniany braletka, koronkowy pocket up, db-9316\"},{\"@type\":\"BreadcrumbList\",\"@id\":\"https:\/\/agiomilano.com\/produkt\/biustonosz-usztywniany-braletka-pocket-up-db-9316-fiolet#breadcrumb\",\"itemListElement\":[{\"@type\":\"ListItem\",\"position\":1,\"name\":\"Strona g\u0142\u00f3wna\",\"item\":\"https:\/\/agiomilano.com\/en\"},{\"@type\":\"ListItem\",\"position\":2,\"name\":\"Shop\",\"item\":\"https:\/\/agiomilano.com\/en\/shop-2\"},{\"@type\":\"ListItem\",\"position\":3,\"name\":\"Wszystkie\",\"item\":\"https:\/\/agiomilano.com\/it\/kategoria\/uncategorized-it\"},{\"@type\":\"ListItem\",\"position\":4,\"name\":\"Biustonosz Usztywniany Braletka Pocket Up DB-9316\"}]},{\"@type\":\"WebSite\",\"@id\":\"https:\/\/agiomilano.com\/#website\",\"url\":\"https:\/\/agiomilano.com\/\",\"name\":\"agiomilano\",\"description\":\"Oficjalny sklep online Agio Milano\",\"potentialAction\":[{\"@type\":\"SearchAction\",\"target\":{\"@type\":\"EntryPoint\",\"urlTemplate\":\"https:\/\/agiomilano.com\/?s={search_term_string}\"},\"query-input\":{\"@type\":\"PropertyValueSpecification\",\"valueRequired\":true,\"valueName\":\"search_term_string\"}}],\"inLanguage\":\"en-US\"}]}<\/script>\n<!-- \/ Yoast SEO plugin. -->","yoast_head_json":{"title":"Biustonosz Usztywniany Braletka Pocket Up DB-9316 - agiomilano","description":"Koronkowa braletka pocket up to biustonosz p\u00f3\u0142usztywniany. Biustonosz damski idealnie unosi, zbiera i tworzy pi\u0119kny dekolt. Sprawd\u017a nasze biustonosze...","robots":{"index":"index","follow":"follow","max-snippet":"max-snippet:-1","max-image-preview":"max-image-preview:large","max-video-preview":"max-video-preview:-1"},"canonical":"https:\/\/agiomilano.com\/produkt\/biustonosz-usztywniany-braletka-pocket-up-db-9316-fiolet","og_locale":"en_US","og_type":"article","og_title":"Biustonosz Usztywniany Braletka Pocket Up DB-9316 - agiomilano","og_description":"Koronkowa braletka pocket up to biustonosz p\u00f3\u0142usztywniany. Biustonosz damski idealnie unosi, zbiera i tworzy pi\u0119kny dekolt. Sprawd\u017a nasze biustonosze...","og_url":"https:\/\/agiomilano.com\/produkt\/biustonosz-usztywniany-braletka-pocket-up-db-9316-fiolet","og_site_name":"agiomilano","article_modified_time":"2026-03-30T16:41:56+00:00","og_image":[{"width":860,"height":1147,"url":"https:\/\/agiomilano.com\/wp-content\/uploads\/2026\/01\/biustonosz-usztywniany-koronkowy-push-up-pocket-up-braletka-front-fioletowy-db-9316-.jpg","type":"image\/jpeg"}],"twitter_card":"summary_large_image","twitter_misc":{"Est. reading time":"1 minute"},"schema":{"@context":"https:\/\/schema.org","@graph":[{"@type":"WebPage","@id":"https:\/\/agiomilano.com\/produkt\/biustonosz-usztywniany-braletka-pocket-up-db-9316-fiolet","url":"https:\/\/agiomilano.com\/produkt\/biustonosz-usztywniany-braletka-pocket-up-db-9316-fiolet","name":"Biustonosz Usztywniany Braletka Pocket Up DB-9316 - agiomilano","isPartOf":{"@id":"https:\/\/agiomilano.com\/#website"},"primaryImageOfPage":{"@id":"https:\/\/agiomilano.com\/produkt\/biustonosz-usztywniany-braletka-pocket-up-db-9316-fiolet#primaryimage"},"image":{"@id":"https:\/\/agiomilano.com\/produkt\/biustonosz-usztywniany-braletka-pocket-up-db-9316-fiolet#primaryimage"},"thumbnailUrl":"https:\/\/agiomilano.com\/wp-content\/uploads\/2026\/01\/biustonosz-usztywniany-koronkowy-push-up-pocket-up-braletka-front-fioletowy-db-9316-.jpg","datePublished":"2026-01-13T20:19:24+00:00","dateModified":"2026-03-30T16:41:56+00:00","description":"Koronkowa braletka pocket up to biustonosz p\u00f3\u0142usztywniany. Biustonosz damski idealnie unosi, zbiera i tworzy pi\u0119kny dekolt. Sprawd\u017a nasze biustonosze...","breadcrumb":{"@id":"https:\/\/agiomilano.com\/produkt\/biustonosz-usztywniany-braletka-pocket-up-db-9316-fiolet#breadcrumb"},"inLanguage":"en-US","potentialAction":[{"@type":"ReadAction","target":["https:\/\/agiomilano.com\/produkt\/biustonosz-usztywniany-braletka-pocket-up-db-9316-fiolet"]}]},{"@type":"ImageObject","inLanguage":"en-US","@id":"https:\/\/agiomilano.com\/produkt\/biustonosz-usztywniany-braletka-pocket-up-db-9316-fiolet#primaryimage","url":"https:\/\/agiomilano.com\/wp-content\/uploads\/2026\/01\/biustonosz-usztywniany-koronkowy-push-up-pocket-up-braletka-front-fioletowy-db-9316-.jpg","contentUrl":"https:\/\/agiomilano.com\/wp-content\/uploads\/2026\/01\/biustonosz-usztywniany-koronkowy-push-up-pocket-up-braletka-front-fioletowy-db-9316-.jpg","width":860,"height":1147,"caption":"Biustonosz usztywniany braletka, koronkowy pocket up, db-9316"},{"@type":"BreadcrumbList","@id":"https:\/\/agiomilano.com\/produkt\/biustonosz-usztywniany-braletka-pocket-up-db-9316-fiolet#breadcrumb","itemListElement":[{"@type":"ListItem","position":1,"name":"Strona g\u0142\u00f3wna","item":"https:\/\/agiomilano.com\/en"},{"@type":"ListItem","position":2,"name":"Shop","item":"https:\/\/agiomilano.com\/en\/shop-2"},{"@type":"ListItem","position":3,"name":"Wszystkie","item":"https:\/\/agiomilano.com\/it\/kategoria\/uncategorized-it"},{"@type":"ListItem","position":4,"name":"Biustonosz Usztywniany Braletka Pocket Up DB-9316"}]},{"@type":"WebSite","@id":"https:\/\/agiomilano.com\/#website","url":"https:\/\/agiomilano.com\/","name":"agiomilano","description":"Oficjalny sklep online Agio Milano","potentialAction":[{"@type":"SearchAction","target":{"@type":"EntryPoint","urlTemplate":"https:\/\/agiomilano.com\/?s={search_term_string}"},"query-input":{"@type":"PropertyValueSpecification","valueRequired":true,"valueName":"search_term_string"}}],"inLanguage":"en-US"}]}},"_links":{"self":[{"href":"https:\/\/agiomilano.com\/en\/wp-json\/wp\/v2\/product\/45558","targetHints":{"allow":["GET"]}}],"collection":[{"href":"https:\/\/agiomilano.com\/en\/wp-json\/wp\/v2\/product"}],"about":[{"href":"https:\/\/agiomilano.com\/en\/wp-json\/wp\/v2\/types\/product"}],"replies":[{"embeddable":true,"href":"https:\/\/agiomilano.com\/en\/wp-json\/wp\/v2\/comments?post=45558"}],"wp:featuredmedia":[{"embeddable":true,"href":"https:\/\/agiomilano.com\/en\/wp-json\/wp\/v2\/media\/45666"}],"wp:attachment":[{"href":"https:\/\/agiomilano.com\/en\/wp-json\/wp\/v2\/media?parent=45558"}],"wp:term":[{"taxonomy":"product_brand","embeddable":true,"href":"https:\/\/agiomilano.com\/en\/wp-json\/wp\/v2\/product_brand?post=45558"},{"taxonomy":"product_cat","embeddable":true,"href":"https:\/\/agiomilano.com\/en\/wp-json\/wp\/v2\/product_cat?post=45558"},{"taxonomy":"product_tag","embeddable":true,"href":"https:\/\/agiomilano.com\/en\/wp-json\/wp\/v2\/product_tag?post=45558"}],"curies":[{"name":"wp","href":"https:\/\/api.w.org\/{rel}","templated":true}]}}