{"id":45714,"date":"2026-01-13T21:37:54","date_gmt":"2026-01-13T20:37:54","guid":{"rendered":"https:\/\/agiomilano.com\/?post_type=product&#038;p=45714"},"modified":"2026-03-24T19:12:55","modified_gmt":"2026-03-24T18:12:55","slug":"koronkowe-majtki-bikini-dm-6320-fiolet","status":"publish","type":"product","link":"https:\/\/agiomilano.com\/en\/produkt\/koronkowe-majtki-bikini-dm-6320-fiolet","title":{"rendered":"Koronkowe Fioletowe Majtki Bikini DM-6320"},"content":{"rendered":"<p>Koronkowe majtki bikini wykonane z fantazyjnej koronki. P\u00f3\u0142przezroczyste, w przedniej cz\u0119\u015bci podszyte siateczk\u0105. W pasie ozdobna gumka.<\/p>\n","protected":false},"excerpt":{"rendered":"<p>Koronkowe majtki bikini wykonane z fantazyjnej koronki. P\u00f3\u0142przezroczyste, w przedniej cz\u0119\u015bci podszyte siateczk\u0105. W pasie ozdobna gumka.<\/p>\n","protected":false},"featured_media":45675,"comment_status":"open","ping_status":"closed","template":"","meta":{"_acf_changed":false,"_monsterinsights_skip_tracking":false,"_monsterinsights_sitenote_active":false,"_monsterinsights_sitenote_note":"","_monsterinsights_sitenote_category":0},"product_brand":[],"product_cat":[15,90,198,281,160,125,286,152,127,123,179,178,242,229,147,205,1249,78],"product_tag":[],"class_list":{"0":"post-45714","1":"product","2":"type-product","3":"status-publish","4":"has-post-thumbnail","6":"product_cat-uncategorized","7":"product_cat-figi","8":"product_cat-figi-koronkowe","9":"product_cat-fioletowa-bielizna","10":"product_cat-fioletowe","11":"product_cat-kolekcje","12":"product_cat-kolorowa-bielizna","13":"product_cat-kolorowe","14":"product_cat-majtki-2","15":"product_cat-majtki","16":"product_cat-majtki-bikini-2","17":"product_cat-majtki-figi","18":"product_cat-majtki-fioletowe","19":"product_cat-majtki-koronkowe-3","20":"product_cat-majtki-koronkowe","21":"product_cat-majtki-koronkowe-2","22":"product_cat-nostalgic-journey","23":"product_cat-nowosci","25":"first","26":"instock","27":"taxable","28":"shipping-taxable","29":"purchasable","30":"product-type-variable"},"acf":[],"yoast_head":"<!-- This site is optimized with the Yoast SEO plugin v26.8 - https:\/\/yoast.com\/product\/yoast-seo-wordpress\/ -->\n<title>Koronkowe Fioletowe Majtki Bikini DM-6320 - agiomilano<\/title>\n<meta name=\"description\" content=\"Koronkowe Majtki Bikini. Fantazyjna koronka, komfortowe i niewidoczne pod ubraniem majtki. Wysoka jako\u015b\u0107 i gwarancja wygody. Odwied\u017a sklep...\" \/>\n<meta name=\"robots\" content=\"index, follow, max-snippet:-1, max-image-preview:large, max-video-preview:-1\" \/>\n<link rel=\"canonical\" href=\"https:\/\/agiomilano.com\/produkt\/koronkowe-majtki-bikini-dm-6320-fiolet\" \/>\n<meta property=\"og:locale\" content=\"en_US\" \/>\n<meta property=\"og:type\" content=\"article\" \/>\n<meta property=\"og:title\" content=\"Koronkowe Fioletowe Majtki Bikini DM-6320 - agiomilano\" \/>\n<meta property=\"og:description\" content=\"Koronkowe Majtki Bikini. Fantazyjna koronka, komfortowe i niewidoczne pod ubraniem majtki. Wysoka jako\u015b\u0107 i gwarancja wygody. Odwied\u017a sklep...\" \/>\n<meta property=\"og:url\" content=\"https:\/\/agiomilano.com\/produkt\/koronkowe-majtki-bikini-dm-6320-fiolet\" \/>\n<meta property=\"og:site_name\" content=\"agiomilano\" \/>\n<meta property=\"article:modified_time\" content=\"2026-03-24T18:12:55+00:00\" \/>\n<meta property=\"og:image\" content=\"https:\/\/agiomilano.com\/wp-content\/uploads\/2026\/01\/figi-bikini-damskie-majtki-koronkowe-front-fioletowe-dm-6320.jpg\" \/>\n\t<meta property=\"og:image:width\" content=\"860\" \/>\n\t<meta property=\"og:image:height\" content=\"1147\" \/>\n\t<meta property=\"og:image:type\" content=\"image\/jpeg\" \/>\n<meta name=\"twitter:card\" content=\"summary_large_image\" \/>\n<meta name=\"twitter:label1\" content=\"Est. reading time\" \/>\n\t<meta name=\"twitter:data1\" content=\"1 minute\" \/>\n<script type=\"application\/ld+json\" class=\"yoast-schema-graph\">{\"@context\":\"https:\/\/schema.org\",\"@graph\":[{\"@type\":\"WebPage\",\"@id\":\"https:\/\/agiomilano.com\/produkt\/koronkowe-majtki-bikini-dm-6320-fiolet\",\"url\":\"https:\/\/agiomilano.com\/produkt\/koronkowe-majtki-bikini-dm-6320-fiolet\",\"name\":\"Koronkowe Fioletowe Majtki Bikini DM-6320 - agiomilano\",\"isPartOf\":{\"@id\":\"https:\/\/agiomilano.com\/#website\"},\"primaryImageOfPage\":{\"@id\":\"https:\/\/agiomilano.com\/produkt\/koronkowe-majtki-bikini-dm-6320-fiolet#primaryimage\"},\"image\":{\"@id\":\"https:\/\/agiomilano.com\/produkt\/koronkowe-majtki-bikini-dm-6320-fiolet#primaryimage\"},\"thumbnailUrl\":\"https:\/\/agiomilano.com\/wp-content\/uploads\/2026\/01\/figi-bikini-damskie-majtki-koronkowe-front-fioletowe-dm-6320.jpg\",\"datePublished\":\"2026-01-13T20:37:54+00:00\",\"dateModified\":\"2026-03-24T18:12:55+00:00\",\"description\":\"Koronkowe Majtki Bikini. Fantazyjna koronka, komfortowe i niewidoczne pod ubraniem majtki. Wysoka jako\u015b\u0107 i gwarancja wygody. Odwied\u017a sklep...\",\"breadcrumb\":{\"@id\":\"https:\/\/agiomilano.com\/produkt\/koronkowe-majtki-bikini-dm-6320-fiolet#breadcrumb\"},\"inLanguage\":\"en-US\",\"potentialAction\":[{\"@type\":\"ReadAction\",\"target\":[\"https:\/\/agiomilano.com\/produkt\/koronkowe-majtki-bikini-dm-6320-fiolet\"]}]},{\"@type\":\"ImageObject\",\"inLanguage\":\"en-US\",\"@id\":\"https:\/\/agiomilano.com\/produkt\/koronkowe-majtki-bikini-dm-6320-fiolet#primaryimage\",\"url\":\"https:\/\/agiomilano.com\/wp-content\/uploads\/2026\/01\/figi-bikini-damskie-majtki-koronkowe-front-fioletowe-dm-6320.jpg\",\"contentUrl\":\"https:\/\/agiomilano.com\/wp-content\/uploads\/2026\/01\/figi-bikini-damskie-majtki-koronkowe-front-fioletowe-dm-6320.jpg\",\"width\":860,\"height\":1147,\"caption\":\"figi bikini, damskie majtki koronkowe fioletowe, dm-6320\"},{\"@type\":\"BreadcrumbList\",\"@id\":\"https:\/\/agiomilano.com\/produkt\/koronkowe-majtki-bikini-dm-6320-fiolet#breadcrumb\",\"itemListElement\":[{\"@type\":\"ListItem\",\"position\":1,\"name\":\"Strona g\u0142\u00f3wna\",\"item\":\"https:\/\/agiomilano.com\/en\"},{\"@type\":\"ListItem\",\"position\":2,\"name\":\"Shop\",\"item\":\"https:\/\/agiomilano.com\/en\/shop-2\"},{\"@type\":\"ListItem\",\"position\":3,\"name\":\"Wszystkie\",\"item\":\"https:\/\/agiomilano.com\/it\/kategoria\/uncategorized-it\"},{\"@type\":\"ListItem\",\"position\":4,\"name\":\"Koronkowe Fioletowe Majtki Bikini DM-6320\"}]},{\"@type\":\"WebSite\",\"@id\":\"https:\/\/agiomilano.com\/#website\",\"url\":\"https:\/\/agiomilano.com\/\",\"name\":\"agiomilano\",\"description\":\"Oficjalny sklep online Agio Milano\",\"potentialAction\":[{\"@type\":\"SearchAction\",\"target\":{\"@type\":\"EntryPoint\",\"urlTemplate\":\"https:\/\/agiomilano.com\/?s={search_term_string}\"},\"query-input\":{\"@type\":\"PropertyValueSpecification\",\"valueRequired\":true,\"valueName\":\"search_term_string\"}}],\"inLanguage\":\"en-US\"}]}<\/script>\n<!-- \/ Yoast SEO plugin. -->","yoast_head_json":{"title":"Koronkowe Fioletowe Majtki Bikini DM-6320 - agiomilano","description":"Koronkowe Majtki Bikini. Fantazyjna koronka, komfortowe i niewidoczne pod ubraniem majtki. Wysoka jako\u015b\u0107 i gwarancja wygody. Odwied\u017a sklep...","robots":{"index":"index","follow":"follow","max-snippet":"max-snippet:-1","max-image-preview":"max-image-preview:large","max-video-preview":"max-video-preview:-1"},"canonical":"https:\/\/agiomilano.com\/produkt\/koronkowe-majtki-bikini-dm-6320-fiolet","og_locale":"en_US","og_type":"article","og_title":"Koronkowe Fioletowe Majtki Bikini DM-6320 - agiomilano","og_description":"Koronkowe Majtki Bikini. Fantazyjna koronka, komfortowe i niewidoczne pod ubraniem majtki. Wysoka jako\u015b\u0107 i gwarancja wygody. Odwied\u017a sklep...","og_url":"https:\/\/agiomilano.com\/produkt\/koronkowe-majtki-bikini-dm-6320-fiolet","og_site_name":"agiomilano","article_modified_time":"2026-03-24T18:12:55+00:00","og_image":[{"width":860,"height":1147,"url":"https:\/\/agiomilano.com\/wp-content\/uploads\/2026\/01\/figi-bikini-damskie-majtki-koronkowe-front-fioletowe-dm-6320.jpg","type":"image\/jpeg"}],"twitter_card":"summary_large_image","twitter_misc":{"Est. reading time":"1 minute"},"schema":{"@context":"https:\/\/schema.org","@graph":[{"@type":"WebPage","@id":"https:\/\/agiomilano.com\/produkt\/koronkowe-majtki-bikini-dm-6320-fiolet","url":"https:\/\/agiomilano.com\/produkt\/koronkowe-majtki-bikini-dm-6320-fiolet","name":"Koronkowe Fioletowe Majtki Bikini DM-6320 - agiomilano","isPartOf":{"@id":"https:\/\/agiomilano.com\/#website"},"primaryImageOfPage":{"@id":"https:\/\/agiomilano.com\/produkt\/koronkowe-majtki-bikini-dm-6320-fiolet#primaryimage"},"image":{"@id":"https:\/\/agiomilano.com\/produkt\/koronkowe-majtki-bikini-dm-6320-fiolet#primaryimage"},"thumbnailUrl":"https:\/\/agiomilano.com\/wp-content\/uploads\/2026\/01\/figi-bikini-damskie-majtki-koronkowe-front-fioletowe-dm-6320.jpg","datePublished":"2026-01-13T20:37:54+00:00","dateModified":"2026-03-24T18:12:55+00:00","description":"Koronkowe Majtki Bikini. Fantazyjna koronka, komfortowe i niewidoczne pod ubraniem majtki. Wysoka jako\u015b\u0107 i gwarancja wygody. Odwied\u017a sklep...","breadcrumb":{"@id":"https:\/\/agiomilano.com\/produkt\/koronkowe-majtki-bikini-dm-6320-fiolet#breadcrumb"},"inLanguage":"en-US","potentialAction":[{"@type":"ReadAction","target":["https:\/\/agiomilano.com\/produkt\/koronkowe-majtki-bikini-dm-6320-fiolet"]}]},{"@type":"ImageObject","inLanguage":"en-US","@id":"https:\/\/agiomilano.com\/produkt\/koronkowe-majtki-bikini-dm-6320-fiolet#primaryimage","url":"https:\/\/agiomilano.com\/wp-content\/uploads\/2026\/01\/figi-bikini-damskie-majtki-koronkowe-front-fioletowe-dm-6320.jpg","contentUrl":"https:\/\/agiomilano.com\/wp-content\/uploads\/2026\/01\/figi-bikini-damskie-majtki-koronkowe-front-fioletowe-dm-6320.jpg","width":860,"height":1147,"caption":"figi bikini, damskie majtki koronkowe fioletowe, dm-6320"},{"@type":"BreadcrumbList","@id":"https:\/\/agiomilano.com\/produkt\/koronkowe-majtki-bikini-dm-6320-fiolet#breadcrumb","itemListElement":[{"@type":"ListItem","position":1,"name":"Strona g\u0142\u00f3wna","item":"https:\/\/agiomilano.com\/en"},{"@type":"ListItem","position":2,"name":"Shop","item":"https:\/\/agiomilano.com\/en\/shop-2"},{"@type":"ListItem","position":3,"name":"Wszystkie","item":"https:\/\/agiomilano.com\/it\/kategoria\/uncategorized-it"},{"@type":"ListItem","position":4,"name":"Koronkowe Fioletowe Majtki Bikini DM-6320"}]},{"@type":"WebSite","@id":"https:\/\/agiomilano.com\/#website","url":"https:\/\/agiomilano.com\/","name":"agiomilano","description":"Oficjalny sklep online Agio Milano","potentialAction":[{"@type":"SearchAction","target":{"@type":"EntryPoint","urlTemplate":"https:\/\/agiomilano.com\/?s={search_term_string}"},"query-input":{"@type":"PropertyValueSpecification","valueRequired":true,"valueName":"search_term_string"}}],"inLanguage":"en-US"}]}},"_links":{"self":[{"href":"https:\/\/agiomilano.com\/en\/wp-json\/wp\/v2\/product\/45714","targetHints":{"allow":["GET"]}}],"collection":[{"href":"https:\/\/agiomilano.com\/en\/wp-json\/wp\/v2\/product"}],"about":[{"href":"https:\/\/agiomilano.com\/en\/wp-json\/wp\/v2\/types\/product"}],"replies":[{"embeddable":true,"href":"https:\/\/agiomilano.com\/en\/wp-json\/wp\/v2\/comments?post=45714"}],"wp:featuredmedia":[{"embeddable":true,"href":"https:\/\/agiomilano.com\/en\/wp-json\/wp\/v2\/media\/45675"}],"wp:attachment":[{"href":"https:\/\/agiomilano.com\/en\/wp-json\/wp\/v2\/media?parent=45714"}],"wp:term":[{"taxonomy":"product_brand","embeddable":true,"href":"https:\/\/agiomilano.com\/en\/wp-json\/wp\/v2\/product_brand?post=45714"},{"taxonomy":"product_cat","embeddable":true,"href":"https:\/\/agiomilano.com\/en\/wp-json\/wp\/v2\/product_cat?post=45714"},{"taxonomy":"product_tag","embeddable":true,"href":"https:\/\/agiomilano.com\/en\/wp-json\/wp\/v2\/product_tag?post=45714"}],"curies":[{"name":"wp","href":"https:\/\/api.w.org\/{rel}","templated":true}]}}