{"id":46244,"date":"2026-01-21T17:22:45","date_gmt":"2026-01-21T16:22:45","guid":{"rendered":"https:\/\/agiomilano.com\/?post_type=product&#038;p=46244"},"modified":"2026-04-01T11:13:13","modified_gmt":"2026-04-01T09:13:13","slug":"biustonosz-push-up-koronkowy-my-body-db-9348","status":"publish","type":"product","link":"https:\/\/agiomilano.com\/en\/produkt\/biustonosz-push-up-koronkowy-my-body-db-9348","title":{"rendered":"Biustonosz Push Up Koronkowy My Body DB-9348"},"content":{"rendered":"<p>Biustonosz Push Up Koronkowy My Body pod wp\u0142ywem ciep\u0142a kobiecego cia\u0142a dopasowuje si\u0119 do kszta\u0142tu biustu. Miseczka pokryta koronk\u0105 posiada termicznie wtopion\u0105, delikatn\u0105 i lekk\u0105 wk\u0142adk\u0119 push up wype\u0142nion\u0105 \u017celem, kt\u00f3ry reaguje na temperatur\u0119 biustu. Biustonosz koronkowy <a href=\"https:\/\/agiomilano.com\/en\/category\/push-up-bras\">push up<\/a> gwarantuje naturalny efekt uniesienia i powi\u0119kszenia biustu, idealnie zbiera piersi do \u015brodka. G\u0142\u0119bsza, pojemniejsza i nieco zabudowana od g\u00f3ry miseczka, dobrze zamyka pier\u015b od strony pachy. Biustonosz posiada szerszy i wzmocniony obw\u00f3d zmys\u0142owo wyprowadzony po elipsie do szerszego tylnego zapi\u0119cia. Niepowtarzalny model My Body My Bra w dotyku jest jak druga sk\u00f3ra, delikatny, lekki i bardzo komfortowy.<\/p>\n","protected":false},"excerpt":{"rendered":"<p>Biustonosz Push Up Koronkowy My Body pod wp\u0142ywem ciep\u0142a kobiecego cia\u0142a dopasowuje si\u0119 do kszta\u0142tu biustu. Miseczka pokryta koronk\u0105 posiada termicznie wtopion\u0105, delikatn\u0105 i lekk\u0105 wk\u0142adk\u0119 push up wype\u0142nion\u0105 \u017celem, kt\u00f3ry reaguje na temperatur\u0119 biustu. Biustonosz koronkowy push up gwarantuje naturalny efekt uniesienia i powi\u0119kszenia biustu, idealnie zbiera piersi do \u015brodka. G\u0142\u0119bsza, pojemniejsza i nieco [&hellip;]<\/p>\n","protected":false},"featured_media":46337,"comment_status":"open","ping_status":"closed","template":"","meta":{"_acf_changed":false,"_monsterinsights_skip_tracking":false,"_monsterinsights_sitenote_active":false,"_monsterinsights_sitenote_note":"","_monsterinsights_sitenote_category":0},"product_brand":[],"product_cat":[15,285,149,197,271,144,226,79,126,245,244,171,194,253,173,177,172,168,249,195,165,283,148,125,278,157,189,142,1249,78,143,274,153],"product_tag":[],"class_list":{"0":"post-46244","1":"product","2":"type-product","3":"status-publish","4":"has-post-thumbnail","6":"product_cat-uncategorized","7":"product_cat-bezowa-bielizna","8":"product_cat-bezowe","9":"product_cat-bielizna","10":"product_cat-bielizna-cielista","11":"product_cat-biustonosz-push-up","12":"product_cat-biustonosz-push-up-koronkowy","13":"product_cat-biustonosz","14":"product_cat-biustonosze","15":"product_cat-biustonosze-bezowe","16":"product_cat-biustonosze-cieliste","17":"product_cat-biustonosze-full-cup","18":"product_cat-biustonosze-koronkowe","19":"product_cat-biustonosze-kremowe","20":"product_cat-biustonosze-miseczka-e","21":"product_cat-biustonosze-na-male-rozmiary","22":"product_cat-biustonosze-plunge","23":"product_cat-biustonosze-push-up","24":"product_cat-biustonosze-rozowe","25":"product_cat-biustonosze-slubne","26":"product_cat-biustonosze-z-fiszbinami","27":"product_cat-cielista-bielizna","28":"product_cat-cieliste","29":"product_cat-kolekcje","30":"product_cat-kremowa-bielizna","31":"product_cat-kremowe","32":"product_cat-my-body-push-up-2","33":"product_cat-my-body-push-up","34":"product_cat-nostalgic-journey","35":"product_cat-nowosci","36":"product_cat-push-up-koronkowy","37":"product_cat-rozowa-bielizna","38":"product_cat-rozowe","40":"first","41":"instock","42":"taxable","43":"shipping-taxable","44":"purchasable","45":"product-type-variable"},"acf":[],"yoast_head":"<!-- This site is optimized with the Yoast SEO plugin v26.8 - https:\/\/yoast.com\/product\/yoast-seo-wordpress\/ -->\n<title>Biustonosz Push Up Koronkowy My Body DB-9348 - agiomilano<\/title>\n<meta name=\"description\" content=\"Biustonosz Push Up Koronkowy pod wp\u0142ywem ciep\u0142a kobiecego cia\u0142a dopasowuje si\u0119 do kszta\u0142tu biustu. Must Have dla wielbicielek My Body....\" \/>\n<meta name=\"robots\" content=\"index, follow, max-snippet:-1, max-image-preview:large, max-video-preview:-1\" \/>\n<link rel=\"canonical\" href=\"https:\/\/agiomilano.com\/produkt\/biustonosz-push-up-koronkowy-my-body-db-9348\" \/>\n<meta property=\"og:locale\" content=\"en_US\" \/>\n<meta property=\"og:type\" content=\"article\" \/>\n<meta property=\"og:title\" content=\"Biustonosz Push Up Koronkowy My Body DB-9348 - agiomilano\" \/>\n<meta property=\"og:description\" content=\"Biustonosz Push Up Koronkowy pod wp\u0142ywem ciep\u0142a kobiecego cia\u0142a dopasowuje si\u0119 do kszta\u0142tu biustu. Must Have dla wielbicielek My Body....\" \/>\n<meta property=\"og:url\" content=\"https:\/\/agiomilano.com\/produkt\/biustonosz-push-up-koronkowy-my-body-db-9348\" \/>\n<meta property=\"og:site_name\" content=\"agiomilano\" \/>\n<meta property=\"article:modified_time\" content=\"2026-04-01T09:13:13+00:00\" \/>\n<meta property=\"og:image\" content=\"https:\/\/agiomilano.com\/wp-content\/uploads\/2026\/01\/biustonosz-damski-koronkowy-push-up-my-body-front-bezowy-db-9348.jpg\" \/>\n\t<meta property=\"og:image:width\" content=\"860\" \/>\n\t<meta property=\"og:image:height\" content=\"1147\" \/>\n\t<meta property=\"og:image:type\" content=\"image\/jpeg\" \/>\n<meta name=\"twitter:card\" content=\"summary_large_image\" \/>\n<meta name=\"twitter:label1\" content=\"Est. reading time\" \/>\n\t<meta name=\"twitter:data1\" content=\"1 minute\" \/>\n<script type=\"application\/ld+json\" class=\"yoast-schema-graph\">{\"@context\":\"https:\/\/schema.org\",\"@graph\":[{\"@type\":\"WebPage\",\"@id\":\"https:\/\/agiomilano.com\/produkt\/biustonosz-push-up-koronkowy-my-body-db-9348\",\"url\":\"https:\/\/agiomilano.com\/produkt\/biustonosz-push-up-koronkowy-my-body-db-9348\",\"name\":\"Biustonosz Push Up Koronkowy My Body DB-9348 - agiomilano\",\"isPartOf\":{\"@id\":\"https:\/\/agiomilano.com\/#website\"},\"primaryImageOfPage\":{\"@id\":\"https:\/\/agiomilano.com\/produkt\/biustonosz-push-up-koronkowy-my-body-db-9348#primaryimage\"},\"image\":{\"@id\":\"https:\/\/agiomilano.com\/produkt\/biustonosz-push-up-koronkowy-my-body-db-9348#primaryimage\"},\"thumbnailUrl\":\"https:\/\/agiomilano.com\/wp-content\/uploads\/2026\/01\/biustonosz-damski-koronkowy-push-up-my-body-front-bezowy-db-9348.jpg\",\"datePublished\":\"2026-01-21T16:22:45+00:00\",\"dateModified\":\"2026-04-01T09:13:13+00:00\",\"description\":\"Biustonosz Push Up Koronkowy pod wp\u0142ywem ciep\u0142a kobiecego cia\u0142a dopasowuje si\u0119 do kszta\u0142tu biustu. Must Have dla wielbicielek My Body....\",\"breadcrumb\":{\"@id\":\"https:\/\/agiomilano.com\/produkt\/biustonosz-push-up-koronkowy-my-body-db-9348#breadcrumb\"},\"inLanguage\":\"en-US\",\"potentialAction\":[{\"@type\":\"ReadAction\",\"target\":[\"https:\/\/agiomilano.com\/produkt\/biustonosz-push-up-koronkowy-my-body-db-9348\"]}]},{\"@type\":\"ImageObject\",\"inLanguage\":\"en-US\",\"@id\":\"https:\/\/agiomilano.com\/produkt\/biustonosz-push-up-koronkowy-my-body-db-9348#primaryimage\",\"url\":\"https:\/\/agiomilano.com\/wp-content\/uploads\/2026\/01\/biustonosz-damski-koronkowy-push-up-my-body-front-bezowy-db-9348.jpg\",\"contentUrl\":\"https:\/\/agiomilano.com\/wp-content\/uploads\/2026\/01\/biustonosz-damski-koronkowy-push-up-my-body-front-bezowy-db-9348.jpg\",\"width\":860,\"height\":1147,\"caption\":\"Biustonosz koronkowy push up, my body, bezowy, db-9348\"},{\"@type\":\"BreadcrumbList\",\"@id\":\"https:\/\/agiomilano.com\/produkt\/biustonosz-push-up-koronkowy-my-body-db-9348#breadcrumb\",\"itemListElement\":[{\"@type\":\"ListItem\",\"position\":1,\"name\":\"Strona g\u0142\u00f3wna\",\"item\":\"https:\/\/agiomilano.com\/en\"},{\"@type\":\"ListItem\",\"position\":2,\"name\":\"Shop\",\"item\":\"https:\/\/agiomilano.com\/en\/shop-2\"},{\"@type\":\"ListItem\",\"position\":3,\"name\":\"Wszystkie\",\"item\":\"https:\/\/agiomilano.com\/it\/kategoria\/uncategorized-it\"},{\"@type\":\"ListItem\",\"position\":4,\"name\":\"Biustonosz Push Up Koronkowy My Body DB-9348\"}]},{\"@type\":\"WebSite\",\"@id\":\"https:\/\/agiomilano.com\/#website\",\"url\":\"https:\/\/agiomilano.com\/\",\"name\":\"agiomilano\",\"description\":\"Oficjalny sklep online Agio Milano\",\"potentialAction\":[{\"@type\":\"SearchAction\",\"target\":{\"@type\":\"EntryPoint\",\"urlTemplate\":\"https:\/\/agiomilano.com\/?s={search_term_string}\"},\"query-input\":{\"@type\":\"PropertyValueSpecification\",\"valueRequired\":true,\"valueName\":\"search_term_string\"}}],\"inLanguage\":\"en-US\"}]}<\/script>\n<!-- \/ Yoast SEO plugin. -->","yoast_head_json":{"title":"Biustonosz Push Up Koronkowy My Body DB-9348 - agiomilano","description":"Biustonosz Push Up Koronkowy pod wp\u0142ywem ciep\u0142a kobiecego cia\u0142a dopasowuje si\u0119 do kszta\u0142tu biustu. Must Have dla wielbicielek My Body....","robots":{"index":"index","follow":"follow","max-snippet":"max-snippet:-1","max-image-preview":"max-image-preview:large","max-video-preview":"max-video-preview:-1"},"canonical":"https:\/\/agiomilano.com\/produkt\/biustonosz-push-up-koronkowy-my-body-db-9348","og_locale":"en_US","og_type":"article","og_title":"Biustonosz Push Up Koronkowy My Body DB-9348 - agiomilano","og_description":"Biustonosz Push Up Koronkowy pod wp\u0142ywem ciep\u0142a kobiecego cia\u0142a dopasowuje si\u0119 do kszta\u0142tu biustu. Must Have dla wielbicielek My Body....","og_url":"https:\/\/agiomilano.com\/produkt\/biustonosz-push-up-koronkowy-my-body-db-9348","og_site_name":"agiomilano","article_modified_time":"2026-04-01T09:13:13+00:00","og_image":[{"width":860,"height":1147,"url":"https:\/\/agiomilano.com\/wp-content\/uploads\/2026\/01\/biustonosz-damski-koronkowy-push-up-my-body-front-bezowy-db-9348.jpg","type":"image\/jpeg"}],"twitter_card":"summary_large_image","twitter_misc":{"Est. reading time":"1 minute"},"schema":{"@context":"https:\/\/schema.org","@graph":[{"@type":"WebPage","@id":"https:\/\/agiomilano.com\/produkt\/biustonosz-push-up-koronkowy-my-body-db-9348","url":"https:\/\/agiomilano.com\/produkt\/biustonosz-push-up-koronkowy-my-body-db-9348","name":"Biustonosz Push Up Koronkowy My Body DB-9348 - agiomilano","isPartOf":{"@id":"https:\/\/agiomilano.com\/#website"},"primaryImageOfPage":{"@id":"https:\/\/agiomilano.com\/produkt\/biustonosz-push-up-koronkowy-my-body-db-9348#primaryimage"},"image":{"@id":"https:\/\/agiomilano.com\/produkt\/biustonosz-push-up-koronkowy-my-body-db-9348#primaryimage"},"thumbnailUrl":"https:\/\/agiomilano.com\/wp-content\/uploads\/2026\/01\/biustonosz-damski-koronkowy-push-up-my-body-front-bezowy-db-9348.jpg","datePublished":"2026-01-21T16:22:45+00:00","dateModified":"2026-04-01T09:13:13+00:00","description":"Biustonosz Push Up Koronkowy pod wp\u0142ywem ciep\u0142a kobiecego cia\u0142a dopasowuje si\u0119 do kszta\u0142tu biustu. Must Have dla wielbicielek My Body....","breadcrumb":{"@id":"https:\/\/agiomilano.com\/produkt\/biustonosz-push-up-koronkowy-my-body-db-9348#breadcrumb"},"inLanguage":"en-US","potentialAction":[{"@type":"ReadAction","target":["https:\/\/agiomilano.com\/produkt\/biustonosz-push-up-koronkowy-my-body-db-9348"]}]},{"@type":"ImageObject","inLanguage":"en-US","@id":"https:\/\/agiomilano.com\/produkt\/biustonosz-push-up-koronkowy-my-body-db-9348#primaryimage","url":"https:\/\/agiomilano.com\/wp-content\/uploads\/2026\/01\/biustonosz-damski-koronkowy-push-up-my-body-front-bezowy-db-9348.jpg","contentUrl":"https:\/\/agiomilano.com\/wp-content\/uploads\/2026\/01\/biustonosz-damski-koronkowy-push-up-my-body-front-bezowy-db-9348.jpg","width":860,"height":1147,"caption":"Biustonosz koronkowy push up, my body, bezowy, db-9348"},{"@type":"BreadcrumbList","@id":"https:\/\/agiomilano.com\/produkt\/biustonosz-push-up-koronkowy-my-body-db-9348#breadcrumb","itemListElement":[{"@type":"ListItem","position":1,"name":"Strona g\u0142\u00f3wna","item":"https:\/\/agiomilano.com\/en"},{"@type":"ListItem","position":2,"name":"Shop","item":"https:\/\/agiomilano.com\/en\/shop-2"},{"@type":"ListItem","position":3,"name":"Wszystkie","item":"https:\/\/agiomilano.com\/it\/kategoria\/uncategorized-it"},{"@type":"ListItem","position":4,"name":"Biustonosz Push Up Koronkowy My Body DB-9348"}]},{"@type":"WebSite","@id":"https:\/\/agiomilano.com\/#website","url":"https:\/\/agiomilano.com\/","name":"agiomilano","description":"Oficjalny sklep online Agio Milano","potentialAction":[{"@type":"SearchAction","target":{"@type":"EntryPoint","urlTemplate":"https:\/\/agiomilano.com\/?s={search_term_string}"},"query-input":{"@type":"PropertyValueSpecification","valueRequired":true,"valueName":"search_term_string"}}],"inLanguage":"en-US"}]}},"_links":{"self":[{"href":"https:\/\/agiomilano.com\/en\/wp-json\/wp\/v2\/product\/46244","targetHints":{"allow":["GET"]}}],"collection":[{"href":"https:\/\/agiomilano.com\/en\/wp-json\/wp\/v2\/product"}],"about":[{"href":"https:\/\/agiomilano.com\/en\/wp-json\/wp\/v2\/types\/product"}],"replies":[{"embeddable":true,"href":"https:\/\/agiomilano.com\/en\/wp-json\/wp\/v2\/comments?post=46244"}],"wp:featuredmedia":[{"embeddable":true,"href":"https:\/\/agiomilano.com\/en\/wp-json\/wp\/v2\/media\/46337"}],"wp:attachment":[{"href":"https:\/\/agiomilano.com\/en\/wp-json\/wp\/v2\/media?parent=46244"}],"wp:term":[{"taxonomy":"product_brand","embeddable":true,"href":"https:\/\/agiomilano.com\/en\/wp-json\/wp\/v2\/product_brand?post=46244"},{"taxonomy":"product_cat","embeddable":true,"href":"https:\/\/agiomilano.com\/en\/wp-json\/wp\/v2\/product_cat?post=46244"},{"taxonomy":"product_tag","embeddable":true,"href":"https:\/\/agiomilano.com\/en\/wp-json\/wp\/v2\/product_tag?post=46244"}],"curies":[{"name":"wp","href":"https:\/\/api.w.org\/{rel}","templated":true}]}}