{"id":47269,"date":"2026-02-02T20:46:52","date_gmt":"2026-02-02T19:46:52","guid":{"rendered":"https:\/\/agiomilano.com\/produkt\/biustonosz-4"},"modified":"2026-03-30T12:11:52","modified_gmt":"2026-03-30T10:11:52","slug":"biustonosz-pocket-up-braletka-db-9347","status":"publish","type":"product","link":"https:\/\/agiomilano.com\/en\/produkt\/biustonosz-pocket-up-braletka-db-9347","title":{"rendered":"Biustonosz Pocket Up Braletka z Wyjmowanymi Wk\u0142adkami DB-9347"},"content":{"rendered":"<p>Biustonosz Pocket Up braletka to model p\u00f3\u0142usztywniany. Wysoki mostek perfekcyjnie dolega do klatki piersiowej. Miseczka biustonosza wykonana z pianki gorseciarskiej ukszta\u0142towana za pomoc\u0105 jednego \u0142\u0105cz\u0105cego szwu. Boczna cz\u0119\u015b\u0107 miseczki posiada dodatkowy panel, dzi\u0119ki czemu idealnie podtrzymuje i wygarnia piersi od strony pachy. Wewn\u0119trzna strona miseczki posiada d\u017cersejow\u0105 kieszonk\u0119 na wyjmowan\u0105 wk\u0142adk\u0119 push up z nowoczesnej, lekkiej pianki w kszta\u0142cie \u0142\u00f3deczki. Obw\u00f3d z koronki wzmocniony jest dodatkow\u0105 warstw\u0105 siateczki. Koronkowa braletka z wyjmowanymi wk\u0142adkami push up doskonale sprawdza si\u0119 przy korygowaniu naturalnych dysproporcji piersi. R\u00f3\u017cni si\u0119 od standardowego modelu pocket up g\u0142\u0119bsz\u0105 miseczk\u0105, bocznym panelem ze stabilizatora i wy\u017cszym mostkiem. Rami\u0105czka s\u0105 nieodpinane i posiadaj\u0105 p\u0142askie regulatory niewidoczne pod ubraniem.<\/p>\n","protected":false},"excerpt":{"rendered":"<p>Biustonosz Pocket Up braletka to model p\u00f3\u0142usztywniany. Wysoki mostek perfekcyjnie dolega do klatki piersiowej. Miseczka biustonosza wykonana z pianki gorseciarskiej ukszta\u0142towana za pomoc\u0105 jednego \u0142\u0105cz\u0105cego szwu. Boczna cz\u0119\u015b\u0107 miseczki posiada dodatkowy panel, dzi\u0119ki czemu idealnie podtrzymuje i wygarnia piersi od strony pachy. Wewn\u0119trzna strona miseczki posiada d\u017cersejow\u0105 kieszonk\u0119 na wyjmowan\u0105 wk\u0142adk\u0119 push up z nowoczesnej, [&hellip;]<\/p>\n","protected":false},"featured_media":47126,"comment_status":"open","ping_status":"closed","template":"","meta":{"_acf_changed":false,"_monsterinsights_skip_tracking":false,"_monsterinsights_sitenote_active":false,"_monsterinsights_sitenote_note":"","_monsterinsights_sitenote_category":0},"product_brand":[],"product_cat":[15,197,144,226,79,126,167,248,194,253,163,173,177,172,168,249,195,165,125,286,152,278,1249,78,192,143,274,153],"product_tag":[],"class_list":{"0":"post-47269","1":"product","2":"type-product","3":"status-publish","4":"has-post-thumbnail","6":"product_cat-uncategorized","7":"product_cat-bielizna","8":"product_cat-biustonosz-push-up","9":"product_cat-biustonosz-push-up-koronkowy","10":"product_cat-biustonosz","11":"product_cat-biustonosze","12":"product_cat-biustonosze-braletki","13":"product_cat-biustonosze-kolorowe","14":"product_cat-biustonosze-koronkowe","15":"product_cat-biustonosze-kremowe","16":"product_cat-biustonosze-miekkie","17":"product_cat-biustonosze-miseczka-e","18":"product_cat-biustonosze-na-male-rozmiary","19":"product_cat-biustonosze-plunge","20":"product_cat-biustonosze-push-up","21":"product_cat-biustonosze-rozowe","22":"product_cat-biustonosze-slubne","23":"product_cat-biustonosze-z-fiszbinami","24":"product_cat-kolekcje","25":"product_cat-kolorowa-bielizna","26":"product_cat-kolorowe","27":"product_cat-kremowa-bielizna","28":"product_cat-nostalgic-journey","29":"product_cat-nowosci","30":"product_cat-pocket-up","31":"product_cat-push-up-koronkowy","32":"product_cat-rozowa-bielizna","33":"product_cat-rozowe","35":"first","36":"instock","37":"taxable","38":"shipping-taxable","39":"purchasable","40":"product-type-variable"},"acf":[],"yoast_head":"<!-- This site is optimized with the Yoast SEO plugin v26.8 - https:\/\/yoast.com\/product\/yoast-seo-wordpress\/ -->\n<title>Biustonosz Pocket Up Braletka z Wyjmowanymi Wk\u0142adkami DB-9347 - agiomilano<\/title>\n<meta name=\"description\" content=\"Biustonosz Pocket Up braletka z wk\u0142adkami push up to idealne rozwi\u0105zanie w przypadku dysproporcji biustu. Sama decydujesz jak\u0105 ekspozycje biustu chcesz...\" \/>\n<meta name=\"robots\" content=\"index, follow, max-snippet:-1, max-image-preview:large, max-video-preview:-1\" \/>\n<link rel=\"canonical\" href=\"https:\/\/agiomilano.com\/produkt\/biustonosz-pocket-up-braletka-db-9347\" \/>\n<meta property=\"og:locale\" content=\"en_US\" \/>\n<meta property=\"og:type\" content=\"article\" \/>\n<meta property=\"og:title\" content=\"Biustonosz Pocket Up Braletka z Wyjmowanymi Wk\u0142adkami DB-9347 - agiomilano\" \/>\n<meta property=\"og:description\" content=\"Biustonosz Pocket Up braletka z wk\u0142adkami push up to idealne rozwi\u0105zanie w przypadku dysproporcji biustu. Sama decydujesz jak\u0105 ekspozycje biustu chcesz...\" \/>\n<meta property=\"og:url\" content=\"https:\/\/agiomilano.com\/produkt\/biustonosz-pocket-up-braletka-db-9347\" \/>\n<meta property=\"og:site_name\" content=\"agiomilano\" \/>\n<meta property=\"article:modified_time\" content=\"2026-03-30T10:11:52+00:00\" \/>\n<meta property=\"og:image\" content=\"https:\/\/agiomilano.com\/wp-content\/uploads\/2026\/02\/biustonosz-usztywniany-koronkowy-push-up-pocket-up-braletka-front-rozowy-db-9347-.jpg\" \/>\n\t<meta property=\"og:image:width\" content=\"860\" \/>\n\t<meta property=\"og:image:height\" content=\"1147\" \/>\n\t<meta property=\"og:image:type\" content=\"image\/jpeg\" \/>\n<meta name=\"twitter:card\" content=\"summary_large_image\" \/>\n<meta name=\"twitter:label1\" content=\"Est. reading time\" \/>\n\t<meta name=\"twitter:data1\" content=\"1 minute\" \/>\n<script type=\"application\/ld+json\" class=\"yoast-schema-graph\">{\"@context\":\"https:\/\/schema.org\",\"@graph\":[{\"@type\":\"WebPage\",\"@id\":\"https:\/\/agiomilano.com\/produkt\/biustonosz-pocket-up-braletka-db-9347\",\"url\":\"https:\/\/agiomilano.com\/produkt\/biustonosz-pocket-up-braletka-db-9347\",\"name\":\"Biustonosz Pocket Up Braletka z Wyjmowanymi Wk\u0142adkami DB-9347 - agiomilano\",\"isPartOf\":{\"@id\":\"https:\/\/agiomilano.com\/#website\"},\"primaryImageOfPage\":{\"@id\":\"https:\/\/agiomilano.com\/produkt\/biustonosz-pocket-up-braletka-db-9347#primaryimage\"},\"image\":{\"@id\":\"https:\/\/agiomilano.com\/produkt\/biustonosz-pocket-up-braletka-db-9347#primaryimage\"},\"thumbnailUrl\":\"https:\/\/agiomilano.com\/wp-content\/uploads\/2026\/02\/biustonosz-usztywniany-koronkowy-push-up-pocket-up-braletka-front-rozowy-db-9347-.jpg\",\"datePublished\":\"2026-02-02T19:46:52+00:00\",\"dateModified\":\"2026-03-30T10:11:52+00:00\",\"description\":\"Biustonosz Pocket Up braletka z wk\u0142adkami push up to idealne rozwi\u0105zanie w przypadku dysproporcji biustu. Sama decydujesz jak\u0105 ekspozycje biustu chcesz...\",\"breadcrumb\":{\"@id\":\"https:\/\/agiomilano.com\/produkt\/biustonosz-pocket-up-braletka-db-9347#breadcrumb\"},\"inLanguage\":\"en-US\",\"potentialAction\":[{\"@type\":\"ReadAction\",\"target\":[\"https:\/\/agiomilano.com\/produkt\/biustonosz-pocket-up-braletka-db-9347\"]}]},{\"@type\":\"ImageObject\",\"inLanguage\":\"en-US\",\"@id\":\"https:\/\/agiomilano.com\/produkt\/biustonosz-pocket-up-braletka-db-9347#primaryimage\",\"url\":\"https:\/\/agiomilano.com\/wp-content\/uploads\/2026\/02\/biustonosz-usztywniany-koronkowy-push-up-pocket-up-braletka-front-rozowy-db-9347-.jpg\",\"contentUrl\":\"https:\/\/agiomilano.com\/wp-content\/uploads\/2026\/02\/biustonosz-usztywniany-koronkowy-push-up-pocket-up-braletka-front-rozowy-db-9347-.jpg\",\"width\":860,\"height\":1147,\"caption\":\"Biustonosz koronkowy push up, pocket up, braletka, rozowy, db-9347\"},{\"@type\":\"BreadcrumbList\",\"@id\":\"https:\/\/agiomilano.com\/produkt\/biustonosz-pocket-up-braletka-db-9347#breadcrumb\",\"itemListElement\":[{\"@type\":\"ListItem\",\"position\":1,\"name\":\"Strona g\u0142\u00f3wna\",\"item\":\"https:\/\/agiomilano.com\/en\"},{\"@type\":\"ListItem\",\"position\":2,\"name\":\"Shop\",\"item\":\"https:\/\/agiomilano.com\/en\/shop-2\"},{\"@type\":\"ListItem\",\"position\":3,\"name\":\"Wszystkie\",\"item\":\"https:\/\/agiomilano.com\/it\/kategoria\/uncategorized-it\"},{\"@type\":\"ListItem\",\"position\":4,\"name\":\"Biustonosz Pocket Up Braletka z Wyjmowanymi Wk\u0142adkami DB-9347\"}]},{\"@type\":\"WebSite\",\"@id\":\"https:\/\/agiomilano.com\/#website\",\"url\":\"https:\/\/agiomilano.com\/\",\"name\":\"agiomilano\",\"description\":\"Oficjalny sklep online Agio Milano\",\"potentialAction\":[{\"@type\":\"SearchAction\",\"target\":{\"@type\":\"EntryPoint\",\"urlTemplate\":\"https:\/\/agiomilano.com\/?s={search_term_string}\"},\"query-input\":{\"@type\":\"PropertyValueSpecification\",\"valueRequired\":true,\"valueName\":\"search_term_string\"}}],\"inLanguage\":\"en-US\"}]}<\/script>\n<!-- \/ Yoast SEO plugin. -->","yoast_head_json":{"title":"Biustonosz Pocket Up Braletka z Wyjmowanymi Wk\u0142adkami DB-9347 - agiomilano","description":"Biustonosz Pocket Up braletka z wk\u0142adkami push up to idealne rozwi\u0105zanie w przypadku dysproporcji biustu. Sama decydujesz jak\u0105 ekspozycje biustu chcesz...","robots":{"index":"index","follow":"follow","max-snippet":"max-snippet:-1","max-image-preview":"max-image-preview:large","max-video-preview":"max-video-preview:-1"},"canonical":"https:\/\/agiomilano.com\/produkt\/biustonosz-pocket-up-braletka-db-9347","og_locale":"en_US","og_type":"article","og_title":"Biustonosz Pocket Up Braletka z Wyjmowanymi Wk\u0142adkami DB-9347 - agiomilano","og_description":"Biustonosz Pocket Up braletka z wk\u0142adkami push up to idealne rozwi\u0105zanie w przypadku dysproporcji biustu. Sama decydujesz jak\u0105 ekspozycje biustu chcesz...","og_url":"https:\/\/agiomilano.com\/produkt\/biustonosz-pocket-up-braletka-db-9347","og_site_name":"agiomilano","article_modified_time":"2026-03-30T10:11:52+00:00","og_image":[{"width":860,"height":1147,"url":"https:\/\/agiomilano.com\/wp-content\/uploads\/2026\/02\/biustonosz-usztywniany-koronkowy-push-up-pocket-up-braletka-front-rozowy-db-9347-.jpg","type":"image\/jpeg"}],"twitter_card":"summary_large_image","twitter_misc":{"Est. reading time":"1 minute"},"schema":{"@context":"https:\/\/schema.org","@graph":[{"@type":"WebPage","@id":"https:\/\/agiomilano.com\/produkt\/biustonosz-pocket-up-braletka-db-9347","url":"https:\/\/agiomilano.com\/produkt\/biustonosz-pocket-up-braletka-db-9347","name":"Biustonosz Pocket Up Braletka z Wyjmowanymi Wk\u0142adkami DB-9347 - agiomilano","isPartOf":{"@id":"https:\/\/agiomilano.com\/#website"},"primaryImageOfPage":{"@id":"https:\/\/agiomilano.com\/produkt\/biustonosz-pocket-up-braletka-db-9347#primaryimage"},"image":{"@id":"https:\/\/agiomilano.com\/produkt\/biustonosz-pocket-up-braletka-db-9347#primaryimage"},"thumbnailUrl":"https:\/\/agiomilano.com\/wp-content\/uploads\/2026\/02\/biustonosz-usztywniany-koronkowy-push-up-pocket-up-braletka-front-rozowy-db-9347-.jpg","datePublished":"2026-02-02T19:46:52+00:00","dateModified":"2026-03-30T10:11:52+00:00","description":"Biustonosz Pocket Up braletka z wk\u0142adkami push up to idealne rozwi\u0105zanie w przypadku dysproporcji biustu. Sama decydujesz jak\u0105 ekspozycje biustu chcesz...","breadcrumb":{"@id":"https:\/\/agiomilano.com\/produkt\/biustonosz-pocket-up-braletka-db-9347#breadcrumb"},"inLanguage":"en-US","potentialAction":[{"@type":"ReadAction","target":["https:\/\/agiomilano.com\/produkt\/biustonosz-pocket-up-braletka-db-9347"]}]},{"@type":"ImageObject","inLanguage":"en-US","@id":"https:\/\/agiomilano.com\/produkt\/biustonosz-pocket-up-braletka-db-9347#primaryimage","url":"https:\/\/agiomilano.com\/wp-content\/uploads\/2026\/02\/biustonosz-usztywniany-koronkowy-push-up-pocket-up-braletka-front-rozowy-db-9347-.jpg","contentUrl":"https:\/\/agiomilano.com\/wp-content\/uploads\/2026\/02\/biustonosz-usztywniany-koronkowy-push-up-pocket-up-braletka-front-rozowy-db-9347-.jpg","width":860,"height":1147,"caption":"Biustonosz koronkowy push up, pocket up, braletka, rozowy, db-9347"},{"@type":"BreadcrumbList","@id":"https:\/\/agiomilano.com\/produkt\/biustonosz-pocket-up-braletka-db-9347#breadcrumb","itemListElement":[{"@type":"ListItem","position":1,"name":"Strona g\u0142\u00f3wna","item":"https:\/\/agiomilano.com\/en"},{"@type":"ListItem","position":2,"name":"Shop","item":"https:\/\/agiomilano.com\/en\/shop-2"},{"@type":"ListItem","position":3,"name":"Wszystkie","item":"https:\/\/agiomilano.com\/it\/kategoria\/uncategorized-it"},{"@type":"ListItem","position":4,"name":"Biustonosz Pocket Up Braletka z Wyjmowanymi Wk\u0142adkami DB-9347"}]},{"@type":"WebSite","@id":"https:\/\/agiomilano.com\/#website","url":"https:\/\/agiomilano.com\/","name":"agiomilano","description":"Oficjalny sklep online Agio Milano","potentialAction":[{"@type":"SearchAction","target":{"@type":"EntryPoint","urlTemplate":"https:\/\/agiomilano.com\/?s={search_term_string}"},"query-input":{"@type":"PropertyValueSpecification","valueRequired":true,"valueName":"search_term_string"}}],"inLanguage":"en-US"}]}},"_links":{"self":[{"href":"https:\/\/agiomilano.com\/en\/wp-json\/wp\/v2\/product\/47269","targetHints":{"allow":["GET"]}}],"collection":[{"href":"https:\/\/agiomilano.com\/en\/wp-json\/wp\/v2\/product"}],"about":[{"href":"https:\/\/agiomilano.com\/en\/wp-json\/wp\/v2\/types\/product"}],"replies":[{"embeddable":true,"href":"https:\/\/agiomilano.com\/en\/wp-json\/wp\/v2\/comments?post=47269"}],"wp:featuredmedia":[{"embeddable":true,"href":"https:\/\/agiomilano.com\/en\/wp-json\/wp\/v2\/media\/47126"}],"wp:attachment":[{"href":"https:\/\/agiomilano.com\/en\/wp-json\/wp\/v2\/media?parent=47269"}],"wp:term":[{"taxonomy":"product_brand","embeddable":true,"href":"https:\/\/agiomilano.com\/en\/wp-json\/wp\/v2\/product_brand?post=47269"},{"taxonomy":"product_cat","embeddable":true,"href":"https:\/\/agiomilano.com\/en\/wp-json\/wp\/v2\/product_cat?post=47269"},{"taxonomy":"product_tag","embeddable":true,"href":"https:\/\/agiomilano.com\/en\/wp-json\/wp\/v2\/product_tag?post=47269"}],"curies":[{"name":"wp","href":"https:\/\/api.w.org\/{rel}","templated":true}]}}