{"id":49712,"date":"2026-03-09T17:25:56","date_gmt":"2026-03-09T16:25:56","guid":{"rendered":"https:\/\/agiomilano.com\/produkt\/biustonosz-4"},"modified":"2026-04-19T13:28:41","modified_gmt":"2026-04-19T11:28:41","slug":"biustonosz-my-body-db-9351","status":"publish","type":"product","link":"https:\/\/agiomilano.com\/en\/produkt\/biustonosz-my-body-db-9351","title":{"rendered":"Biustonosz push-up My Body DB-9351"},"content":{"rendered":"<p data-start=\"0\" data-end=\"434\">Biustonosz push-up My Body wykonany z eleganckiej koronki zosta\u0142 zaprojektowany tak, aby idealnie dopasowywa\u0107 si\u0119 do kobiecej sylwetki. Pod wp\u0142ywem ciep\u0142a cia\u0142a konstrukcja miseczki lepiej uk\u0142ada si\u0119 na biu\u015bcie, zapewniaj\u0105c wygodne i naturalne dopasowanie. Model posiada delikatn\u0105, termicznie wtopion\u0105 wk\u0142adk\u0119 push-up z \u017celowym wype\u0142nieniem, kt\u00f3re reaguje na temperatur\u0119, wspieraj\u0105c subtelne uniesienie i optyczne powi\u0119kszenie piersi.<\/p>\n<p data-start=\"436\" data-end=\"670\">Koronkowa miseczka o nieco g\u0142\u0119bszym i bardziej zabudowanym kroju skutecznie zbiera biust do \u015brodka oraz dobrze obejmuje pier\u015b r\u00f3wnie\u017c od strony pachy. Dzi\u0119ki temu biustonosz zapewnia stabilno\u015b\u0107 i estetyczne u\u0142o\u017cenie biustu w dekolcie.<\/p>\n<p data-start=\"672\" data-end=\"1001\" data-is-last-node=\"\" data-is-only-node=\"\">Model zosta\u0142 wyposa\u017cony w szerszy, wzmocniony obw\u00f3d, kt\u00f3ry p\u0142ynnie przechodzi w solidniejsze tylne zapi\u0119cie, zwi\u0119kszaj\u0105c komfort noszenia i lepsze podtrzymanie. My Body My Bra to wyj\u0105tkowo lekki i przyjemny w dotyku biustonosz, kt\u00f3ry delikatnie otula cia\u0142o, daj\u0105c uczucie drugiej sk\u00f3ry oraz wysoki poziom wygody przez ca\u0142y dzie\u0144.<\/p>\n","protected":false},"excerpt":{"rendered":"<p>Biustonosz push-up My Body wykonany z eleganckiej koronki zosta\u0142 zaprojektowany tak, aby idealnie dopasowywa\u0107 si\u0119 do kobiecej sylwetki. Pod wp\u0142ywem ciep\u0142a cia\u0142a konstrukcja miseczki lepiej uk\u0142ada si\u0119 na biu\u015bcie, zapewniaj\u0105c wygodne i naturalne dopasowanie. Model posiada delikatn\u0105, termicznie wtopion\u0105 wk\u0142adk\u0119 push-up z \u017celowym wype\u0142nieniem, kt\u00f3re reaguje na temperatur\u0119, wspieraj\u0105c subtelne uniesienie i optyczne powi\u0119kszenie piersi. [&hellip;]<\/p>\n","protected":false},"featured_media":49688,"comment_status":"open","ping_status":"closed","template":"","meta":{"_acf_changed":false,"_monsterinsights_skip_tracking":false,"_monsterinsights_sitenote_active":false,"_monsterinsights_sitenote_note":"","_monsterinsights_sitenote_category":0},"product_brand":[],"product_cat":[15,81,285,149,273,151,271,279,196,144,226,126,79,245,247,244,254,171,194,253,173,177,172,168,195,283,148,158,125,278,142,189,1249,78],"product_tag":[],"class_list":{"0":"post-49712","1":"product","2":"type-product","3":"status-publish","4":"has-post-thumbnail","6":"product_cat-uncategorized","7":"product_cat-bestsellery","8":"product_cat-bezowa-bielizna","9":"product_cat-bezowe","10":"product_cat-biala-bielizna","11":"product_cat-biale","12":"product_cat-bielizna-cielista","13":"product_cat-bielizna-ecru","14":"product_cat-bielizna-oddychajaca","15":"product_cat-biustonosz-push-up","16":"product_cat-biustonosz-push-up-koronkowy","17":"product_cat-biustonosze","18":"product_cat-biustonosz","19":"product_cat-biustonosze-bezowe","20":"product_cat-biustonosze-biale","21":"product_cat-biustonosze-cieliste","22":"product_cat-biustonosze-ecru","23":"product_cat-biustonosze-full-cup","24":"product_cat-biustonosze-koronkowe","25":"product_cat-biustonosze-kremowe","26":"product_cat-biustonosze-miseczka-e","27":"product_cat-biustonosze-na-male-rozmiary","28":"product_cat-biustonosze-plunge","29":"product_cat-biustonosze-push-up","30":"product_cat-biustonosze-slubne","31":"product_cat-cielista-bielizna","32":"product_cat-cieliste","33":"product_cat-ecru","34":"product_cat-kolekcje","35":"product_cat-kremowa-bielizna","36":"product_cat-my-body-push-up","37":"product_cat-my-body-push-up-2","38":"product_cat-nostalgic-journey","39":"product_cat-nowosci","41":"first","42":"instock","43":"taxable","44":"shipping-taxable","45":"purchasable","46":"product-type-variable"},"acf":[],"yoast_head":"<!-- This site is optimized with the Yoast SEO plugin v26.8 - https:\/\/yoast.com\/product\/yoast-seo-wordpress\/ -->\n<title>Biustonosz push-up My Body DB-9351 - agiomilano<\/title>\n<meta name=\"description\" content=\"Biustonosz push-up My Body z eleganckiej koronki dopasowuje si\u0119 do kszta\u0142tu biustu pod wp\u0142ywem ciep\u0142a cia\u0142a. Zapewnia naturalne uniesienie...\" \/>\n<meta name=\"robots\" content=\"index, follow, max-snippet:-1, max-image-preview:large, max-video-preview:-1\" \/>\n<link rel=\"canonical\" href=\"https:\/\/agiomilano.com\/produkt\/biustonosz-my-body-db-9351\" \/>\n<meta property=\"og:locale\" content=\"en_US\" \/>\n<meta property=\"og:type\" content=\"article\" \/>\n<meta property=\"og:title\" content=\"Biustonosz push-up My Body DB-9351 - agiomilano\" \/>\n<meta property=\"og:description\" content=\"Biustonosz push-up My Body z eleganckiej koronki dopasowuje si\u0119 do kszta\u0142tu biustu pod wp\u0142ywem ciep\u0142a cia\u0142a. Zapewnia naturalne uniesienie...\" \/>\n<meta property=\"og:url\" content=\"https:\/\/agiomilano.com\/produkt\/biustonosz-my-body-db-9351\" \/>\n<meta property=\"og:site_name\" content=\"agiomilano\" \/>\n<meta property=\"article:modified_time\" content=\"2026-04-19T11:28:41+00:00\" \/>\n<meta property=\"og:image\" content=\"https:\/\/agiomilano.com\/wp-content\/uploads\/2026\/03\/biustonosz-damski-koronkowy-push-up-my-body-zlote-akcesoria-ecrue-db-9351.jpg\" \/>\n\t<meta property=\"og:image:width\" content=\"860\" \/>\n\t<meta property=\"og:image:height\" content=\"1147\" \/>\n\t<meta property=\"og:image:type\" content=\"image\/jpeg\" \/>\n<meta name=\"twitter:card\" content=\"summary_large_image\" \/>\n<meta name=\"twitter:label1\" content=\"Est. reading time\" \/>\n\t<meta name=\"twitter:data1\" content=\"2 minutes\" \/>\n<script type=\"application\/ld+json\" class=\"yoast-schema-graph\">{\"@context\":\"https:\/\/schema.org\",\"@graph\":[{\"@type\":\"WebPage\",\"@id\":\"https:\/\/agiomilano.com\/produkt\/biustonosz-my-body-db-9351\",\"url\":\"https:\/\/agiomilano.com\/produkt\/biustonosz-my-body-db-9351\",\"name\":\"Biustonosz push-up My Body DB-9351 - agiomilano\",\"isPartOf\":{\"@id\":\"https:\/\/agiomilano.com\/#website\"},\"primaryImageOfPage\":{\"@id\":\"https:\/\/agiomilano.com\/produkt\/biustonosz-my-body-db-9351#primaryimage\"},\"image\":{\"@id\":\"https:\/\/agiomilano.com\/produkt\/biustonosz-my-body-db-9351#primaryimage\"},\"thumbnailUrl\":\"https:\/\/agiomilano.com\/wp-content\/uploads\/2026\/03\/biustonosz-damski-koronkowy-push-up-my-body-zlote-akcesoria-ecrue-db-9351.jpg\",\"datePublished\":\"2026-03-09T16:25:56+00:00\",\"dateModified\":\"2026-04-19T11:28:41+00:00\",\"description\":\"Biustonosz push-up My Body z eleganckiej koronki dopasowuje si\u0119 do kszta\u0142tu biustu pod wp\u0142ywem ciep\u0142a cia\u0142a. Zapewnia naturalne uniesienie...\",\"breadcrumb\":{\"@id\":\"https:\/\/agiomilano.com\/produkt\/biustonosz-my-body-db-9351#breadcrumb\"},\"inLanguage\":\"en-US\",\"potentialAction\":[{\"@type\":\"ReadAction\",\"target\":[\"https:\/\/agiomilano.com\/produkt\/biustonosz-my-body-db-9351\"]}]},{\"@type\":\"ImageObject\",\"inLanguage\":\"en-US\",\"@id\":\"https:\/\/agiomilano.com\/produkt\/biustonosz-my-body-db-9351#primaryimage\",\"url\":\"https:\/\/agiomilano.com\/wp-content\/uploads\/2026\/03\/biustonosz-damski-koronkowy-push-up-my-body-zlote-akcesoria-ecrue-db-9351.jpg\",\"contentUrl\":\"https:\/\/agiomilano.com\/wp-content\/uploads\/2026\/03\/biustonosz-damski-koronkowy-push-up-my-body-zlote-akcesoria-ecrue-db-9351.jpg\",\"width\":860,\"height\":1147,\"caption\":\"Biustonosz DB-9351\"},{\"@type\":\"BreadcrumbList\",\"@id\":\"https:\/\/agiomilano.com\/produkt\/biustonosz-my-body-db-9351#breadcrumb\",\"itemListElement\":[{\"@type\":\"ListItem\",\"position\":1,\"name\":\"Strona g\u0142\u00f3wna\",\"item\":\"https:\/\/agiomilano.com\/en\"},{\"@type\":\"ListItem\",\"position\":2,\"name\":\"Shop\",\"item\":\"https:\/\/agiomilano.com\/en\/shop-2\"},{\"@type\":\"ListItem\",\"position\":3,\"name\":\"Wszystkie\",\"item\":\"https:\/\/agiomilano.com\/it\/kategoria\/uncategorized-it\"},{\"@type\":\"ListItem\",\"position\":4,\"name\":\"Biustonosz push-up My Body DB-9351\"}]},{\"@type\":\"WebSite\",\"@id\":\"https:\/\/agiomilano.com\/#website\",\"url\":\"https:\/\/agiomilano.com\/\",\"name\":\"agiomilano\",\"description\":\"Oficjalny sklep online Agio Milano\",\"potentialAction\":[{\"@type\":\"SearchAction\",\"target\":{\"@type\":\"EntryPoint\",\"urlTemplate\":\"https:\/\/agiomilano.com\/?s={search_term_string}\"},\"query-input\":{\"@type\":\"PropertyValueSpecification\",\"valueRequired\":true,\"valueName\":\"search_term_string\"}}],\"inLanguage\":\"en-US\"}]}<\/script>\n<!-- \/ Yoast SEO plugin. -->","yoast_head_json":{"title":"Biustonosz push-up My Body DB-9351 - agiomilano","description":"Biustonosz push-up My Body z eleganckiej koronki dopasowuje si\u0119 do kszta\u0142tu biustu pod wp\u0142ywem ciep\u0142a cia\u0142a. Zapewnia naturalne uniesienie...","robots":{"index":"index","follow":"follow","max-snippet":"max-snippet:-1","max-image-preview":"max-image-preview:large","max-video-preview":"max-video-preview:-1"},"canonical":"https:\/\/agiomilano.com\/produkt\/biustonosz-my-body-db-9351","og_locale":"en_US","og_type":"article","og_title":"Biustonosz push-up My Body DB-9351 - agiomilano","og_description":"Biustonosz push-up My Body z eleganckiej koronki dopasowuje si\u0119 do kszta\u0142tu biustu pod wp\u0142ywem ciep\u0142a cia\u0142a. Zapewnia naturalne uniesienie...","og_url":"https:\/\/agiomilano.com\/produkt\/biustonosz-my-body-db-9351","og_site_name":"agiomilano","article_modified_time":"2026-04-19T11:28:41+00:00","og_image":[{"width":860,"height":1147,"url":"https:\/\/agiomilano.com\/wp-content\/uploads\/2026\/03\/biustonosz-damski-koronkowy-push-up-my-body-zlote-akcesoria-ecrue-db-9351.jpg","type":"image\/jpeg"}],"twitter_card":"summary_large_image","twitter_misc":{"Est. reading time":"2 minutes"},"schema":{"@context":"https:\/\/schema.org","@graph":[{"@type":"WebPage","@id":"https:\/\/agiomilano.com\/produkt\/biustonosz-my-body-db-9351","url":"https:\/\/agiomilano.com\/produkt\/biustonosz-my-body-db-9351","name":"Biustonosz push-up My Body DB-9351 - agiomilano","isPartOf":{"@id":"https:\/\/agiomilano.com\/#website"},"primaryImageOfPage":{"@id":"https:\/\/agiomilano.com\/produkt\/biustonosz-my-body-db-9351#primaryimage"},"image":{"@id":"https:\/\/agiomilano.com\/produkt\/biustonosz-my-body-db-9351#primaryimage"},"thumbnailUrl":"https:\/\/agiomilano.com\/wp-content\/uploads\/2026\/03\/biustonosz-damski-koronkowy-push-up-my-body-zlote-akcesoria-ecrue-db-9351.jpg","datePublished":"2026-03-09T16:25:56+00:00","dateModified":"2026-04-19T11:28:41+00:00","description":"Biustonosz push-up My Body z eleganckiej koronki dopasowuje si\u0119 do kszta\u0142tu biustu pod wp\u0142ywem ciep\u0142a cia\u0142a. Zapewnia naturalne uniesienie...","breadcrumb":{"@id":"https:\/\/agiomilano.com\/produkt\/biustonosz-my-body-db-9351#breadcrumb"},"inLanguage":"en-US","potentialAction":[{"@type":"ReadAction","target":["https:\/\/agiomilano.com\/produkt\/biustonosz-my-body-db-9351"]}]},{"@type":"ImageObject","inLanguage":"en-US","@id":"https:\/\/agiomilano.com\/produkt\/biustonosz-my-body-db-9351#primaryimage","url":"https:\/\/agiomilano.com\/wp-content\/uploads\/2026\/03\/biustonosz-damski-koronkowy-push-up-my-body-zlote-akcesoria-ecrue-db-9351.jpg","contentUrl":"https:\/\/agiomilano.com\/wp-content\/uploads\/2026\/03\/biustonosz-damski-koronkowy-push-up-my-body-zlote-akcesoria-ecrue-db-9351.jpg","width":860,"height":1147,"caption":"Biustonosz DB-9351"},{"@type":"BreadcrumbList","@id":"https:\/\/agiomilano.com\/produkt\/biustonosz-my-body-db-9351#breadcrumb","itemListElement":[{"@type":"ListItem","position":1,"name":"Strona g\u0142\u00f3wna","item":"https:\/\/agiomilano.com\/en"},{"@type":"ListItem","position":2,"name":"Shop","item":"https:\/\/agiomilano.com\/en\/shop-2"},{"@type":"ListItem","position":3,"name":"Wszystkie","item":"https:\/\/agiomilano.com\/it\/kategoria\/uncategorized-it"},{"@type":"ListItem","position":4,"name":"Biustonosz push-up My Body DB-9351"}]},{"@type":"WebSite","@id":"https:\/\/agiomilano.com\/#website","url":"https:\/\/agiomilano.com\/","name":"agiomilano","description":"Oficjalny sklep online Agio Milano","potentialAction":[{"@type":"SearchAction","target":{"@type":"EntryPoint","urlTemplate":"https:\/\/agiomilano.com\/?s={search_term_string}"},"query-input":{"@type":"PropertyValueSpecification","valueRequired":true,"valueName":"search_term_string"}}],"inLanguage":"en-US"}]}},"_links":{"self":[{"href":"https:\/\/agiomilano.com\/en\/wp-json\/wp\/v2\/product\/49712","targetHints":{"allow":["GET"]}}],"collection":[{"href":"https:\/\/agiomilano.com\/en\/wp-json\/wp\/v2\/product"}],"about":[{"href":"https:\/\/agiomilano.com\/en\/wp-json\/wp\/v2\/types\/product"}],"replies":[{"embeddable":true,"href":"https:\/\/agiomilano.com\/en\/wp-json\/wp\/v2\/comments?post=49712"}],"wp:featuredmedia":[{"embeddable":true,"href":"https:\/\/agiomilano.com\/en\/wp-json\/wp\/v2\/media\/49688"}],"wp:attachment":[{"href":"https:\/\/agiomilano.com\/en\/wp-json\/wp\/v2\/media?parent=49712"}],"wp:term":[{"taxonomy":"product_brand","embeddable":true,"href":"https:\/\/agiomilano.com\/en\/wp-json\/wp\/v2\/product_brand?post=49712"},{"taxonomy":"product_cat","embeddable":true,"href":"https:\/\/agiomilano.com\/en\/wp-json\/wp\/v2\/product_cat?post=49712"},{"taxonomy":"product_tag","embeddable":true,"href":"https:\/\/agiomilano.com\/en\/wp-json\/wp\/v2\/product_tag?post=49712"}],"curies":[{"name":"wp","href":"https:\/\/api.w.org\/{rel}","templated":true}]}}