{"id":52734,"date":"2026-03-26T17:58:26","date_gmt":"2026-03-26T16:58:26","guid":{"rendered":"https:\/\/agiomilano.com\/produkt\/biustonosz-4"},"modified":"2026-04-16T11:13:39","modified_gmt":"2026-04-16T09:13:39","slug":"bialy-biustonosz-push-up-db-9222-my-body","status":"publish","type":"product","link":"https:\/\/agiomilano.com\/en\/produkt\/bialy-biustonosz-push-up-db-9222-my-body","title":{"rendered":"Bia\u0142y biustonosz Push Up DB-9222 My Body"},"content":{"rendered":"<p data-start=\"0\" data-end=\"361\">Bia\u0142y biustonosz push-up Basic My Body dopasowuje si\u0119 do kszta\u0142tu biustu pod wp\u0142ywem ciep\u0142a cia\u0142a. Miseczki pokryte s\u0105 delikatn\u0105 koronk\u0105 i posiadaj\u0105 lekk\u0105, termicznie wtopion\u0105 wk\u0142adk\u0119 push-up wype\u0142nion\u0105 \u017celem reaguj\u0105cym na temperatur\u0119. Model zapewnia naturalny efekt uniesienia i optycznego powi\u0119kszenia biustu, jednocze\u015bnie pi\u0119knie zbieraj\u0105c piersi do \u015brodka. Nieco g\u0142\u0119bsza, bardziej zabudowana od g\u00f3ry miseczka dobrze podtrzymuje i obejmuje pier\u015b r\u00f3wnie\u017c od strony pachy. Biustonosz jest mi\u0119kki, lekki i bardzo komfortowy w noszeniu. Obw\u00f3d wykonano z po\u0142yskuj\u0105cej, przyjaznej dla sk\u00f3ry mikrofibry. Bestsellerowy model dost\u0119pny jest w nowej, kwiecistej koronce.<\/p>\n<p data-start=\"0\" data-end=\"361\">Bia\u0142y biustonosz push-up Basic My Body to idealne po\u0142\u0105czenie komfortu, funkcjonalno\u015bci i kobiecej estetyki. Model zosta\u0142 zaprojektowany z my\u015bl\u0105 o codziennym u\u017cytkowaniu, ale dzi\u0119ki eleganckiemu wyko\u0144czeniu z powodzeniem sprawdzi si\u0119 r\u00f3wnie\u017c przy bardziej wymagaj\u0105cych stylizacjach. To doskona\u0142y wyb\u00f3r dla kobiet, kt\u00f3re ceni\u0105 sobie wygod\u0119, a jednocze\u015bnie chc\u0105 subtelnie podkre\u015bli\u0107 kszta\u0142t swojego biustu.<\/p>\n","protected":false},"excerpt":{"rendered":"<p>Bia\u0142y biustonosz push-up koronkowy My Body to bestseller, kt\u00f3ry \u0142\u0105czy w sobie nowoczesne rozwi\u0105zania z ponadczasowym designem. Je\u015bli szukasz biustonosza, kt\u00f3ry zapewni Ci wygod\u0119, pi\u0119kny wygl\u0105d i idealne dopasowanie \u2013 ten model b\u0119dzie doskona\u0142ym wyborem.<\/p>\n","protected":false},"featured_media":53016,"comment_status":"open","ping_status":"closed","template":"","meta":{"_acf_changed":false,"_monsterinsights_skip_tracking":false,"_monsterinsights_sitenote_active":false,"_monsterinsights_sitenote_note":"","_monsterinsights_sitenote_category":0},"product_brand":[],"product_cat":[15,218,124,284,273,151,144,226,126,79,247,171,194,173,177,172,168,165,125,142,189,78,143],"product_tag":[],"class_list":{"0":"post-52734","1":"product","2":"type-product","3":"status-publish","4":"has-post-thumbnail","6":"product_cat-uncategorized","7":"product_cat-basic-2","8":"product_cat-basic","9":"product_cat-biala","10":"product_cat-biala-bielizna","11":"product_cat-biale","12":"product_cat-biustonosz-push-up","13":"product_cat-biustonosz-push-up-koronkowy","14":"product_cat-biustonosze","15":"product_cat-biustonosz","16":"product_cat-biustonosze-biale","17":"product_cat-biustonosze-full-cup","18":"product_cat-biustonosze-koronkowe","19":"product_cat-biustonosze-miseczka-e","20":"product_cat-biustonosze-na-male-rozmiary","21":"product_cat-biustonosze-plunge","22":"product_cat-biustonosze-push-up","23":"product_cat-biustonosze-z-fiszbinami","24":"product_cat-kolekcje","25":"product_cat-my-body-push-up","26":"product_cat-my-body-push-up-2","27":"product_cat-nowosci","28":"product_cat-push-up-koronkowy","30":"first","31":"instock","32":"taxable","33":"shipping-taxable","34":"purchasable","35":"product-type-variable"},"acf":[],"yoast_head":"<!-- This site is optimized with the Yoast SEO plugin v26.8 - https:\/\/yoast.com\/product\/yoast-seo-wordpress\/ -->\n<title>Bia\u0142y biustonosz Push Up DB-9222 My Body - agiomilano<\/title>\n<meta name=\"description\" content=\"Bia\u0142y biustonosz push-up My Body z koronk\u0105 i \u017celow\u0105 wk\u0142adk\u0105 dopasowuj\u0105c\u0105 si\u0119 do cia\u0142a. Zapewnia naturalne uniesienie, komfort i pi\u0119kne podkre\u015blenie biustu.\" \/>\n<meta name=\"robots\" content=\"index, follow, max-snippet:-1, max-image-preview:large, max-video-preview:-1\" \/>\n<link rel=\"canonical\" href=\"https:\/\/agiomilano.com\/produkt\/bialy-biustonosz-push-up-db-9222-my-body\" \/>\n<meta property=\"og:locale\" content=\"en_US\" \/>\n<meta property=\"og:type\" content=\"article\" \/>\n<meta property=\"og:title\" content=\"Bia\u0142y biustonosz Push Up DB-9222 My Body - agiomilano\" \/>\n<meta property=\"og:description\" content=\"Bia\u0142y biustonosz push-up My Body z koronk\u0105 i \u017celow\u0105 wk\u0142adk\u0105 dopasowuj\u0105c\u0105 si\u0119 do cia\u0142a. Zapewnia naturalne uniesienie, komfort i pi\u0119kne podkre\u015blenie biustu.\" \/>\n<meta property=\"og:url\" content=\"https:\/\/agiomilano.com\/produkt\/bialy-biustonosz-push-up-db-9222-my-body\" \/>\n<meta property=\"og:site_name\" content=\"agiomilano\" \/>\n<meta property=\"article:modified_time\" content=\"2026-04-16T09:13:39+00:00\" \/>\n<meta property=\"og:image\" content=\"https:\/\/agiomilano.com\/wp-content\/uploads\/2026\/03\/2026_04_10_agio_db-9222_bialy_mybody_02-scaled.jpg\" \/>\n\t<meta property=\"og:image:width\" content=\"1920\" \/>\n\t<meta property=\"og:image:height\" content=\"2560\" \/>\n\t<meta property=\"og:image:type\" content=\"image\/jpeg\" \/>\n<meta name=\"twitter:card\" content=\"summary_large_image\" \/>\n<meta name=\"twitter:label1\" content=\"Est. reading time\" \/>\n\t<meta name=\"twitter:data1\" content=\"2 minutes\" \/>\n<script type=\"application\/ld+json\" class=\"yoast-schema-graph\">{\"@context\":\"https:\/\/schema.org\",\"@graph\":[{\"@type\":\"WebPage\",\"@id\":\"https:\/\/agiomilano.com\/produkt\/bialy-biustonosz-push-up-db-9222-my-body\",\"url\":\"https:\/\/agiomilano.com\/produkt\/bialy-biustonosz-push-up-db-9222-my-body\",\"name\":\"Bia\u0142y biustonosz Push Up DB-9222 My Body - agiomilano\",\"isPartOf\":{\"@id\":\"https:\/\/agiomilano.com\/#website\"},\"primaryImageOfPage\":{\"@id\":\"https:\/\/agiomilano.com\/produkt\/bialy-biustonosz-push-up-db-9222-my-body#primaryimage\"},\"image\":{\"@id\":\"https:\/\/agiomilano.com\/produkt\/bialy-biustonosz-push-up-db-9222-my-body#primaryimage\"},\"thumbnailUrl\":\"https:\/\/agiomilano.com\/wp-content\/uploads\/2026\/03\/2026_04_10_agio_db-9222_bialy_mybody_02-scaled.jpg\",\"datePublished\":\"2026-03-26T16:58:26+00:00\",\"dateModified\":\"2026-04-16T09:13:39+00:00\",\"description\":\"Bia\u0142y biustonosz push-up My Body z koronk\u0105 i \u017celow\u0105 wk\u0142adk\u0105 dopasowuj\u0105c\u0105 si\u0119 do cia\u0142a. Zapewnia naturalne uniesienie, komfort i pi\u0119kne podkre\u015blenie biustu.\",\"breadcrumb\":{\"@id\":\"https:\/\/agiomilano.com\/produkt\/bialy-biustonosz-push-up-db-9222-my-body#breadcrumb\"},\"inLanguage\":\"en-US\",\"potentialAction\":[{\"@type\":\"ReadAction\",\"target\":[\"https:\/\/agiomilano.com\/produkt\/bialy-biustonosz-push-up-db-9222-my-body\"]}]},{\"@type\":\"ImageObject\",\"inLanguage\":\"en-US\",\"@id\":\"https:\/\/agiomilano.com\/produkt\/bialy-biustonosz-push-up-db-9222-my-body#primaryimage\",\"url\":\"https:\/\/agiomilano.com\/wp-content\/uploads\/2026\/03\/2026_04_10_agio_db-9222_bialy_mybody_02-scaled.jpg\",\"contentUrl\":\"https:\/\/agiomilano.com\/wp-content\/uploads\/2026\/03\/2026_04_10_agio_db-9222_bialy_mybody_02-scaled.jpg\",\"width\":1920,\"height\":2560,\"caption\":\"Created with Lens Buddy\"},{\"@type\":\"BreadcrumbList\",\"@id\":\"https:\/\/agiomilano.com\/produkt\/bialy-biustonosz-push-up-db-9222-my-body#breadcrumb\",\"itemListElement\":[{\"@type\":\"ListItem\",\"position\":1,\"name\":\"Strona g\u0142\u00f3wna\",\"item\":\"https:\/\/agiomilano.com\/en\"},{\"@type\":\"ListItem\",\"position\":2,\"name\":\"Shop\",\"item\":\"https:\/\/agiomilano.com\/en\/shop-2\"},{\"@type\":\"ListItem\",\"position\":3,\"name\":\"Wszystkie\",\"item\":\"https:\/\/agiomilano.com\/it\/kategoria\/uncategorized-it\"},{\"@type\":\"ListItem\",\"position\":4,\"name\":\"Bia\u0142y biustonosz Push Up DB-9222 My Body\"}]},{\"@type\":\"WebSite\",\"@id\":\"https:\/\/agiomilano.com\/#website\",\"url\":\"https:\/\/agiomilano.com\/\",\"name\":\"agiomilano\",\"description\":\"Oficjalny sklep online Agio Milano\",\"potentialAction\":[{\"@type\":\"SearchAction\",\"target\":{\"@type\":\"EntryPoint\",\"urlTemplate\":\"https:\/\/agiomilano.com\/?s={search_term_string}\"},\"query-input\":{\"@type\":\"PropertyValueSpecification\",\"valueRequired\":true,\"valueName\":\"search_term_string\"}}],\"inLanguage\":\"en-US\"}]}<\/script>\n<!-- \/ Yoast SEO plugin. -->","yoast_head_json":{"title":"Bia\u0142y biustonosz Push Up DB-9222 My Body - agiomilano","description":"Bia\u0142y biustonosz push-up My Body z koronk\u0105 i \u017celow\u0105 wk\u0142adk\u0105 dopasowuj\u0105c\u0105 si\u0119 do cia\u0142a. Zapewnia naturalne uniesienie, komfort i pi\u0119kne podkre\u015blenie biustu.","robots":{"index":"index","follow":"follow","max-snippet":"max-snippet:-1","max-image-preview":"max-image-preview:large","max-video-preview":"max-video-preview:-1"},"canonical":"https:\/\/agiomilano.com\/produkt\/bialy-biustonosz-push-up-db-9222-my-body","og_locale":"en_US","og_type":"article","og_title":"Bia\u0142y biustonosz Push Up DB-9222 My Body - agiomilano","og_description":"Bia\u0142y biustonosz push-up My Body z koronk\u0105 i \u017celow\u0105 wk\u0142adk\u0105 dopasowuj\u0105c\u0105 si\u0119 do cia\u0142a. Zapewnia naturalne uniesienie, komfort i pi\u0119kne podkre\u015blenie biustu.","og_url":"https:\/\/agiomilano.com\/produkt\/bialy-biustonosz-push-up-db-9222-my-body","og_site_name":"agiomilano","article_modified_time":"2026-04-16T09:13:39+00:00","og_image":[{"width":1920,"height":2560,"url":"https:\/\/agiomilano.com\/wp-content\/uploads\/2026\/03\/2026_04_10_agio_db-9222_bialy_mybody_02-scaled.jpg","type":"image\/jpeg"}],"twitter_card":"summary_large_image","twitter_misc":{"Est. reading time":"2 minutes"},"schema":{"@context":"https:\/\/schema.org","@graph":[{"@type":"WebPage","@id":"https:\/\/agiomilano.com\/produkt\/bialy-biustonosz-push-up-db-9222-my-body","url":"https:\/\/agiomilano.com\/produkt\/bialy-biustonosz-push-up-db-9222-my-body","name":"Bia\u0142y biustonosz Push Up DB-9222 My Body - agiomilano","isPartOf":{"@id":"https:\/\/agiomilano.com\/#website"},"primaryImageOfPage":{"@id":"https:\/\/agiomilano.com\/produkt\/bialy-biustonosz-push-up-db-9222-my-body#primaryimage"},"image":{"@id":"https:\/\/agiomilano.com\/produkt\/bialy-biustonosz-push-up-db-9222-my-body#primaryimage"},"thumbnailUrl":"https:\/\/agiomilano.com\/wp-content\/uploads\/2026\/03\/2026_04_10_agio_db-9222_bialy_mybody_02-scaled.jpg","datePublished":"2026-03-26T16:58:26+00:00","dateModified":"2026-04-16T09:13:39+00:00","description":"Bia\u0142y biustonosz push-up My Body z koronk\u0105 i \u017celow\u0105 wk\u0142adk\u0105 dopasowuj\u0105c\u0105 si\u0119 do cia\u0142a. Zapewnia naturalne uniesienie, komfort i pi\u0119kne podkre\u015blenie biustu.","breadcrumb":{"@id":"https:\/\/agiomilano.com\/produkt\/bialy-biustonosz-push-up-db-9222-my-body#breadcrumb"},"inLanguage":"en-US","potentialAction":[{"@type":"ReadAction","target":["https:\/\/agiomilano.com\/produkt\/bialy-biustonosz-push-up-db-9222-my-body"]}]},{"@type":"ImageObject","inLanguage":"en-US","@id":"https:\/\/agiomilano.com\/produkt\/bialy-biustonosz-push-up-db-9222-my-body#primaryimage","url":"https:\/\/agiomilano.com\/wp-content\/uploads\/2026\/03\/2026_04_10_agio_db-9222_bialy_mybody_02-scaled.jpg","contentUrl":"https:\/\/agiomilano.com\/wp-content\/uploads\/2026\/03\/2026_04_10_agio_db-9222_bialy_mybody_02-scaled.jpg","width":1920,"height":2560,"caption":"Created with Lens Buddy"},{"@type":"BreadcrumbList","@id":"https:\/\/agiomilano.com\/produkt\/bialy-biustonosz-push-up-db-9222-my-body#breadcrumb","itemListElement":[{"@type":"ListItem","position":1,"name":"Strona g\u0142\u00f3wna","item":"https:\/\/agiomilano.com\/en"},{"@type":"ListItem","position":2,"name":"Shop","item":"https:\/\/agiomilano.com\/en\/shop-2"},{"@type":"ListItem","position":3,"name":"Wszystkie","item":"https:\/\/agiomilano.com\/it\/kategoria\/uncategorized-it"},{"@type":"ListItem","position":4,"name":"Bia\u0142y biustonosz Push Up DB-9222 My Body"}]},{"@type":"WebSite","@id":"https:\/\/agiomilano.com\/#website","url":"https:\/\/agiomilano.com\/","name":"agiomilano","description":"Oficjalny sklep online Agio Milano","potentialAction":[{"@type":"SearchAction","target":{"@type":"EntryPoint","urlTemplate":"https:\/\/agiomilano.com\/?s={search_term_string}"},"query-input":{"@type":"PropertyValueSpecification","valueRequired":true,"valueName":"search_term_string"}}],"inLanguage":"en-US"}]}},"_links":{"self":[{"href":"https:\/\/agiomilano.com\/en\/wp-json\/wp\/v2\/product\/52734","targetHints":{"allow":["GET"]}}],"collection":[{"href":"https:\/\/agiomilano.com\/en\/wp-json\/wp\/v2\/product"}],"about":[{"href":"https:\/\/agiomilano.com\/en\/wp-json\/wp\/v2\/types\/product"}],"replies":[{"embeddable":true,"href":"https:\/\/agiomilano.com\/en\/wp-json\/wp\/v2\/comments?post=52734"}],"wp:featuredmedia":[{"embeddable":true,"href":"https:\/\/agiomilano.com\/en\/wp-json\/wp\/v2\/media\/53016"}],"wp:attachment":[{"href":"https:\/\/agiomilano.com\/en\/wp-json\/wp\/v2\/media?parent=52734"}],"wp:term":[{"taxonomy":"product_brand","embeddable":true,"href":"https:\/\/agiomilano.com\/en\/wp-json\/wp\/v2\/product_brand?post=52734"},{"taxonomy":"product_cat","embeddable":true,"href":"https:\/\/agiomilano.com\/en\/wp-json\/wp\/v2\/product_cat?post=52734"},{"taxonomy":"product_tag","embeddable":true,"href":"https:\/\/agiomilano.com\/en\/wp-json\/wp\/v2\/product_tag?post=52734"}],"curies":[{"name":"wp","href":"https:\/\/api.w.org\/{rel}","templated":true}]}}