{"id":54011,"date":"2026-01-21T18:03:29","date_gmt":"2026-01-21T17:03:29","guid":{"rendered":"https:\/\/agiomilano.com\/produkt\/koronkowe-majtki-bikini-dm-6356"},"modified":"2026-05-08T18:22:15","modified_gmt":"2026-05-08T16:22:15","slug":"koronkowe-majtki-bikini-dm-6356","status":"publish","type":"product","link":"https:\/\/agiomilano.com\/en\/produkt\/koronkowe-majtki-bikini-dm-6356","title":{"rendered":"Bikini Panties with Lace Waistband and Mesh DM-6356"},"content":{"rendered":"<p>Majtki bikini z koronkowym pasem z oryginaln\u0105 kraw\u0119dzi\u0105. Na froncie ozdoba w postaci z\u0142otego wisiorka. Ty\u0142 wyko\u0144czony koronk\u0105 i siateczkow\u0105 wstawk\u0105.<\/p>\n<p class=\"Standard\" style=\"text-align: center;\" align=\"center\">\n","protected":false},"excerpt":{"rendered":"<p>Majtki bikini z koronkowym pasem z oryginaln\u0105 kraw\u0119dzi\u0105. Na froncie ozdoba w postaci z\u0142otego wisiorka. Ty\u0142 wyko\u0144czony koronk\u0105 i siateczkow\u0105 wstawk\u0105.<\/p>\n","protected":false},"featured_media":46347,"comment_status":"open","ping_status":"closed","template":"","meta":{"_acf_changed":false,"_monsterinsights_skip_tracking":false,"_monsterinsights_sitenote_active":false,"_monsterinsights_sitenote_note":"","_monsterinsights_sitenote_category":0},"product_brand":[],"product_cat":[452,880,859,841,667,687,683,676,670,671,471,686,691,685,668,689,674,669,675,673,474,1268,882,861,842,844,694,692,693],"product_tag":[],"class_list":{"0":"post-54011","1":"product","2":"type-product","3":"status-publish","4":"has-post-thumbnail","6":"product_cat-all","7":"product_cat-beige","8":"product_cat-beige-briefs","9":"product_cat-beige-underwear","10":"product_cat-bikini-en","11":"product_cat-bikini-briefs-en","12":"product_cat-bikini-briefs","13":"product_cat-bridal-briefs","14":"product_cat-briefs-en","15":"product_cat-briefs","16":"product_cat-collections","17":"product_cat-cream","18":"product_cat-cream-briefs","19":"product_cat-cream-underwear","20":"product_cat-knickers","21":"product_cat-knickers-en","22":"product_cat-lace-briefs-en-2","23":"product_cat-lace-briefs-en","24":"product_cat-lace-briefs-en-3","25":"product_cat-lace-briefs","26":"product_cat-new-in","27":"product_cat-nostalgic-journey","28":"product_cat-nude","29":"product_cat-nude-briefs","30":"product_cat-nude-underwear","31":"product_cat-nude-underwear-en","32":"product_cat-pink","33":"product_cat-pink-briefs","34":"product_cat-pink-underwear","36":"first","37":"instock","38":"taxable","39":"shipping-taxable","40":"purchasable","41":"product-type-variable"},"acf":[],"yoast_head":"<!-- This site is optimized with the Yoast SEO plugin v27.4 - https:\/\/yoast.com\/product\/yoast-seo-wordpress\/ -->\n<title>Bikini Panties with Lace Waistband and Mesh DM-6356 - agiomilano<\/title>\n<meta name=\"description\" content=\"Majtki Bikini. Fantazyjna koronka, komfortowe i niewidoczne pod ubraniem majtki. Wysoka jako\u015b\u0107 i gwarancja wygody. Odwied\u017a sklep..\" \/>\n<meta name=\"robots\" content=\"index, follow, max-snippet:-1, max-image-preview:large, max-video-preview:-1\" \/>\n<link rel=\"canonical\" href=\"https:\/\/agiomilano.com\/en\/produkt\/koronkowe-majtki-bikini-dm-6356\" \/>\n<meta property=\"og:locale\" content=\"en_US\" \/>\n<meta property=\"og:type\" content=\"article\" \/>\n<meta property=\"og:title\" content=\"Bikini Panties with Lace Waistband and Mesh DM-6356 - agiomilano\" \/>\n<meta property=\"og:description\" content=\"Majtki Bikini. Fantazyjna koronka, komfortowe i niewidoczne pod ubraniem majtki. Wysoka jako\u015b\u0107 i gwarancja wygody. Odwied\u017a sklep..\" \/>\n<meta property=\"og:url\" content=\"https:\/\/agiomilano.com\/en\/produkt\/koronkowe-majtki-bikini-dm-6356\" \/>\n<meta property=\"og:site_name\" content=\"agiomilano\" \/>\n<meta property=\"article:modified_time\" content=\"2026-05-08T16:22:15+00:00\" \/>\n<meta property=\"og:image\" content=\"https:\/\/agiomilano.com\/wp-content\/uploads\/2026\/01\/majtki-damskie-figi-bikini-bezowe-dm-6356.jpg\" \/>\n\t<meta property=\"og:image:width\" content=\"860\" \/>\n\t<meta property=\"og:image:height\" content=\"1147\" \/>\n\t<meta property=\"og:image:type\" content=\"image\/jpeg\" \/>\n<meta name=\"twitter:card\" content=\"summary_large_image\" \/>\n<script type=\"application\/ld+json\" class=\"yoast-schema-graph\">{\"@context\":\"https:\\\/\\\/schema.org\",\"@graph\":[{\"@type\":\"WebPage\",\"@id\":\"https:\\\/\\\/agiomilano.com\\\/en\\\/produkt\\\/koronkowe-majtki-bikini-dm-6356\",\"url\":\"https:\\\/\\\/agiomilano.com\\\/en\\\/produkt\\\/koronkowe-majtki-bikini-dm-6356\",\"name\":\"Bikini Panties with Lace Waistband and Mesh DM-6356 - agiomilano\",\"isPartOf\":{\"@id\":\"https:\\\/\\\/agiomilano.com\\\/en#website\"},\"primaryImageOfPage\":{\"@id\":\"https:\\\/\\\/agiomilano.com\\\/en\\\/produkt\\\/koronkowe-majtki-bikini-dm-6356#primaryimage\"},\"image\":{\"@id\":\"https:\\\/\\\/agiomilano.com\\\/en\\\/produkt\\\/koronkowe-majtki-bikini-dm-6356#primaryimage\"},\"thumbnailUrl\":\"https:\\\/\\\/agiomilano.com\\\/wp-content\\\/uploads\\\/2026\\\/01\\\/majtki-damskie-figi-bikini-bezowe-dm-6356.jpg\",\"datePublished\":\"2026-01-21T17:03:29+00:00\",\"dateModified\":\"2026-05-08T16:22:15+00:00\",\"description\":\"Majtki Bikini. Fantazyjna koronka, komfortowe i niewidoczne pod ubraniem majtki. Wysoka jako\u015b\u0107 i gwarancja wygody. Odwied\u017a sklep..\",\"breadcrumb\":{\"@id\":\"https:\\\/\\\/agiomilano.com\\\/en\\\/produkt\\\/koronkowe-majtki-bikini-dm-6356#breadcrumb\"},\"inLanguage\":\"en-US\",\"potentialAction\":[{\"@type\":\"ReadAction\",\"target\":[\"https:\\\/\\\/agiomilano.com\\\/en\\\/produkt\\\/koronkowe-majtki-bikini-dm-6356\"]}]},{\"@type\":\"ImageObject\",\"inLanguage\":\"en-US\",\"@id\":\"https:\\\/\\\/agiomilano.com\\\/en\\\/produkt\\\/koronkowe-majtki-bikini-dm-6356#primaryimage\",\"url\":\"https:\\\/\\\/agiomilano.com\\\/wp-content\\\/uploads\\\/2026\\\/01\\\/majtki-damskie-figi-bikini-bezowe-dm-6356.jpg\",\"contentUrl\":\"https:\\\/\\\/agiomilano.com\\\/wp-content\\\/uploads\\\/2026\\\/01\\\/majtki-damskie-figi-bikini-bezowe-dm-6356.jpg\",\"width\":860,\"height\":1147,\"caption\":\"Majtki damskie, figi, bikini, be\u017cowe, DM-6356\"},{\"@type\":\"BreadcrumbList\",\"@id\":\"https:\\\/\\\/agiomilano.com\\\/en\\\/produkt\\\/koronkowe-majtki-bikini-dm-6356#breadcrumb\",\"itemListElement\":[{\"@type\":\"ListItem\",\"position\":1,\"name\":\"Strona g\u0142\u00f3wna\",\"item\":\"https:\\\/\\\/agiomilano.com\\\/en\"},{\"@type\":\"ListItem\",\"position\":2,\"name\":\"Shop\",\"item\":\"https:\\\/\\\/agiomilano.com\\\/en\\\/shop-2\"},{\"@type\":\"ListItem\",\"position\":3,\"name\":\"All\",\"item\":\"https:\\\/\\\/agiomilano.com\\\/en\\\/category\\\/all\"},{\"@type\":\"ListItem\",\"position\":4,\"name\":\"Bikini Panties with Lace Waistband and Mesh DM-6356\"}]},{\"@type\":\"WebSite\",\"@id\":\"https:\\\/\\\/agiomilano.com\\\/en#website\",\"url\":\"https:\\\/\\\/agiomilano.com\\\/en\",\"name\":\"agiomilano\",\"description\":\"Oficjalny sklep online Agio Milano\",\"potentialAction\":[{\"@type\":\"SearchAction\",\"target\":{\"@type\":\"EntryPoint\",\"urlTemplate\":\"https:\\\/\\\/agiomilano.com\\\/en?s={search_term_string}\"},\"query-input\":{\"@type\":\"PropertyValueSpecification\",\"valueRequired\":true,\"valueName\":\"search_term_string\"}}],\"inLanguage\":\"en-US\"}]}<\/script>\n<!-- \/ Yoast SEO plugin. -->","yoast_head_json":{"title":"Bikini Panties with Lace Waistband and Mesh DM-6356 - agiomilano","description":"Majtki Bikini. Fantazyjna koronka, komfortowe i niewidoczne pod ubraniem majtki. Wysoka jako\u015b\u0107 i gwarancja wygody. Odwied\u017a sklep..","robots":{"index":"index","follow":"follow","max-snippet":"max-snippet:-1","max-image-preview":"max-image-preview:large","max-video-preview":"max-video-preview:-1"},"canonical":"https:\/\/agiomilano.com\/en\/produkt\/koronkowe-majtki-bikini-dm-6356","og_locale":"en_US","og_type":"article","og_title":"Bikini Panties with Lace Waistband and Mesh DM-6356 - agiomilano","og_description":"Majtki Bikini. Fantazyjna koronka, komfortowe i niewidoczne pod ubraniem majtki. Wysoka jako\u015b\u0107 i gwarancja wygody. Odwied\u017a sklep..","og_url":"https:\/\/agiomilano.com\/en\/produkt\/koronkowe-majtki-bikini-dm-6356","og_site_name":"agiomilano","article_modified_time":"2026-05-08T16:22:15+00:00","og_image":[{"width":860,"height":1147,"url":"https:\/\/agiomilano.com\/wp-content\/uploads\/2026\/01\/majtki-damskie-figi-bikini-bezowe-dm-6356.jpg","type":"image\/jpeg"}],"twitter_card":"summary_large_image","schema":{"@context":"https:\/\/schema.org","@graph":[{"@type":"WebPage","@id":"https:\/\/agiomilano.com\/en\/produkt\/koronkowe-majtki-bikini-dm-6356","url":"https:\/\/agiomilano.com\/en\/produkt\/koronkowe-majtki-bikini-dm-6356","name":"Bikini Panties with Lace Waistband and Mesh DM-6356 - agiomilano","isPartOf":{"@id":"https:\/\/agiomilano.com\/en#website"},"primaryImageOfPage":{"@id":"https:\/\/agiomilano.com\/en\/produkt\/koronkowe-majtki-bikini-dm-6356#primaryimage"},"image":{"@id":"https:\/\/agiomilano.com\/en\/produkt\/koronkowe-majtki-bikini-dm-6356#primaryimage"},"thumbnailUrl":"https:\/\/agiomilano.com\/wp-content\/uploads\/2026\/01\/majtki-damskie-figi-bikini-bezowe-dm-6356.jpg","datePublished":"2026-01-21T17:03:29+00:00","dateModified":"2026-05-08T16:22:15+00:00","description":"Majtki Bikini. Fantazyjna koronka, komfortowe i niewidoczne pod ubraniem majtki. Wysoka jako\u015b\u0107 i gwarancja wygody. Odwied\u017a sklep..","breadcrumb":{"@id":"https:\/\/agiomilano.com\/en\/produkt\/koronkowe-majtki-bikini-dm-6356#breadcrumb"},"inLanguage":"en-US","potentialAction":[{"@type":"ReadAction","target":["https:\/\/agiomilano.com\/en\/produkt\/koronkowe-majtki-bikini-dm-6356"]}]},{"@type":"ImageObject","inLanguage":"en-US","@id":"https:\/\/agiomilano.com\/en\/produkt\/koronkowe-majtki-bikini-dm-6356#primaryimage","url":"https:\/\/agiomilano.com\/wp-content\/uploads\/2026\/01\/majtki-damskie-figi-bikini-bezowe-dm-6356.jpg","contentUrl":"https:\/\/agiomilano.com\/wp-content\/uploads\/2026\/01\/majtki-damskie-figi-bikini-bezowe-dm-6356.jpg","width":860,"height":1147,"caption":"Majtki damskie, figi, bikini, be\u017cowe, DM-6356"},{"@type":"BreadcrumbList","@id":"https:\/\/agiomilano.com\/en\/produkt\/koronkowe-majtki-bikini-dm-6356#breadcrumb","itemListElement":[{"@type":"ListItem","position":1,"name":"Strona g\u0142\u00f3wna","item":"https:\/\/agiomilano.com\/en"},{"@type":"ListItem","position":2,"name":"Shop","item":"https:\/\/agiomilano.com\/en\/shop-2"},{"@type":"ListItem","position":3,"name":"All","item":"https:\/\/agiomilano.com\/en\/category\/all"},{"@type":"ListItem","position":4,"name":"Bikini Panties with Lace Waistband and Mesh DM-6356"}]},{"@type":"WebSite","@id":"https:\/\/agiomilano.com\/en#website","url":"https:\/\/agiomilano.com\/en","name":"agiomilano","description":"Oficjalny sklep online Agio Milano","potentialAction":[{"@type":"SearchAction","target":{"@type":"EntryPoint","urlTemplate":"https:\/\/agiomilano.com\/en?s={search_term_string}"},"query-input":{"@type":"PropertyValueSpecification","valueRequired":true,"valueName":"search_term_string"}}],"inLanguage":"en-US"}]}},"_links":{"self":[{"href":"https:\/\/agiomilano.com\/en\/wp-json\/wp\/v2\/product\/54011","targetHints":{"allow":["GET"]}}],"collection":[{"href":"https:\/\/agiomilano.com\/en\/wp-json\/wp\/v2\/product"}],"about":[{"href":"https:\/\/agiomilano.com\/en\/wp-json\/wp\/v2\/types\/product"}],"replies":[{"embeddable":true,"href":"https:\/\/agiomilano.com\/en\/wp-json\/wp\/v2\/comments?post=54011"}],"wp:featuredmedia":[{"embeddable":true,"href":"https:\/\/agiomilano.com\/en\/wp-json\/wp\/v2\/media\/46347"}],"wp:attachment":[{"href":"https:\/\/agiomilano.com\/en\/wp-json\/wp\/v2\/media?parent=54011"}],"wp:term":[{"taxonomy":"product_brand","embeddable":true,"href":"https:\/\/agiomilano.com\/en\/wp-json\/wp\/v2\/product_brand?post=54011"},{"taxonomy":"product_cat","embeddable":true,"href":"https:\/\/agiomilano.com\/en\/wp-json\/wp\/v2\/product_cat?post=54011"},{"taxonomy":"product_tag","embeddable":true,"href":"https:\/\/agiomilano.com\/en\/wp-json\/wp\/v2\/product_tag?post=54011"}],"curies":[{"name":"wp","href":"https:\/\/api.w.org\/{rel}","templated":true}]}}