{"id":9679,"date":"2024-04-11T15:32:29","date_gmt":"2024-04-11T13:32:29","guid":{"rendered":"https:\/\/agiomilano.com\/produkt\/majtki-damskie-265"},"modified":"2024-06-18T12:40:11","modified_gmt":"2024-06-18T10:40:11","slug":"majtki-damskie-265","status":"publish","type":"product","link":"https:\/\/agiomilano.com\/en\/produkt\/majtki-damskie-265","title":{"rendered":"Bikini briefs with an openwork back DM-6322"},"content":{"rendered":"<p>Bikini briefs with an openwork back and a translucent front. Spaghetti bow with jewelry decoration. Contrasting cream stripes, lace elastic at the waist.<\/p>\n","protected":false},"excerpt":{"rendered":"<p>Bikini briefs with an openwork back and a translucent front. Spaghetti bow with jewelry decoration. Contrasting cream stripes, lace elastic at the waist.<\/p>\n","protected":false},"featured_media":9044,"comment_status":"open","ping_status":"closed","template":"","meta":{"_acf_changed":false,"_monsterinsights_skip_tracking":false,"_monsterinsights_sitenote_active":false,"_monsterinsights_sitenote_note":"","_monsterinsights_sitenote_category":0},"product_brand":[],"product_cat":[452,683,687,676,671,471,690,691,685,688,682,689,668,673,674,669,692,693,1143,664,672],"product_tag":[],"class_list":{"0":"post-9679","1":"product","2":"type-product","3":"status-publish","4":"has-post-thumbnail","6":"product_cat-all","7":"product_cat-bikini-briefs","8":"product_cat-bikini-briefs-en","9":"product_cat-bridal-briefs","10":"product_cat-briefs","11":"product_cat-collections","12":"product_cat-colorful-briefs","13":"product_cat-cream-briefs","14":"product_cat-cream-underwear","15":"product_cat-ecru-briefs","16":"product_cat-feel-more-en","17":"product_cat-knickers-en","18":"product_cat-knickers","19":"product_cat-lace-briefs","20":"product_cat-lace-briefs-en-2","21":"product_cat-lace-briefs-en","22":"product_cat-pink-briefs","23":"product_cat-pink-underwear","24":"product_cat-valentines","25":"product_cat-white-en","26":"product_cat-white-briefs","28":"first","29":"instock","30":"sale","31":"taxable","32":"shipping-taxable","33":"purchasable","34":"product-type-variable"},"acf":[],"yoast_head":"<!-- This site is optimized with the Yoast SEO plugin v26.8 - https:\/\/yoast.com\/product\/yoast-seo-wordpress\/ -->\n<title>Bikini briefs with an openwork back DM-6322 - agiomilano<\/title>\n<meta name=\"description\" content=\"Bikini briefs with an openwork back and a translucent front. Spaghetti bow with jewelry decoration. Contrasting cream stripes, lace elastic at the waist.\" \/>\n<meta name=\"robots\" content=\"index, follow, max-snippet:-1, max-image-preview:large, max-video-preview:-1\" \/>\n<link rel=\"canonical\" href=\"https:\/\/agiomilano.com\/en\/produkt\/majtki-damskie-265\" \/>\n<meta property=\"og:locale\" content=\"en_US\" \/>\n<meta property=\"og:type\" content=\"article\" \/>\n<meta property=\"og:title\" content=\"Bikini briefs with an openwork back DM-6322 - agiomilano\" \/>\n<meta property=\"og:description\" content=\"Bikini briefs with an openwork back and a translucent front. Spaghetti bow with jewelry decoration. Contrasting cream stripes, lace elastic at the waist.\" \/>\n<meta property=\"og:url\" content=\"https:\/\/agiomilano.com\/en\/produkt\/majtki-damskie-265\" \/>\n<meta property=\"og:site_name\" content=\"agiomilano\" \/>\n<meta property=\"article:modified_time\" content=\"2024-06-18T10:40:11+00:00\" \/>\n<meta property=\"og:image\" content=\"https:\/\/agiomilano.com\/wp-content\/uploads\/2024\/04\/majtki-bikini-koronkowe-ecrue-dm-6322.jpg\" \/>\n\t<meta property=\"og:image:width\" content=\"860\" \/>\n\t<meta property=\"og:image:height\" content=\"1147\" \/>\n\t<meta property=\"og:image:type\" content=\"image\/jpeg\" \/>\n<meta name=\"twitter:card\" content=\"summary_large_image\" \/>\n<meta name=\"twitter:label1\" content=\"Est. reading time\" \/>\n\t<meta name=\"twitter:data1\" content=\"1 minute\" \/>\n<script type=\"application\/ld+json\" class=\"yoast-schema-graph\">{\"@context\":\"https:\/\/schema.org\",\"@graph\":[{\"@type\":\"WebPage\",\"@id\":\"https:\/\/agiomilano.com\/en\/produkt\/majtki-damskie-265\",\"url\":\"https:\/\/agiomilano.com\/en\/produkt\/majtki-damskie-265\",\"name\":\"Bikini briefs with an openwork back DM-6322 - agiomilano\",\"isPartOf\":{\"@id\":\"https:\/\/agiomilano.com\/#website\"},\"primaryImageOfPage\":{\"@id\":\"https:\/\/agiomilano.com\/en\/produkt\/majtki-damskie-265#primaryimage\"},\"image\":{\"@id\":\"https:\/\/agiomilano.com\/en\/produkt\/majtki-damskie-265#primaryimage\"},\"thumbnailUrl\":\"https:\/\/agiomilano.com\/wp-content\/uploads\/2024\/04\/majtki-bikini-koronkowe-ecrue-dm-6322.jpg\",\"datePublished\":\"2024-04-11T13:32:29+00:00\",\"dateModified\":\"2024-06-18T10:40:11+00:00\",\"description\":\"Bikini briefs with an openwork back and a translucent front. Spaghetti bow with jewelry decoration. Contrasting cream stripes, lace elastic at the waist.\",\"breadcrumb\":{\"@id\":\"https:\/\/agiomilano.com\/en\/produkt\/majtki-damskie-265#breadcrumb\"},\"inLanguage\":\"en-US\",\"potentialAction\":[{\"@type\":\"ReadAction\",\"target\":[\"https:\/\/agiomilano.com\/en\/produkt\/majtki-damskie-265\"]}]},{\"@type\":\"ImageObject\",\"inLanguage\":\"en-US\",\"@id\":\"https:\/\/agiomilano.com\/en\/produkt\/majtki-damskie-265#primaryimage\",\"url\":\"https:\/\/agiomilano.com\/wp-content\/uploads\/2024\/04\/majtki-bikini-koronkowe-ecrue-dm-6322.jpg\",\"contentUrl\":\"https:\/\/agiomilano.com\/wp-content\/uploads\/2024\/04\/majtki-bikini-koronkowe-ecrue-dm-6322.jpg\",\"width\":860,\"height\":1147,\"caption\":\"Majtki bikini z a\u017curowym ty\u0142em, koronkowe, \u015bmietankowe figi, dm-6322\"},{\"@type\":\"BreadcrumbList\",\"@id\":\"https:\/\/agiomilano.com\/en\/produkt\/majtki-damskie-265#breadcrumb\",\"itemListElement\":[{\"@type\":\"ListItem\",\"position\":1,\"name\":\"Strona g\u0142\u00f3wna\",\"item\":\"https:\/\/agiomilano.com\/en\"},{\"@type\":\"ListItem\",\"position\":2,\"name\":\"Shop\",\"item\":\"https:\/\/agiomilano.com\/en\/shop-2\"},{\"@type\":\"ListItem\",\"position\":3,\"name\":\"Wszystkie\",\"item\":\"https:\/\/agiomilano.com\/it\/kategoria\/uncategorized-it\"},{\"@type\":\"ListItem\",\"position\":4,\"name\":\"Bikini briefs with an openwork back DM-6322\"}]},{\"@type\":\"WebSite\",\"@id\":\"https:\/\/agiomilano.com\/#website\",\"url\":\"https:\/\/agiomilano.com\/\",\"name\":\"agiomilano\",\"description\":\"Oficjalny sklep online Agio Milano\",\"potentialAction\":[{\"@type\":\"SearchAction\",\"target\":{\"@type\":\"EntryPoint\",\"urlTemplate\":\"https:\/\/agiomilano.com\/?s={search_term_string}\"},\"query-input\":{\"@type\":\"PropertyValueSpecification\",\"valueRequired\":true,\"valueName\":\"search_term_string\"}}],\"inLanguage\":\"en-US\"}]}<\/script>\n<!-- \/ Yoast SEO plugin. -->","yoast_head_json":{"title":"Bikini briefs with an openwork back DM-6322 - agiomilano","description":"Bikini briefs with an openwork back and a translucent front. Spaghetti bow with jewelry decoration. Contrasting cream stripes, lace elastic at the waist.","robots":{"index":"index","follow":"follow","max-snippet":"max-snippet:-1","max-image-preview":"max-image-preview:large","max-video-preview":"max-video-preview:-1"},"canonical":"https:\/\/agiomilano.com\/en\/produkt\/majtki-damskie-265","og_locale":"en_US","og_type":"article","og_title":"Bikini briefs with an openwork back DM-6322 - agiomilano","og_description":"Bikini briefs with an openwork back and a translucent front. Spaghetti bow with jewelry decoration. Contrasting cream stripes, lace elastic at the waist.","og_url":"https:\/\/agiomilano.com\/en\/produkt\/majtki-damskie-265","og_site_name":"agiomilano","article_modified_time":"2024-06-18T10:40:11+00:00","og_image":[{"width":860,"height":1147,"url":"https:\/\/agiomilano.com\/wp-content\/uploads\/2024\/04\/majtki-bikini-koronkowe-ecrue-dm-6322.jpg","type":"image\/jpeg"}],"twitter_card":"summary_large_image","twitter_misc":{"Est. reading time":"1 minute"},"schema":{"@context":"https:\/\/schema.org","@graph":[{"@type":"WebPage","@id":"https:\/\/agiomilano.com\/en\/produkt\/majtki-damskie-265","url":"https:\/\/agiomilano.com\/en\/produkt\/majtki-damskie-265","name":"Bikini briefs with an openwork back DM-6322 - agiomilano","isPartOf":{"@id":"https:\/\/agiomilano.com\/#website"},"primaryImageOfPage":{"@id":"https:\/\/agiomilano.com\/en\/produkt\/majtki-damskie-265#primaryimage"},"image":{"@id":"https:\/\/agiomilano.com\/en\/produkt\/majtki-damskie-265#primaryimage"},"thumbnailUrl":"https:\/\/agiomilano.com\/wp-content\/uploads\/2024\/04\/majtki-bikini-koronkowe-ecrue-dm-6322.jpg","datePublished":"2024-04-11T13:32:29+00:00","dateModified":"2024-06-18T10:40:11+00:00","description":"Bikini briefs with an openwork back and a translucent front. Spaghetti bow with jewelry decoration. Contrasting cream stripes, lace elastic at the waist.","breadcrumb":{"@id":"https:\/\/agiomilano.com\/en\/produkt\/majtki-damskie-265#breadcrumb"},"inLanguage":"en-US","potentialAction":[{"@type":"ReadAction","target":["https:\/\/agiomilano.com\/en\/produkt\/majtki-damskie-265"]}]},{"@type":"ImageObject","inLanguage":"en-US","@id":"https:\/\/agiomilano.com\/en\/produkt\/majtki-damskie-265#primaryimage","url":"https:\/\/agiomilano.com\/wp-content\/uploads\/2024\/04\/majtki-bikini-koronkowe-ecrue-dm-6322.jpg","contentUrl":"https:\/\/agiomilano.com\/wp-content\/uploads\/2024\/04\/majtki-bikini-koronkowe-ecrue-dm-6322.jpg","width":860,"height":1147,"caption":"Majtki bikini z a\u017curowym ty\u0142em, koronkowe, \u015bmietankowe figi, dm-6322"},{"@type":"BreadcrumbList","@id":"https:\/\/agiomilano.com\/en\/produkt\/majtki-damskie-265#breadcrumb","itemListElement":[{"@type":"ListItem","position":1,"name":"Strona g\u0142\u00f3wna","item":"https:\/\/agiomilano.com\/en"},{"@type":"ListItem","position":2,"name":"Shop","item":"https:\/\/agiomilano.com\/en\/shop-2"},{"@type":"ListItem","position":3,"name":"Wszystkie","item":"https:\/\/agiomilano.com\/it\/kategoria\/uncategorized-it"},{"@type":"ListItem","position":4,"name":"Bikini briefs with an openwork back DM-6322"}]},{"@type":"WebSite","@id":"https:\/\/agiomilano.com\/#website","url":"https:\/\/agiomilano.com\/","name":"agiomilano","description":"Oficjalny sklep online Agio Milano","potentialAction":[{"@type":"SearchAction","target":{"@type":"EntryPoint","urlTemplate":"https:\/\/agiomilano.com\/?s={search_term_string}"},"query-input":{"@type":"PropertyValueSpecification","valueRequired":true,"valueName":"search_term_string"}}],"inLanguage":"en-US"}]}},"_links":{"self":[{"href":"https:\/\/agiomilano.com\/en\/wp-json\/wp\/v2\/product\/9679","targetHints":{"allow":["GET"]}}],"collection":[{"href":"https:\/\/agiomilano.com\/en\/wp-json\/wp\/v2\/product"}],"about":[{"href":"https:\/\/agiomilano.com\/en\/wp-json\/wp\/v2\/types\/product"}],"replies":[{"embeddable":true,"href":"https:\/\/agiomilano.com\/en\/wp-json\/wp\/v2\/comments?post=9679"}],"wp:featuredmedia":[{"embeddable":true,"href":"https:\/\/agiomilano.com\/en\/wp-json\/wp\/v2\/media\/9044"}],"wp:attachment":[{"href":"https:\/\/agiomilano.com\/en\/wp-json\/wp\/v2\/media?parent=9679"}],"wp:term":[{"taxonomy":"product_brand","embeddable":true,"href":"https:\/\/agiomilano.com\/en\/wp-json\/wp\/v2\/product_brand?post=9679"},{"taxonomy":"product_cat","embeddable":true,"href":"https:\/\/agiomilano.com\/en\/wp-json\/wp\/v2\/product_cat?post=9679"},{"taxonomy":"product_tag","embeddable":true,"href":"https:\/\/agiomilano.com\/en\/wp-json\/wp\/v2\/product_tag?post=9679"}],"curies":[{"name":"wp","href":"https:\/\/api.w.org\/{rel}","templated":true}]}}