{"id":9962,"date":"2024-02-23T11:46:14","date_gmt":"2024-02-23T10:46:14","guid":{"rendered":"https:\/\/agiomilano.com\/produkt\/biustonosz-40"},"modified":"2024-06-26T16:19:35","modified_gmt":"2024-06-26T14:19:35","slug":"biustonosz-40","status":"publish","type":"product","link":"https:\/\/agiomilano.com\/en\/produkt\/biustonosz-40","title":{"rendered":"Full Cup Semisoft Bra DB-9145"},"content":{"rendered":"<p>Full cup semisoft bra with a high middle part, well covers the breast from the armpit. The cup at the bottom is made of foam. The upper part is closed with an elastic lace with an additional elastic band at the upper edge.<\/p>\n<p>&nbsp;<\/p>\n","protected":false},"excerpt":{"rendered":"<p>Full cup semisoft bra with a high middle part, well covers the breast from the armpit. The cup at the bottom is made of foam. The upper part is closed with an elastic lace with an additional elastic band at the upper edge. &nbsp;<\/p>\n","protected":false},"featured_media":7314,"comment_status":"open","ping_status":"closed","template":"","meta":{"_acf_changed":false,"_monsterinsights_skip_tracking":false,"_monsterinsights_sitenote_active":false,"_monsterinsights_sitenote_note":"","_monsterinsights_sitenote_category":0},"product_brand":[],"product_cat":[452,828,459,825,463,460,462,829,827,468],"product_tag":[],"class_list":{"0":"post-9962","1":"product","2":"type-product","3":"status-publish","4":"has-post-thumbnail","6":"product_cat-all","7":"product_cat-blue-bras","8":"product_cat-bras","9":"product_cat-colorful-bras","10":"product_cat-cups-e","11":"product_cat-full-cup","12":"product_cat-lace-bras","13":"product_cat-semisoft-bras","14":"product_cat-soft-bras","15":"product_cat-underwire-bras","17":"first","18":"instock","19":"taxable","20":"shipping-taxable","21":"purchasable","22":"product-type-variable"},"acf":[],"yoast_head":"<!-- This site is optimized with the Yoast SEO plugin v26.8 - https:\/\/yoast.com\/product\/yoast-seo-wordpress\/ -->\n<title>Full Cup Semisoft Bra DB-9145 - agiomilano<\/title>\n<meta name=\"description\" content=\"Full cup semisoft bra with a high middle part, well covers the breast from the armpit. The cup at the bottom is made of foam\" \/>\n<meta name=\"robots\" content=\"index, follow, max-snippet:-1, max-image-preview:large, max-video-preview:-1\" \/>\n<link rel=\"canonical\" href=\"https:\/\/agiomilano.com\/en\/produkt\/biustonosz-40\" \/>\n<meta property=\"og:locale\" content=\"en_US\" \/>\n<meta property=\"og:type\" content=\"article\" \/>\n<meta property=\"og:title\" content=\"Full Cup Semisoft Bra DB-9145 - agiomilano\" \/>\n<meta property=\"og:description\" content=\"Full cup semisoft bra with a high middle part, well covers the breast from the armpit. The cup at the bottom is made of foam\" \/>\n<meta property=\"og:url\" content=\"https:\/\/agiomilano.com\/en\/produkt\/biustonosz-40\" \/>\n<meta property=\"og:site_name\" content=\"agiomilano\" \/>\n<meta property=\"article:modified_time\" content=\"2024-06-26T14:19:35+00:00\" \/>\n<meta property=\"og:image\" content=\"https:\/\/agiomilano.com\/wp-content\/uploads\/2024\/02\/biustonosz-damski-polusztywniany-semisoft-koronkowy-turkusowy-db-9145.jpg\" \/>\n\t<meta property=\"og:image:width\" content=\"860\" \/>\n\t<meta property=\"og:image:height\" content=\"1147\" \/>\n\t<meta property=\"og:image:type\" content=\"image\/jpeg\" \/>\n<meta name=\"twitter:card\" content=\"summary_large_image\" \/>\n<meta name=\"twitter:label1\" content=\"Est. reading time\" \/>\n\t<meta name=\"twitter:data1\" content=\"1 minute\" \/>\n<script type=\"application\/ld+json\" class=\"yoast-schema-graph\">{\"@context\":\"https:\/\/schema.org\",\"@graph\":[{\"@type\":\"WebPage\",\"@id\":\"https:\/\/agiomilano.com\/en\/produkt\/biustonosz-40\",\"url\":\"https:\/\/agiomilano.com\/en\/produkt\/biustonosz-40\",\"name\":\"Full Cup Semisoft Bra DB-9145 - agiomilano\",\"isPartOf\":{\"@id\":\"https:\/\/agiomilano.com\/#website\"},\"primaryImageOfPage\":{\"@id\":\"https:\/\/agiomilano.com\/en\/produkt\/biustonosz-40#primaryimage\"},\"image\":{\"@id\":\"https:\/\/agiomilano.com\/en\/produkt\/biustonosz-40#primaryimage\"},\"thumbnailUrl\":\"https:\/\/agiomilano.com\/wp-content\/uploads\/2024\/02\/biustonosz-damski-polusztywniany-semisoft-koronkowy-turkusowy-db-9145.jpg\",\"datePublished\":\"2024-02-23T10:46:14+00:00\",\"dateModified\":\"2024-06-26T14:19:35+00:00\",\"description\":\"Full cup semisoft bra with a high middle part, well covers the breast from the armpit. The cup at the bottom is made of foam\",\"breadcrumb\":{\"@id\":\"https:\/\/agiomilano.com\/en\/produkt\/biustonosz-40#breadcrumb\"},\"inLanguage\":\"en-US\",\"potentialAction\":[{\"@type\":\"ReadAction\",\"target\":[\"https:\/\/agiomilano.com\/en\/produkt\/biustonosz-40\"]}]},{\"@type\":\"ImageObject\",\"inLanguage\":\"en-US\",\"@id\":\"https:\/\/agiomilano.com\/en\/produkt\/biustonosz-40#primaryimage\",\"url\":\"https:\/\/agiomilano.com\/wp-content\/uploads\/2024\/02\/biustonosz-damski-polusztywniany-semisoft-koronkowy-turkusowy-db-9145.jpg\",\"contentUrl\":\"https:\/\/agiomilano.com\/wp-content\/uploads\/2024\/02\/biustonosz-damski-polusztywniany-semisoft-koronkowy-turkusowy-db-9145.jpg\",\"width\":860,\"height\":1147,\"caption\":\"Biustonosz full cup semisoft, mi\u0119kki biustonosz p\u00f3\u0142usztywniany, koronkowy, turkusowy, db-9145\"},{\"@type\":\"BreadcrumbList\",\"@id\":\"https:\/\/agiomilano.com\/en\/produkt\/biustonosz-40#breadcrumb\",\"itemListElement\":[{\"@type\":\"ListItem\",\"position\":1,\"name\":\"Strona g\u0142\u00f3wna\",\"item\":\"https:\/\/agiomilano.com\/en\"},{\"@type\":\"ListItem\",\"position\":2,\"name\":\"Shop\",\"item\":\"https:\/\/agiomilano.com\/en\/shop-2\"},{\"@type\":\"ListItem\",\"position\":3,\"name\":\"All\",\"item\":\"https:\/\/agiomilano.com\/en\/category\/all\"},{\"@type\":\"ListItem\",\"position\":4,\"name\":\"Full Cup Semisoft Bra DB-9145\"}]},{\"@type\":\"WebSite\",\"@id\":\"https:\/\/agiomilano.com\/#website\",\"url\":\"https:\/\/agiomilano.com\/\",\"name\":\"agiomilano\",\"description\":\"Oficjalny sklep online Agio Milano\",\"potentialAction\":[{\"@type\":\"SearchAction\",\"target\":{\"@type\":\"EntryPoint\",\"urlTemplate\":\"https:\/\/agiomilano.com\/?s={search_term_string}\"},\"query-input\":{\"@type\":\"PropertyValueSpecification\",\"valueRequired\":true,\"valueName\":\"search_term_string\"}}],\"inLanguage\":\"en-US\"}]}<\/script>\n<!-- \/ Yoast SEO plugin. -->","yoast_head_json":{"title":"Full Cup Semisoft Bra DB-9145 - agiomilano","description":"Full cup semisoft bra with a high middle part, well covers the breast from the armpit. The cup at the bottom is made of foam","robots":{"index":"index","follow":"follow","max-snippet":"max-snippet:-1","max-image-preview":"max-image-preview:large","max-video-preview":"max-video-preview:-1"},"canonical":"https:\/\/agiomilano.com\/en\/produkt\/biustonosz-40","og_locale":"en_US","og_type":"article","og_title":"Full Cup Semisoft Bra DB-9145 - agiomilano","og_description":"Full cup semisoft bra with a high middle part, well covers the breast from the armpit. The cup at the bottom is made of foam","og_url":"https:\/\/agiomilano.com\/en\/produkt\/biustonosz-40","og_site_name":"agiomilano","article_modified_time":"2024-06-26T14:19:35+00:00","og_image":[{"width":860,"height":1147,"url":"https:\/\/agiomilano.com\/wp-content\/uploads\/2024\/02\/biustonosz-damski-polusztywniany-semisoft-koronkowy-turkusowy-db-9145.jpg","type":"image\/jpeg"}],"twitter_card":"summary_large_image","twitter_misc":{"Est. reading time":"1 minute"},"schema":{"@context":"https:\/\/schema.org","@graph":[{"@type":"WebPage","@id":"https:\/\/agiomilano.com\/en\/produkt\/biustonosz-40","url":"https:\/\/agiomilano.com\/en\/produkt\/biustonosz-40","name":"Full Cup Semisoft Bra DB-9145 - agiomilano","isPartOf":{"@id":"https:\/\/agiomilano.com\/#website"},"primaryImageOfPage":{"@id":"https:\/\/agiomilano.com\/en\/produkt\/biustonosz-40#primaryimage"},"image":{"@id":"https:\/\/agiomilano.com\/en\/produkt\/biustonosz-40#primaryimage"},"thumbnailUrl":"https:\/\/agiomilano.com\/wp-content\/uploads\/2024\/02\/biustonosz-damski-polusztywniany-semisoft-koronkowy-turkusowy-db-9145.jpg","datePublished":"2024-02-23T10:46:14+00:00","dateModified":"2024-06-26T14:19:35+00:00","description":"Full cup semisoft bra with a high middle part, well covers the breast from the armpit. The cup at the bottom is made of foam","breadcrumb":{"@id":"https:\/\/agiomilano.com\/en\/produkt\/biustonosz-40#breadcrumb"},"inLanguage":"en-US","potentialAction":[{"@type":"ReadAction","target":["https:\/\/agiomilano.com\/en\/produkt\/biustonosz-40"]}]},{"@type":"ImageObject","inLanguage":"en-US","@id":"https:\/\/agiomilano.com\/en\/produkt\/biustonosz-40#primaryimage","url":"https:\/\/agiomilano.com\/wp-content\/uploads\/2024\/02\/biustonosz-damski-polusztywniany-semisoft-koronkowy-turkusowy-db-9145.jpg","contentUrl":"https:\/\/agiomilano.com\/wp-content\/uploads\/2024\/02\/biustonosz-damski-polusztywniany-semisoft-koronkowy-turkusowy-db-9145.jpg","width":860,"height":1147,"caption":"Biustonosz full cup semisoft, mi\u0119kki biustonosz p\u00f3\u0142usztywniany, koronkowy, turkusowy, db-9145"},{"@type":"BreadcrumbList","@id":"https:\/\/agiomilano.com\/en\/produkt\/biustonosz-40#breadcrumb","itemListElement":[{"@type":"ListItem","position":1,"name":"Strona g\u0142\u00f3wna","item":"https:\/\/agiomilano.com\/en"},{"@type":"ListItem","position":2,"name":"Shop","item":"https:\/\/agiomilano.com\/en\/shop-2"},{"@type":"ListItem","position":3,"name":"All","item":"https:\/\/agiomilano.com\/en\/category\/all"},{"@type":"ListItem","position":4,"name":"Full Cup Semisoft Bra DB-9145"}]},{"@type":"WebSite","@id":"https:\/\/agiomilano.com\/#website","url":"https:\/\/agiomilano.com\/","name":"agiomilano","description":"Oficjalny sklep online Agio Milano","potentialAction":[{"@type":"SearchAction","target":{"@type":"EntryPoint","urlTemplate":"https:\/\/agiomilano.com\/?s={search_term_string}"},"query-input":{"@type":"PropertyValueSpecification","valueRequired":true,"valueName":"search_term_string"}}],"inLanguage":"en-US"}]}},"_links":{"self":[{"href":"https:\/\/agiomilano.com\/en\/wp-json\/wp\/v2\/product\/9962","targetHints":{"allow":["GET"]}}],"collection":[{"href":"https:\/\/agiomilano.com\/en\/wp-json\/wp\/v2\/product"}],"about":[{"href":"https:\/\/agiomilano.com\/en\/wp-json\/wp\/v2\/types\/product"}],"replies":[{"embeddable":true,"href":"https:\/\/agiomilano.com\/en\/wp-json\/wp\/v2\/comments?post=9962"}],"wp:featuredmedia":[{"embeddable":true,"href":"https:\/\/agiomilano.com\/en\/wp-json\/wp\/v2\/media\/7314"}],"wp:attachment":[{"href":"https:\/\/agiomilano.com\/en\/wp-json\/wp\/v2\/media?parent=9962"}],"wp:term":[{"taxonomy":"product_brand","embeddable":true,"href":"https:\/\/agiomilano.com\/en\/wp-json\/wp\/v2\/product_brand?post=9962"},{"taxonomy":"product_cat","embeddable":true,"href":"https:\/\/agiomilano.com\/en\/wp-json\/wp\/v2\/product_cat?post=9962"},{"taxonomy":"product_tag","embeddable":true,"href":"https:\/\/agiomilano.com\/en\/wp-json\/wp\/v2\/product_tag?post=9962"}],"curies":[{"name":"wp","href":"https:\/\/api.w.org\/{rel}","templated":true}]}}